{"id":32524,"date":"2024-01-25T15:38:22","date_gmt":"2024-01-25T20:38:22","guid":{"rendered":"https:\/\/www.grandsalondeguitare.com\/?post_type=product&#038;p=32524"},"modified":"2025-12-31T13:37:26","modified_gmt":"2025-12-31T18:37:26","slug":"c-508-w-jellinghaus-modelo-114-copy","status":"publish","type":"product","link":"https:\/\/www.grandsalondeguitare.com\/fr\/produit\/c-508-w-jellinghaus-modelo-114-copy\/","title":{"rendered":"C-733, W. Jellinghaus \u00ab\u00a0Simplicio 23\u00a0\u00bb"},"content":{"rendered":"<p>Nouvelle guitare de Wolfgang Jellinghaus<\/p>\n<p>\u00ab Copie Simplicio-1923 Torres\u00a0\u00bb<\/p>\n<p>Echelle de 650 mm<\/p>\n<p>Sillet de 51 mm<\/p>\n<p>Table en \u00e9pic\u00e9a allemande \u00ab\u00a0Moon Cut\u00a0\u00bb<\/p>\n<p>Fond et \u00e9clisses en palissandre Pau Ferro (3 pi\u00e8ces)<\/p>\n<p>Manche en c\u00e8dre<\/p>\n<p>Touche en \u00e9b\u00e8ne<\/p>\n<p>Rosaces en bois<\/p>\n<p>Tornavoz<\/p>\n<p>Placage de la tete en Pau Ferro<\/p>\n<p>Sillets en os<\/p>\n<p>Mecaniques Der Jung 1:18<\/p>\n<p>Finition au tampon en polis Fran\u00e7ais<\/p>\n<p>\u00c9galement disponible en aspect vieilli\/relique<\/p>\n<p>\u00c9tui rigide sur mesure inclus<\/p>\n<p>&nbsp;<\/p>\n<p>La longueur totale de la guitare est de 98,5 cm \/ 38,77 pouces<\/p>\n<p>La longueur du corps est de 47,5 cm \/ 18,70 pouces<\/p>\n<p>Le bout sup\u00e9rieur mesure 26,5 cm \/ 10,43 pouces<\/p>\n<p>Le bout inf\u00e9rieur est de 35 cm \/ 13,77 pouces<\/p>\n<p>La largeur est de 9 cm \/ 3,54 pouces<\/p>\n<p>Le poids de la guitare est de 1,4 kg \/ 3,08 lb<\/p>\n<p>&nbsp;<\/p>\n<p>Veuillez noter que des photos d&rsquo;archives sont utilis\u00e9es pour la liste de ce mod\u00e8le, la guitare exacte illustr\u00e9e n&rsquo;est plus disponible, la nouvelle guitare propos\u00e9e sera l\u00e9g\u00e8rement diff\u00e9rente des photos actuelles\u2026<\/p>\n<p>&nbsp;<\/p>\n<p>Fabriqu\u00e9 au Milestone Luthier Center, fond\u00e9 en 2013 par Wolfgang Jellinghaus &amp; Michael Zhang.<\/p>\n<p>L&rsquo;objectif du Milestone Luthier Center est de reconstruire l&rsquo;histoire de la fabrication de guitares classiques en s\u00e9lectionnant six ma\u00eetres luthiers diff\u00e9rents des 230 derni\u00e8res ann\u00e9es qui ont \u00e9tabli de nouvelles normes pour la fabrication de guitares en termes de construction et de son.<\/p>\n<p>Le centre de R &amp; D est \u00e0 Dortmund en Allemagne et l&rsquo;atelier de fabrication de guitares est \u00e0 Guangzhou en Chine<\/p>\n<p>Nous sommes fiers d&rsquo;\u00eatre le revendeur canadien officiel des guitares Wolfgang Jellinghaus<\/p>\n","protected":false},"excerpt":{"rendered":"[youtube v=W2zwvSb8JSQ maxwidth=\"800px\"]\n<p>&nbsp;<\/p>\n<p>R\u00e9plique exacte du mod\u00e8le Simplicio Torres de 1923 appartenant \u00e0 Wolfgang Jellinghaus !!!<\/p>\n<p>Un incontournable pour tous ceux qui cherchent \u00e0 poss\u00e9der un exemplaire de ce superbe mod\u00e8le Simplicio Torres<\/p>\n<p>Une guitare magnifique avec un beau timbre, un excellent savoir-faire et une excellente jouabilit\u00e9<\/p>\n<p>Une \u0153uvre d&rsquo;art&#8230;<\/p>\n","protected":false},"featured_media":32526,"comment_status":"closed","ping_status":"closed","template":"","meta":{"_mo_disable_npp":""},"product_brand":[],"product_cat":[1058,1057],"product_tag":[],"class_list":{"0":"post-32524","1":"product","2":"type-product","3":"status-publish","4":"has-post-thumbnail","6":"product_cat-guitares","7":"product_cat-guitares-classique","8":"sales-flash-overlay","9":"woocommerce-text-align-left","10":"woocommerce-image-align-center","11":"do-quantity-buttons","12":"wc-has-gallery","14":"first","15":"instock","16":"taxable","17":"shipping-taxable","18":"purchasable","19":"product-type-simple"},"_links":{"self":[{"href":"https:\/\/www.grandsalondeguitare.com\/fr\/wp-json\/wp\/v2\/product\/32524","targetHints":{"allow":["GET"]}}],"collection":[{"href":"https:\/\/www.grandsalondeguitare.com\/fr\/wp-json\/wp\/v2\/product"}],"about":[{"href":"https:\/\/www.grandsalondeguitare.com\/fr\/wp-json\/wp\/v2\/types\/product"}],"replies":[{"embeddable":true,"href":"https:\/\/www.grandsalondeguitare.com\/fr\/wp-json\/wp\/v2\/comments?post=32524"}],"wp:featuredmedia":[{"embeddable":true,"href":"https:\/\/www.grandsalondeguitare.com\/fr\/wp-json\/wp\/v2\/media\/32526"}],"wp:attachment":[{"href":"https:\/\/www.grandsalondeguitare.com\/fr\/wp-json\/wp\/v2\/media?parent=32524"}],"wp:term":[{"taxonomy":"product_brand","embeddable":true,"href":"https:\/\/www.grandsalondeguitare.com\/fr\/wp-json\/wp\/v2\/product_brand?post=32524"},{"taxonomy":"product_cat","embeddable":true,"href":"https:\/\/www.grandsalondeguitare.com\/fr\/wp-json\/wp\/v2\/product_cat?post=32524"},{"taxonomy":"product_tag","embeddable":true,"href":"https:\/\/www.grandsalondeguitare.com\/fr\/wp-json\/wp\/v2\/product_tag?post=32524"}],"curies":[{"name":"wp","href":"https:\/\/api.w.org\/{rel}","templated":true}]}}