{"id":32465,"date":"2024-01-24T15:37:15","date_gmt":"2024-01-24T20:37:15","guid":{"rendered":"https:\/\/www.grandsalondeguitare.com\/?post_type=product&#038;p=32465"},"modified":"2024-01-24T16:11:56","modified_gmt":"2024-01-24T21:11:56","slug":"a-347-la-bella-jazz-flats-20-pl","status":"publish","type":"product","link":"https:\/\/www.grandsalondeguitare.com\/fr\/produit\/a-347-la-bella-jazz-flats-20-pl\/","title":{"rendered":"A-347, La Bella Jazz Flats, 20-PL"},"content":{"rendered":"<p>Les Jazz Flats\u00ae LaBella en acier inoxydable ont \u00e9t\u00e9 d\u00e9velopp\u00e9s par les meilleurs guitaristes de jazz du monde.<\/p>\n<p>Chaque corde est enroul\u00e9e et polie \u00e0 la main par nos artisans de New York, ce qui donne une surface ultra lisse \u00e9liminant les bruits de doigts et les grincements.<\/p>\n<p>Optimis\u00e9s avec un contenu magn\u00e9tique \u00e9lev\u00e9 pour une sortie \u00e9lectronique accrue, les La Bella Jazz Flats\u00ae ont un son tr\u00e8s brillant et une longue dur\u00e9e de vie.<\/p>\n<p>Nous avons r\u00e9cemment am\u00e9lior\u00e9 la construction de nos cordes pour s&rsquo;adapter \u00e0 davantage de mod\u00e8les et \u00e9viter les harmoniques.<\/p>\n<p>\u00ab\u00a0Flat Wound\u00a0\u00bb en acier inoxydable<br \/>\nTension\u00a0: Light<br \/>\nJauges de cordes\u00a0: .011, .015, .020W, .028, .039, .050<br \/>\nAcier Extra Plain 3\u00e8me \/ G (.018\u2033) inclus dans cet ensemble<br \/>\nLongueur de la plaie de 31,5\u00a0\u2033 (distance de l\u2019extr\u00e9mit\u00e9 de la boule \u00e0 la soie)<br \/>\nFabriqu\u00e9 aux \u00c9tats-Unis avec American Wire<br \/>\nEmball\u00e9 \u00e0 l&rsquo;aide de la technologie MAP (Modified Atmosphere Packaging) pour \u00e9viter le ternissement et garantir la fra\u00eecheur.<\/p>\n<p>INSTRUCTIONS D&rsquo;INSTALLATION IMPORTANTES\u00a0: Installez la partie en soie de la corde \u00e0 l&rsquo;int\u00e9rieur de la tige d&rsquo;accordage, puis amenez lentement la corde \u00e0 la tension\/au pas. La partie m\u00e9tallique de la corde peut maintenant s&rsquo;enrouler autour du poteau, \u00e0 condition que l&rsquo;extr\u00e9mit\u00e9 en soie soit d&rsquo;abord install\u00e9e \u00e0 l&rsquo;int\u00e9rieur du trou d&rsquo;accordage.<\/p>\n<p>Cordes de guitare \u00e9lectrique \u00e0 fil plat en acier inoxydable La Bella aujourd&rsquo;hui, comme lors du boom de la guitare des ann\u00e9es 1950, La Bella continue de fabriquer les meilleures cordes pour les meilleurs joueurs de pop, rock, fusion et jazz.<\/p>\n<p>Ces cordes de guitare \u00e9lectrique \u00e0 fil plat sont des jeux parfaitement \u00e9quilibr\u00e9s fabriqu\u00e9s \u00e0 partir des meilleurs mat\u00e9riaux disponibles.<\/p>\n","protected":false},"excerpt":{"rendered":"<p>\u00ab\u00a0Light\u00a0\u00bb<\/p>\n<p>Set Complet, N0-20-PL<\/p>\n<p>\u00ab\u00a0Flat Wound\u00a0\u00bb en acier inoxydable<\/p>\n<p>11 \u2013 15 \u2013 20W \u2013 28 \u2013 39 \u2013 50<\/p>\n","protected":false},"featured_media":32468,"comment_status":"closed","ping_status":"closed","template":"","meta":{"_mo_disable_npp":""},"product_brand":[],"product_cat":[1052,1054],"product_tag":[],"class_list":{"0":"post-32465","1":"product","2":"type-product","3":"status-publish","4":"has-post-thumbnail","6":"product_cat-accessoires","7":"product_cat-cordes","8":"sales-flash-overlay","9":"woocommerce-text-align-left","10":"woocommerce-image-align-center","11":"do-quantity-buttons","13":"first","14":"instock","15":"taxable","16":"shipping-taxable","17":"purchasable","18":"product-type-simple"},"_links":{"self":[{"href":"https:\/\/www.grandsalondeguitare.com\/fr\/wp-json\/wp\/v2\/product\/32465","targetHints":{"allow":["GET"]}}],"collection":[{"href":"https:\/\/www.grandsalondeguitare.com\/fr\/wp-json\/wp\/v2\/product"}],"about":[{"href":"https:\/\/www.grandsalondeguitare.com\/fr\/wp-json\/wp\/v2\/types\/product"}],"replies":[{"embeddable":true,"href":"https:\/\/www.grandsalondeguitare.com\/fr\/wp-json\/wp\/v2\/comments?post=32465"}],"wp:featuredmedia":[{"embeddable":true,"href":"https:\/\/www.grandsalondeguitare.com\/fr\/wp-json\/wp\/v2\/media\/32468"}],"wp:attachment":[{"href":"https:\/\/www.grandsalondeguitare.com\/fr\/wp-json\/wp\/v2\/media?parent=32465"}],"wp:term":[{"taxonomy":"product_brand","embeddable":true,"href":"https:\/\/www.grandsalondeguitare.com\/fr\/wp-json\/wp\/v2\/product_brand?post=32465"},{"taxonomy":"product_cat","embeddable":true,"href":"https:\/\/www.grandsalondeguitare.com\/fr\/wp-json\/wp\/v2\/product_cat?post=32465"},{"taxonomy":"product_tag","embeddable":true,"href":"https:\/\/www.grandsalondeguitare.com\/fr\/wp-json\/wp\/v2\/product_tag?post=32465"}],"curies":[{"name":"wp","href":"https:\/\/api.w.org\/{rel}","templated":true}]}}