{"id":32343,"date":"2024-01-12T15:48:08","date_gmt":"2024-01-12T20:48:08","guid":{"rendered":"https:\/\/www.grandsalondeguitare.com\/?post_type=product&#038;p=32343"},"modified":"2024-01-12T17:43:19","modified_gmt":"2024-01-12T22:43:19","slug":"c-720-otto-vowinkel-amsterdam-copy","status":"publish","type":"product","link":"https:\/\/www.grandsalondeguitare.com\/fr\/produit\/c-720-otto-vowinkel-amsterdam-copy\/","title":{"rendered":"C-730, Andrea Marcellan (Italie)"},"content":{"rendered":"<p>Nouvelle guitare classique de concert<\/p>\n<p>Mod\u00e8le AMPB 75<\/p>\n<p>D&rsquo;apr\u00e8s\u00a0Paulino Bernab\u00e9 (Torres-1845)<\/p>\n<p>Guitare N-75<\/p>\n<p>Fabriqu\u00e9 en 2023<\/p>\n<p>\u00c9chelle de 640\u00a0mm avec sillet de 51\u00a0mm<\/p>\n<p>Table en c\u00e8dre (\u00e2g\u00e9e de 20 ans)<\/p>\n<p>Fond et \u00e9clisses en palissandre de Madagascar (\u00e2g\u00e9 de 30 ans)<\/p>\n<p>Manche en acajou<\/p>\n<p>Touche et placage de la t\u00eate en \u00e9b\u00e8ne\u00a0<\/p>\n<p>Frettes Sintoms (nickel-argent)<\/p>\n<p>Reliures en palissandre de Madagascar<\/p>\n<p>Chevalet en palissandre Indien<\/p>\n<p>M\u00e9caniques Rubner Grandtune avec boutons en bois de serpent<\/p>\n<p>Finition au tampon en polis Fran\u00e7ais<\/p>\n<p>\u00c9tui en fibre de verre sur mesure inclus<\/p>\n<p>&nbsp;<\/p>\n<p>Le poids de la guitare est de 1,70 kg \/ 3,747 lbs<\/p>\n<p>La longueur totale de la guitare est de 96,5 cm \/ 38,58 pouces<\/p>\n<p>La longueur du corps est de 46 cm \/ 18,11 pouces<\/p>\n<p>Le bout sup\u00e9rieur mesure 26,5 cm \/ 10,43 pouces<\/p>\n<p>Le bout inf\u00e9rieur est de 34,3 cm \/ 13,50 pouces<\/p>\n<p>La profondeur du corps est de 10,15 cm\/ 4 pouces<\/p>\n","protected":false},"excerpt":{"rendered":"<p>Directement d&rsquo;Italie, notre premi\u00e8re guitare du luthier Andrea Marcellan !!!<\/p>\n<p>Cette guitare est bas\u00e9e sur le mod\u00e8le Torres-1845 de Paulino Bernabe<\/p>\n<p>Andrea a d\u00e9velopp\u00e9 un mod\u00e8le de barrage de type Torres ax\u00e9 sur le sustain, la clart\u00e9 et un son tr\u00e8s riche !!!<\/p>\n<p>L\u00e9ger et si confortable \u00e0 tenir offrant une excellente jouabilit\u00e9 et une projection de niveau concert !!!<\/p>\n<p>Un essaie s&rsquo;impose !!!<\/p>\n","protected":false},"featured_media":32345,"comment_status":"closed","ping_status":"closed","template":"","meta":{"_mo_disable_npp":""},"product_brand":[],"product_cat":[1058,1057],"product_tag":[],"class_list":{"0":"post-32343","1":"product","2":"type-product","3":"status-publish","4":"has-post-thumbnail","6":"product_cat-guitares","7":"product_cat-guitares-classique","8":"sales-flash-overlay","9":"woocommerce-text-align-left","10":"woocommerce-image-align-center","11":"do-quantity-buttons","12":"wc-has-gallery","14":"first","15":"outofstock","16":"taxable","17":"shipping-taxable","18":"product-type-simple"},"_links":{"self":[{"href":"https:\/\/www.grandsalondeguitare.com\/fr\/wp-json\/wp\/v2\/product\/32343","targetHints":{"allow":["GET"]}}],"collection":[{"href":"https:\/\/www.grandsalondeguitare.com\/fr\/wp-json\/wp\/v2\/product"}],"about":[{"href":"https:\/\/www.grandsalondeguitare.com\/fr\/wp-json\/wp\/v2\/types\/product"}],"replies":[{"embeddable":true,"href":"https:\/\/www.grandsalondeguitare.com\/fr\/wp-json\/wp\/v2\/comments?post=32343"}],"wp:featuredmedia":[{"embeddable":true,"href":"https:\/\/www.grandsalondeguitare.com\/fr\/wp-json\/wp\/v2\/media\/32345"}],"wp:attachment":[{"href":"https:\/\/www.grandsalondeguitare.com\/fr\/wp-json\/wp\/v2\/media?parent=32343"}],"wp:term":[{"taxonomy":"product_brand","embeddable":true,"href":"https:\/\/www.grandsalondeguitare.com\/fr\/wp-json\/wp\/v2\/product_brand?post=32343"},{"taxonomy":"product_cat","embeddable":true,"href":"https:\/\/www.grandsalondeguitare.com\/fr\/wp-json\/wp\/v2\/product_cat?post=32343"},{"taxonomy":"product_tag","embeddable":true,"href":"https:\/\/www.grandsalondeguitare.com\/fr\/wp-json\/wp\/v2\/product_tag?post=32343"}],"curies":[{"name":"wp","href":"https:\/\/api.w.org\/{rel}","templated":true}]}}