{"id":32259,"date":"2023-12-23T17:31:09","date_gmt":"2023-12-23T22:31:09","guid":{"rendered":"https:\/\/www.grandsalondeguitare.com\/?post_type=product&#038;p=32259"},"modified":"2025-10-21T09:25:33","modified_gmt":"2025-10-21T14:25:33","slug":"c-729-martin-blackwell-canada","status":"publish","type":"product","link":"https:\/\/www.grandsalondeguitare.com\/fr\/produit\/c-729-martin-blackwell-canada\/","title":{"rendered":"C-729, Martin Blackwell (Canada)"},"content":{"rendered":"<p>Nouvelle guitare classique de concert<\/p>\n<p>Achev\u00e9 en d\u00e9cembre 2023<\/p>\n<p>N-229<\/p>\n<p>\u00c9chelle de 650\u00a0mm avec sillet de 52\u00a0mm<\/p>\n<p>\u00ab\u00a0Table double en c\u00e8dre\u00a0\u00bb<\/p>\n<p>Noyau interne mixte Balsa\/Nomex<\/p>\n<p>5 barres en \u00e9ventail<\/p>\n<p>Fond et \u00e9clisses en palissandre indien<\/p>\n<p>Manche en c\u00e8dre sur\u00e9lev\u00e9<\/p>\n<p>Touche en \u00e9b\u00e8ne avec 20\u00e8me frette<\/p>\n<p>Reliures en palissandre<\/p>\n<p>Repose-bras<\/p>\n<p>M\u00e9caniques Barnett<\/p>\n<p>Finition en polis fran\u00e7ais sur la table d&rsquo;harmonie<\/p>\n<p>Finition au laque sur le reste de la guitare<\/p>\n<p>\u00c9tui Hiscox Liteflite Pro II inclus<\/p>\n<p>&nbsp;<\/p>\n<p>Le poids de la guitare est de 1,5 kg \/ 3,30 lbs<\/p>\n<p>Mesure 99,695 cm \/ 39,25 pouces de hauteur<\/p>\n<p>La longueur du corps est de 48,5 cm \/ 19,09 pouces<\/p>\n<p>La profondeur du corps est de 10,16 cm \/ 4 pouces<\/p>\n<p>Le bout sup\u00e9rieur mesure 28,5\u00a0cm\u00a0\/\u00a011,22\u00a0pouces<\/p>\n<p>Le bout inf\u00e9rieur est de 37,5 cm \/ 14,76 pouces<\/p>\n","protected":false},"excerpt":{"rendered":"<p>Nouvelle double table en c\u00e8dre<\/p>\n<p>Guitare N-229, achev\u00e9 en d\u00e9cembre 2023<\/p>\n","protected":false},"featured_media":32261,"comment_status":"open","ping_status":"closed","template":"","meta":{"_mo_disable_npp":""},"product_brand":[],"product_cat":[2257,1058,1057],"product_tag":[],"class_list":{"0":"post-32259","1":"product","2":"type-product","3":"status-publish","4":"has-post-thumbnail","6":"product_cat-double-tables","7":"product_cat-guitares","8":"product_cat-guitares-classique","9":"sales-flash-overlay","10":"woocommerce-text-align-left","11":"woocommerce-image-align-center","12":"do-quantity-buttons","13":"wc-has-gallery","15":"first","16":"outofstock","17":"taxable","18":"shipping-taxable","19":"product-type-simple"},"_links":{"self":[{"href":"https:\/\/www.grandsalondeguitare.com\/fr\/wp-json\/wp\/v2\/product\/32259","targetHints":{"allow":["GET"]}}],"collection":[{"href":"https:\/\/www.grandsalondeguitare.com\/fr\/wp-json\/wp\/v2\/product"}],"about":[{"href":"https:\/\/www.grandsalondeguitare.com\/fr\/wp-json\/wp\/v2\/types\/product"}],"replies":[{"embeddable":true,"href":"https:\/\/www.grandsalondeguitare.com\/fr\/wp-json\/wp\/v2\/comments?post=32259"}],"wp:featuredmedia":[{"embeddable":true,"href":"https:\/\/www.grandsalondeguitare.com\/fr\/wp-json\/wp\/v2\/media\/32261"}],"wp:attachment":[{"href":"https:\/\/www.grandsalondeguitare.com\/fr\/wp-json\/wp\/v2\/media?parent=32259"}],"wp:term":[{"taxonomy":"product_brand","embeddable":true,"href":"https:\/\/www.grandsalondeguitare.com\/fr\/wp-json\/wp\/v2\/product_brand?post=32259"},{"taxonomy":"product_cat","embeddable":true,"href":"https:\/\/www.grandsalondeguitare.com\/fr\/wp-json\/wp\/v2\/product_cat?post=32259"},{"taxonomy":"product_tag","embeddable":true,"href":"https:\/\/www.grandsalondeguitare.com\/fr\/wp-json\/wp\/v2\/product_tag?post=32259"}],"curies":[{"name":"wp","href":"https:\/\/api.w.org\/{rel}","templated":true}]}}