{"id":32256,"date":"2023-12-22T16:34:54","date_gmt":"2023-12-22T21:34:54","guid":{"rendered":"https:\/\/www.grandsalondeguitare.com\/?post_type=product&#038;p=32256"},"modified":"2024-01-17T13:36:59","modified_gmt":"2024-01-17T18:36:59","slug":"f-728-jose-ramirez-1a-spain","status":"publish","type":"product","link":"https:\/\/www.grandsalondeguitare.com\/fr\/produit\/f-728-jose-ramirez-1a-spain\/","title":{"rendered":"F-728, Jose Ramirez 1a (Espagne)"},"content":{"rendered":"<p>Guitare Flamenca Blanca de Concert<\/p>\n<p>Mod\u00e8le 1a<\/p>\n<p>Fabriqu\u00e9 en 1978<\/p>\n<p>N-12296<\/p>\n<p>Sillet de 53mm<\/p>\n<p>Echelle de 650 mm<\/p>\n<p>Table en \u00e9pic\u00e9a europ\u00e9en<\/p>\n<p>Dos et \u00e9clisses en cypr\u00e8s massif<\/p>\n<p>Manche en c\u00e8dre<\/p>\n<p>Touche en \u00e9b\u00e8ne<\/p>\n<p>M\u00e9caniques Fustero originales<\/p>\n<p>Finition laqu\u00e9e<\/p>\n<p>\u00c9tui rigide d&rsquo;origine inclus<\/p>\n<p>&nbsp;<\/p>\n<p>La longueur totale de la guitare est de 98 cm\/ 38,58 pouces<\/p>\n<p>La longueur du corps est de 48,5 cm \/ 19,09 pouces<\/p>\n<p>La profondeur du corps est de 9,5 cm \/ 3,74 pouces<\/p>\n<p>Le bout sup\u00e9rieur mesure 27,5 cm \/ 10,826 pouces<\/p>\n<p>Le bout inf\u00e9rieur est de 36,5 cm \/ 14,37 pouces<\/p>\n<p>Le poids de la guitare est de 1,3 kg \/ 2,8 lb<\/p>\n","protected":false},"excerpt":{"rendered":"<p>Flamenca blanca \u00e0 l&rsquo;\u00e9chelle standard de 650 mm fabriqu\u00e9e en 1978 !!!<\/p>\n<p>En excellent \u00e9tat !!!<\/p>\n<p>Facile a jouer avec un super beau timbre&#8230;<\/p>\n<p>Un essaie s&rsquo;impose&#8230;<\/p>\n","protected":false},"featured_media":32207,"comment_status":"closed","ping_status":"closed","template":"","meta":{"_mo_disable_npp":""},"product_brand":[],"product_cat":[1058,1053],"product_tag":[2064,2065,2066],"class_list":{"0":"post-32256","1":"product","2":"type-product","3":"status-publish","4":"has-post-thumbnail","6":"product_cat-guitares","7":"product_cat-guitares-flamenco","8":"product_tag-1a-flamenca-blanca-fr","9":"product_tag-ramirez-1a-flamenca-fr","10":"product_tag-ramirez-spain-concert-guitars-fr","11":"sales-flash-overlay","12":"woocommerce-text-align-left","13":"woocommerce-image-align-center","14":"do-quantity-buttons","15":"wc-has-gallery","17":"first","18":"outofstock","19":"taxable","20":"shipping-taxable","21":"product-type-simple"},"_links":{"self":[{"href":"https:\/\/www.grandsalondeguitare.com\/fr\/wp-json\/wp\/v2\/product\/32256","targetHints":{"allow":["GET"]}}],"collection":[{"href":"https:\/\/www.grandsalondeguitare.com\/fr\/wp-json\/wp\/v2\/product"}],"about":[{"href":"https:\/\/www.grandsalondeguitare.com\/fr\/wp-json\/wp\/v2\/types\/product"}],"replies":[{"embeddable":true,"href":"https:\/\/www.grandsalondeguitare.com\/fr\/wp-json\/wp\/v2\/comments?post=32256"}],"wp:featuredmedia":[{"embeddable":true,"href":"https:\/\/www.grandsalondeguitare.com\/fr\/wp-json\/wp\/v2\/media\/32207"}],"wp:attachment":[{"href":"https:\/\/www.grandsalondeguitare.com\/fr\/wp-json\/wp\/v2\/media?parent=32256"}],"wp:term":[{"taxonomy":"product_brand","embeddable":true,"href":"https:\/\/www.grandsalondeguitare.com\/fr\/wp-json\/wp\/v2\/product_brand?post=32256"},{"taxonomy":"product_cat","embeddable":true,"href":"https:\/\/www.grandsalondeguitare.com\/fr\/wp-json\/wp\/v2\/product_cat?post=32256"},{"taxonomy":"product_tag","embeddable":true,"href":"https:\/\/www.grandsalondeguitare.com\/fr\/wp-json\/wp\/v2\/product_tag?post=32256"}],"curies":[{"name":"wp","href":"https:\/\/api.w.org\/{rel}","templated":true}]}}