{"id":32079,"date":"2023-12-08T16:28:14","date_gmt":"2023-12-08T21:28:14","guid":{"rendered":"https:\/\/www.grandsalondeguitare.com\/?post_type=product&#038;p=32079"},"modified":"2026-01-17T13:05:42","modified_gmt":"2026-01-17T18:05:42","slug":"c-478-jeremy-clark-canada-copy","status":"publish","type":"product","link":"https:\/\/www.grandsalondeguitare.com\/fr\/produit\/c-478-jeremy-clark-canada-copy\/","title":{"rendered":"C-726, Jeremy Clark (Canada)"},"content":{"rendered":"<p>Guitare classique de concert<\/p>\n<p>N-198<\/p>\n<p>Fabriqu\u00e9 en 2023<\/p>\n<p>Mod\u00e8le \u00e0 frettes multi-\u00e9chelles<\/p>\n<p>\u00c9chelle de 650 mm c\u00f4t\u00e9 grave et 640 mm c\u00f4t\u00e9 aigu<\/p>\n<p>Table en \u00e9pic\u00e9a Engelmann<\/p>\n<p>Goncalo Alves dos et \u00e9clisses (Tigerwood)<\/p>\n<p>Manche en cerisier sur\u00e9lev\u00e9 r\u00e9glable<\/p>\n<p>Touche Blackwood Tek<\/p>\n<p>Pont en noyer noire<\/p>\n<p>Tornavoz en noyer P\u00e9ruvien<\/p>\n<p>Port de son<\/p>\n<p>M\u00e9caniques Gotoh premium 510 avec rouleaux noirs et boutons en \u00e9b\u00e8ne<\/p>\n<p>Dessus\u00a0au tampon\u00a0en polis Fran\u00e7ais<\/p>\n<p>Finition polyur\u00e9thane satin\u00e9e sur le reste de la guitare<\/p>\n<p>\u00c9tui rigide inclus<\/p>\n<p>&nbsp;<\/p>\n<p>La longueur totale de la guitare est de 100 cm \/ 39,37 pouces<\/p>\n<p>La longueur du corps est de 48,5 cm \/ 19,29 pouces<\/p>\n<p>Le bout sup\u00e9rieur est de 27,5 cm \/ 10,826 pouces<\/p>\n<p>Le bout inf\u00e9rieur est de 36 cm \/ 14,17 pouces<\/p>\n<p>La largeur est de 9,2 cm \/ 3,622 pouces<\/p>\n<p>Le poids de la guitare est de 1,85 kg \/ 4,07 lb<\/p>\n","protected":false},"excerpt":{"rendered":"[youtube v=R2sH5sq2NNo maxwidth=\"800px\"]\n<p>&nbsp;<\/p>\n<p>Voix chant\u00e9e, jouabilit\u00e9 et savoir-faire fantastiques sur ce tout nouveau mod\u00e8le multi-\u00e9chelles<\/p>\n<p>Beaucoup de profondeur, \u00e9quilibre, sustain avec projection de niveau concert<\/p>\n<p>Goncalo Alves (bois de tigre) tout simplement exquis sur le dos et les c\u00f4t\u00e9s<\/p>\n<p>Un essaie s&rsquo;impose<\/p>\n","protected":false},"featured_media":32081,"comment_status":"closed","ping_status":"closed","template":"","meta":{"_mo_disable_npp":""},"product_brand":[],"product_cat":[1058,1057],"product_tag":[1915,1916,1917,1918,1919],"class_list":{"0":"post-32079","1":"product","2":"type-product","3":"status-publish","4":"has-post-thumbnail","6":"product_cat-guitares","7":"product_cat-guitares-classique","8":"product_tag-52-instruments-classical-guitars-montreal-canada-fr","9":"product_tag-adjustable-bolted-neck-guitars-fr","10":"product_tag-fan-fretted-multi-scale-guitars-montreal-fr","11":"product_tag-jeremy-clark-luthier-montreal-canada-fr","12":"product_tag-maple-back-and-sides-classical-guitars-fr","13":"sales-flash-overlay","14":"woocommerce-text-align-left","15":"woocommerce-image-align-center","16":"do-quantity-buttons","17":"wc-has-gallery","19":"first","20":"instock","21":"downloadable","22":"taxable","23":"shipping-taxable","24":"purchasable","25":"product-type-simple"},"_links":{"self":[{"href":"https:\/\/www.grandsalondeguitare.com\/fr\/wp-json\/wp\/v2\/product\/32079","targetHints":{"allow":["GET"]}}],"collection":[{"href":"https:\/\/www.grandsalondeguitare.com\/fr\/wp-json\/wp\/v2\/product"}],"about":[{"href":"https:\/\/www.grandsalondeguitare.com\/fr\/wp-json\/wp\/v2\/types\/product"}],"replies":[{"embeddable":true,"href":"https:\/\/www.grandsalondeguitare.com\/fr\/wp-json\/wp\/v2\/comments?post=32079"}],"wp:featuredmedia":[{"embeddable":true,"href":"https:\/\/www.grandsalondeguitare.com\/fr\/wp-json\/wp\/v2\/media\/32081"}],"wp:attachment":[{"href":"https:\/\/www.grandsalondeguitare.com\/fr\/wp-json\/wp\/v2\/media?parent=32079"}],"wp:term":[{"taxonomy":"product_brand","embeddable":true,"href":"https:\/\/www.grandsalondeguitare.com\/fr\/wp-json\/wp\/v2\/product_brand?post=32079"},{"taxonomy":"product_cat","embeddable":true,"href":"https:\/\/www.grandsalondeguitare.com\/fr\/wp-json\/wp\/v2\/product_cat?post=32079"},{"taxonomy":"product_tag","embeddable":true,"href":"https:\/\/www.grandsalondeguitare.com\/fr\/wp-json\/wp\/v2\/product_tag?post=32079"}],"curies":[{"name":"wp","href":"https:\/\/api.w.org\/{rel}","templated":true}]}}