{"id":31945,"date":"2023-11-16T16:26:09","date_gmt":"2023-11-16T21:26:09","guid":{"rendered":"https:\/\/www.grandsalondeguitare.com\/?post_type=product&#038;p=31945"},"modified":"2023-12-13T11:04:31","modified_gmt":"2023-12-13T16:04:31","slug":"c-708-david-ryer-canada-copy","status":"publish","type":"product","link":"https:\/\/www.grandsalondeguitare.com\/fr\/produit\/c-708-david-ryer-canada-copy\/","title":{"rendered":"C-724, David Mirumyan (Armenie)"},"content":{"rendered":"<p>Nouvelle guitare classique<\/p>\n<p>\u00ab\u00a0Anuch\u00a0\u00bb<\/p>\n<p>N-23.3<\/p>\n<p>Ann\u00e9e 2023<\/p>\n<p>Longueur d&rsquo;\u00e9chelle de 650 mm avec sillet de 52 mm<\/p>\n<p>Table en \u00e9pic\u00e9a alpin<\/p>\n<p>Dos et \u00e9clisses en \u00e9b\u00e8ne exotique<\/p>\n<p>Manche en acajou avec renfort en \u00e9rable<\/p>\n<p>Touche et sillet en \u00e9b\u00e8ne africain<\/p>\n<p>Placage de la tete en \u00e9b\u00e8ne exotique<\/p>\n<p>Reliures en \u00e9rable<\/p>\n<p>M\u00e9caniques Gotoh 35G1800<\/p>\n<p>Finition au tampon en polis Fran\u00e7ais\u00a0<\/p>\n<p>\u00c9tui rigide inclus<\/p>\n<p>&nbsp;<\/p>\n<p>Le poids de la guitare est de 1,70 kg \/ 3,747 lbs<\/p>\n<p>La longueur du corps est de 48,5 cm \/ 19,09 pouces<\/p>\n<p>Le bout sup\u00e9rieur mesure 27,5 cm \/ 10,83 pouces<\/p>\n<p>Le bout inf\u00e9rieur est de 36,5 cm \/ 14,37 pouces<\/p>\n<p>La profondeur du corps est de 9,4 cm\/ 3,7 pouces<\/p>\n","protected":false},"excerpt":{"rendered":"[youtube v=fm23qMWG-9g maxwidth=\"800px\"]\n<p>&nbsp;<\/p>\n<p>Notre premi\u00e8re guitare du luthier Arm\u00e9nien David Mirumyan est arriv\u00e9e !!!<\/p>\n<p>Magnifique dos et \u00e9clisses en \u00e9b\u00e8ne exotique !!!<\/p>\n<p>Facile \u00e0 jouer offrant une excellente voix chant\u00e9e, \u00e9quilibre et sustain&#8230;<\/p>\n<p>Un essaie s&rsquo;impose !!!<br \/>\n\u200b<\/p>\n","protected":false},"featured_media":31994,"comment_status":"closed","ping_status":"closed","template":"","meta":{"_mo_disable_npp":""},"product_brand":[],"product_cat":[1058,1057],"product_tag":[],"class_list":{"0":"post-31945","1":"product","2":"type-product","3":"status-publish","4":"has-post-thumbnail","6":"product_cat-guitares","7":"product_cat-guitares-classique","8":"sales-flash-overlay","9":"woocommerce-text-align-left","10":"woocommerce-image-align-center","11":"do-quantity-buttons","12":"wc-has-gallery","14":"first","15":"outofstock","16":"taxable","17":"shipping-taxable","18":"product-type-simple"},"_links":{"self":[{"href":"https:\/\/www.grandsalondeguitare.com\/fr\/wp-json\/wp\/v2\/product\/31945","targetHints":{"allow":["GET"]}}],"collection":[{"href":"https:\/\/www.grandsalondeguitare.com\/fr\/wp-json\/wp\/v2\/product"}],"about":[{"href":"https:\/\/www.grandsalondeguitare.com\/fr\/wp-json\/wp\/v2\/types\/product"}],"replies":[{"embeddable":true,"href":"https:\/\/www.grandsalondeguitare.com\/fr\/wp-json\/wp\/v2\/comments?post=31945"}],"wp:featuredmedia":[{"embeddable":true,"href":"https:\/\/www.grandsalondeguitare.com\/fr\/wp-json\/wp\/v2\/media\/31994"}],"wp:attachment":[{"href":"https:\/\/www.grandsalondeguitare.com\/fr\/wp-json\/wp\/v2\/media?parent=31945"}],"wp:term":[{"taxonomy":"product_brand","embeddable":true,"href":"https:\/\/www.grandsalondeguitare.com\/fr\/wp-json\/wp\/v2\/product_brand?post=31945"},{"taxonomy":"product_cat","embeddable":true,"href":"https:\/\/www.grandsalondeguitare.com\/fr\/wp-json\/wp\/v2\/product_cat?post=31945"},{"taxonomy":"product_tag","embeddable":true,"href":"https:\/\/www.grandsalondeguitare.com\/fr\/wp-json\/wp\/v2\/product_tag?post=31945"}],"curies":[{"name":"wp","href":"https:\/\/api.w.org\/{rel}","templated":true}]}}