{"id":31896,"date":"2023-11-16T15:43:07","date_gmt":"2023-11-16T20:43:08","guid":{"rendered":"https:\/\/www.grandsalondeguitare.com\/?post_type=product&#038;p=31896"},"modified":"2023-11-16T16:12:04","modified_gmt":"2023-11-16T21:12:04","slug":"c-688-armin-hanika-52af-allemagne-copy-2","status":"publish","type":"product","link":"https:\/\/www.grandsalondeguitare.com\/fr\/produit\/c-688-armin-hanika-52af-allemagne-copy-2\/","title":{"rendered":"C-723, Alhambra (Linea Profesional)"},"content":{"rendered":"<p>Guitares Alhambra d&rsquo;Espagne<\/p>\n<p>Mod\u00e8le Linea Professionnel<\/p>\n<p>Par Javier et Mengual<\/p>\n<p>Guitare classique N-772<\/p>\n<p>Fabriqu\u00e9 en 2022<\/p>\n<p>\u00c9chelle de 650 mm avec sillet de 52 mm<\/p>\n<p>Table en c\u00e8dre (AAA)<\/p>\n<p>Fond et \u00e9clisses en palissandre indien<\/p>\n<p>Manche en c\u00e8dre renforc\u00e9 d&rsquo;\u00e9b\u00e8ne (Ergoneck)<\/p>\n<p>Touche en \u00e9b\u00e8ne avec 20\u00e8me frette<\/p>\n<p>Pont et plaquage de la t\u00eate en palissandre Indien<\/p>\n<p>M\u00e9caniques Schaller Grandtune \u00ab\u00a0Classique Hauser\u00a0\u00bb<\/p>\n<p>Finition laque nitro sur le dessus<\/p>\n<p>L&rsquo;\u00e9quilibre de la guitare est avec la laque HE Gloss<\/p>\n<p>\u00c9tui rigide en cuir Alhambra inclus<\/p>\n<p>&nbsp;<\/p>\n<p>Le poids de la guitare est de 1,70 kg \/ 3,527 lbs<\/p>\n<p>Mesure 101 cm \/ 39,76 pouces de hauteur<\/p>\n<p>La longueur du corps est de 49 cm \/ 19,29 pouces<\/p>\n<p>La profondeur du corps est de 10,16 cm \/ 4 pouces<\/p>\n<p>Le bout sup\u00e9rieur mesure 28,5\u00a0cm\u00a0\/\u00a011,22\u00a0pouces<\/p>\n<p>Le bout inf\u00e9rieur est de 37,5 cm \/ 14,76 pouces<\/p>\n<p>Sillet en os suppl\u00e9mentaire est incluse avec la guitare<\/p>\n","protected":false},"excerpt":{"rendered":"<p>L\u00e9g\u00e8rement utilis\u00e9 en excellent \u00e9tat<\/p>\n<p>S\u00e9rie luthier Javier &amp; Mengual<\/p>\n<p>Guitare classique Alhambra \u00ab\u00a0Linea professional\u00a0\u00bb<\/p>\n","protected":false},"featured_media":31942,"comment_status":"closed","ping_status":"closed","template":"","meta":{"_mo_disable_npp":""},"product_brand":[],"product_cat":[1058,1057],"product_tag":[],"class_list":{"0":"post-31896","1":"product","2":"type-product","3":"status-publish","4":"has-post-thumbnail","6":"product_cat-guitares","7":"product_cat-guitares-classique","8":"sales-flash-overlay","9":"woocommerce-text-align-left","10":"woocommerce-image-align-center","11":"do-quantity-buttons","12":"wc-has-gallery","14":"first","15":"outofstock","16":"sold-individually","17":"taxable","18":"shipping-taxable","19":"product-type-simple"},"_links":{"self":[{"href":"https:\/\/www.grandsalondeguitare.com\/fr\/wp-json\/wp\/v2\/product\/31896","targetHints":{"allow":["GET"]}}],"collection":[{"href":"https:\/\/www.grandsalondeguitare.com\/fr\/wp-json\/wp\/v2\/product"}],"about":[{"href":"https:\/\/www.grandsalondeguitare.com\/fr\/wp-json\/wp\/v2\/types\/product"}],"replies":[{"embeddable":true,"href":"https:\/\/www.grandsalondeguitare.com\/fr\/wp-json\/wp\/v2\/comments?post=31896"}],"wp:featuredmedia":[{"embeddable":true,"href":"https:\/\/www.grandsalondeguitare.com\/fr\/wp-json\/wp\/v2\/media\/31942"}],"wp:attachment":[{"href":"https:\/\/www.grandsalondeguitare.com\/fr\/wp-json\/wp\/v2\/media?parent=31896"}],"wp:term":[{"taxonomy":"product_brand","embeddable":true,"href":"https:\/\/www.grandsalondeguitare.com\/fr\/wp-json\/wp\/v2\/product_brand?post=31896"},{"taxonomy":"product_cat","embeddable":true,"href":"https:\/\/www.grandsalondeguitare.com\/fr\/wp-json\/wp\/v2\/product_cat?post=31896"},{"taxonomy":"product_tag","embeddable":true,"href":"https:\/\/www.grandsalondeguitare.com\/fr\/wp-json\/wp\/v2\/product_tag?post=31896"}],"curies":[{"name":"wp","href":"https:\/\/api.w.org\/{rel}","templated":true}]}}