{"id":31876,"date":"2021-06-09T08:31:48","date_gmt":"2021-06-09T13:31:48","guid":{"rendered":"https:\/\/www.grandsalondeguitare.com\/product\/a-257-scheller-l350-tuners\/"},"modified":"2023-11-07T12:45:31","modified_gmt":"2023-11-07T17:45:31","slug":"a-257-scheller-l350-tuners","status":"publish","type":"product","link":"https:\/\/www.grandsalondeguitare.com\/fr\/produit\/a-257-scheller-l350-tuners\/","title":{"rendered":"A-257, Scheller Mod-L350"},"content":{"rendered":"<p>Directement d&rsquo;Allemagne<\/p>\n<p>M\u00e9caniques pour guitare classique Scheller fabriqu\u00e9es \u00e0 la main<\/p>\n<p>Mod\u00e8le L (Landstorfer)<\/p>\n<p>GoL35033000B,\u00a0Laiton bross\u00e9 35,0\u00a0mm,\u00a0Rouleaux en corne de buffle<\/p>\n<p>G0121000O21G,\u00a0Boutons ovales en \u00e9b\u00e8ne 21,00\u00a0mm,\u00a0Capuchon ZF,\u00a0Manches H1,\u00a0Anneau R1<\/p>\n<p>Poids combin\u00e9 de 149 grammes<\/p>\n","protected":false},"excerpt":{"rendered":"<p>Directement d&rsquo;Allemagne<\/p>\n<p>M\u00e9caniques pour guitare classique Scheller<\/p>\n<p>Mod\u00e8le L (Landstorfer)<\/p>\n<p>GoL35033000B<\/p>\n","protected":false},"featured_media":31869,"comment_status":"open","ping_status":"closed","template":"","meta":{"_mo_disable_npp":""},"product_brand":[],"product_cat":[1052,1091],"product_tag":[2048,2049,2050],"class_list":{"0":"post-31876","1":"product","2":"type-product","3":"status-publish","4":"has-post-thumbnail","6":"product_cat-accessoires","7":"product_cat-mecaniques-accordage","8":"product_tag-scheller-classical-guitar-machine-heads-fr","9":"product_tag-scheller-guitarrenmechaniken-fr","10":"product_tag-scheller-hand-made-machine-heads-fr","11":"sales-flash-overlay","12":"woocommerce-text-align-left","13":"woocommerce-image-align-center","14":"do-quantity-buttons","15":"wc-has-gallery","17":"first","18":"outofstock","19":"taxable","20":"shipping-taxable","21":"product-type-simple"},"_links":{"self":[{"href":"https:\/\/www.grandsalondeguitare.com\/fr\/wp-json\/wp\/v2\/product\/31876","targetHints":{"allow":["GET"]}}],"collection":[{"href":"https:\/\/www.grandsalondeguitare.com\/fr\/wp-json\/wp\/v2\/product"}],"about":[{"href":"https:\/\/www.grandsalondeguitare.com\/fr\/wp-json\/wp\/v2\/types\/product"}],"replies":[{"embeddable":true,"href":"https:\/\/www.grandsalondeguitare.com\/fr\/wp-json\/wp\/v2\/comments?post=31876"}],"wp:featuredmedia":[{"embeddable":true,"href":"https:\/\/www.grandsalondeguitare.com\/fr\/wp-json\/wp\/v2\/media\/31869"}],"wp:attachment":[{"href":"https:\/\/www.grandsalondeguitare.com\/fr\/wp-json\/wp\/v2\/media?parent=31876"}],"wp:term":[{"taxonomy":"product_brand","embeddable":true,"href":"https:\/\/www.grandsalondeguitare.com\/fr\/wp-json\/wp\/v2\/product_brand?post=31876"},{"taxonomy":"product_cat","embeddable":true,"href":"https:\/\/www.grandsalondeguitare.com\/fr\/wp-json\/wp\/v2\/product_cat?post=31876"},{"taxonomy":"product_tag","embeddable":true,"href":"https:\/\/www.grandsalondeguitare.com\/fr\/wp-json\/wp\/v2\/product_tag?post=31876"}],"curies":[{"name":"wp","href":"https:\/\/api.w.org\/{rel}","templated":true}]}}