{"id":31816,"date":"2023-11-07T09:26:13","date_gmt":"2023-11-07T14:26:14","guid":{"rendered":"https:\/\/www.grandsalondeguitare.com\/?post_type=product&#038;p=31816"},"modified":"2023-11-07T09:57:10","modified_gmt":"2023-11-07T14:57:10","slug":"c-719-oscar-graf-baryton-copy","status":"publish","type":"product","link":"https:\/\/www.grandsalondeguitare.com\/fr\/produit\/c-719-oscar-graf-baryton-copy\/","title":{"rendered":"C-722, Oscar Graf \u00ab\u00a0Canada\u00a0\u00bb"},"content":{"rendered":"<p>Guitare classique de concert<\/p>\n<p>Construit \u00e0 Clarendon Ontario Canada<\/p>\n<p>Ann\u00e9e 1980<\/p>\n<p>\u00c9chelle de 650\u00a0mm avec sillet de 52\u00a0mm<\/p>\n<p>Table en \u00e9pic\u00e9a europ\u00e9en (barrage en \u00e9ventail)<\/p>\n<p>Fond et \u00e9clisses en palissandre Indien<\/p>\n<p>Manche en acajou<\/p>\n<p>Touche en \u00e9b\u00e8ne<\/p>\n<p>M\u00e9caniques Irving Sloane<\/p>\n<p>Finition vernis fran\u00e7ais au tampon<\/p>\n<p>\u00c9tui rigide inclus<\/p>\n<p>&nbsp;<\/p>\n<p>Le poids de la guitare est de 1,60 kg \/ 3,527 lbs<\/p>\n<p>Largeur du bout sup\u00e9rieur 26,5 cm \/ 10,43 pouces<\/p>\n<p>Largeur du bout inf\u00e9rieur 36,5 cm \/ 14,37 pouces<\/p>\n<p>La longueur du corps est de 49 cm \/ 19,29 pouces<\/p>\n<p>Profondeur du corps 10,15 cm \/ 4 pouces<\/p>\n<p>Longueur totale 99,5 cm \/ 39,17 pouces<\/p>\n","protected":false},"excerpt":{"rendered":"<p>En bon \u00e9tat, une excellent guitare classique fabriquer par le luthier Oscar Graf<\/p>\n<p>Cette magnifique table en \u00e9pic\u00e9a a parfaitement m\u00fbri au fil du temps et offre une voix chant\u00e9e tr\u00e8s captivante, avec beaucoup de clart\u00e9, s\u00e9paration et de sustain !!!<\/p>\n<p>Un essaie s&rsquo;impose !!!<\/p>\n","protected":false},"featured_media":31818,"comment_status":"closed","ping_status":"closed","template":"","meta":{"_mo_disable_npp":""},"product_brand":[],"product_cat":[1058,1057],"product_tag":[],"class_list":{"0":"post-31816","1":"product","2":"type-product","3":"status-publish","4":"has-post-thumbnail","6":"product_cat-guitares","7":"product_cat-guitares-classique","8":"sales-flash-overlay","9":"woocommerce-text-align-left","10":"woocommerce-image-align-center","11":"do-quantity-buttons","12":"wc-has-gallery","14":"first","15":"outofstock","16":"taxable","17":"shipping-taxable","18":"product-type-simple"},"_links":{"self":[{"href":"https:\/\/www.grandsalondeguitare.com\/fr\/wp-json\/wp\/v2\/product\/31816","targetHints":{"allow":["GET"]}}],"collection":[{"href":"https:\/\/www.grandsalondeguitare.com\/fr\/wp-json\/wp\/v2\/product"}],"about":[{"href":"https:\/\/www.grandsalondeguitare.com\/fr\/wp-json\/wp\/v2\/types\/product"}],"replies":[{"embeddable":true,"href":"https:\/\/www.grandsalondeguitare.com\/fr\/wp-json\/wp\/v2\/comments?post=31816"}],"wp:featuredmedia":[{"embeddable":true,"href":"https:\/\/www.grandsalondeguitare.com\/fr\/wp-json\/wp\/v2\/media\/31818"}],"wp:attachment":[{"href":"https:\/\/www.grandsalondeguitare.com\/fr\/wp-json\/wp\/v2\/media?parent=31816"}],"wp:term":[{"taxonomy":"product_brand","embeddable":true,"href":"https:\/\/www.grandsalondeguitare.com\/fr\/wp-json\/wp\/v2\/product_brand?post=31816"},{"taxonomy":"product_cat","embeddable":true,"href":"https:\/\/www.grandsalondeguitare.com\/fr\/wp-json\/wp\/v2\/product_cat?post=31816"},{"taxonomy":"product_tag","embeddable":true,"href":"https:\/\/www.grandsalondeguitare.com\/fr\/wp-json\/wp\/v2\/product_tag?post=31816"}],"curies":[{"name":"wp","href":"https:\/\/api.w.org\/{rel}","templated":true}]}}