{"id":31795,"date":"2023-11-04T10:13:03","date_gmt":"2023-11-04T15:13:03","guid":{"rendered":"https:\/\/www.grandsalondeguitare.com\/?post_type=product&#038;p=31795"},"modified":"2025-09-06T12:41:08","modified_gmt":"2025-09-06T17:41:08","slug":"a-344-daddario-pro-winder","status":"publish","type":"product","link":"https:\/\/www.grandsalondeguitare.com\/fr\/produit\/a-344-daddario-pro-winder\/","title":{"rendered":"A-344, D&rsquo;Addario Pro-Winder"},"content":{"rendered":"<div class=\"page\" title=\"Page 1\">\n<div class=\"layoutArea\">\n<div class=\"column\">\n<p>D&rsquo;Addario PRO-WINDER<\/p>\n<p>Article DP0002<\/p>\n<p>Pro-Winder est un enrouleur de cordes de haute qualit\u00e9 avec une coupe-fils et un extracteur de goupille de chevalet<\/p>\n<p>Conception ergonomique avec coupe-fils en acier tremp\u00e9 durables<\/p>\n<p>Pro-Winder est con\u00e7u pour s&rsquo;adapter \u00e0 pratiquement toutes les guitares, banjos, ukul\u00e9l\u00e9s et mandolines.<\/p>\n<p>L&rsquo;enrouleur adh\u00e8re solidement aux piquets<\/p>\n<p>Offre un extracteur de goupille de chevalet pour guitares acoustiques<\/p>\n<p>L&rsquo;enrouleur de cordes Pro-Winder est l&rsquo;outil de retenue tout-en-un ultime.<\/p>\n<\/div>\n<\/div>\n<\/div>\n","protected":false},"excerpt":{"rendered":"<p>D&rsquo;Addario Pro-Winder<\/p>\n<p>Enrouleur de cordes de conception ergonomique, con\u00e7u pour une utilisation efficace et confortable.<\/p>\n<p>Enrouleur de corde de haute qualit\u00e9 avec coupe-fils int\u00e9gr\u00e9 et extracteur de goupille de chevalet.<\/p>\n<p>Fonctionne sur pratiquement toutes les guitares, banjos, ukul\u00e9l\u00e9s et mandolines.<\/p>\n<p>Se range facilement dans la plupart des \u00e9tuis<\/p>\n","protected":false},"featured_media":31797,"comment_status":"closed","ping_status":"closed","template":"","meta":{"_mo_disable_npp":""},"product_brand":[],"product_cat":[1052,1054,1373],"product_tag":[2043,1374,1375],"class_list":{"0":"post-31795","1":"product","2":"type-product","3":"status-publish","4":"has-post-thumbnail","6":"product_cat-accessoires","7":"product_cat-cordes","8":"product_cat-enrouleurs-de-chevilles","9":"product_tag-daddario-guitar-pro-winder-fr","10":"product_tag-peg-winders-fr","11":"product_tag-planet-waves-guitar-peg-winder-fr","12":"sales-flash-overlay","13":"woocommerce-text-align-left","14":"woocommerce-image-align-center","15":"do-quantity-buttons","16":"wc-has-gallery","18":"first","19":"instock","20":"taxable","21":"shipping-taxable","22":"purchasable","23":"product-type-simple"},"_links":{"self":[{"href":"https:\/\/www.grandsalondeguitare.com\/fr\/wp-json\/wp\/v2\/product\/31795","targetHints":{"allow":["GET"]}}],"collection":[{"href":"https:\/\/www.grandsalondeguitare.com\/fr\/wp-json\/wp\/v2\/product"}],"about":[{"href":"https:\/\/www.grandsalondeguitare.com\/fr\/wp-json\/wp\/v2\/types\/product"}],"replies":[{"embeddable":true,"href":"https:\/\/www.grandsalondeguitare.com\/fr\/wp-json\/wp\/v2\/comments?post=31795"}],"wp:featuredmedia":[{"embeddable":true,"href":"https:\/\/www.grandsalondeguitare.com\/fr\/wp-json\/wp\/v2\/media\/31797"}],"wp:attachment":[{"href":"https:\/\/www.grandsalondeguitare.com\/fr\/wp-json\/wp\/v2\/media?parent=31795"}],"wp:term":[{"taxonomy":"product_brand","embeddable":true,"href":"https:\/\/www.grandsalondeguitare.com\/fr\/wp-json\/wp\/v2\/product_brand?post=31795"},{"taxonomy":"product_cat","embeddable":true,"href":"https:\/\/www.grandsalondeguitare.com\/fr\/wp-json\/wp\/v2\/product_cat?post=31795"},{"taxonomy":"product_tag","embeddable":true,"href":"https:\/\/www.grandsalondeguitare.com\/fr\/wp-json\/wp\/v2\/product_tag?post=31795"}],"curies":[{"name":"wp","href":"https:\/\/api.w.org\/{rel}","templated":true}]}}