{"id":31443,"date":"2023-09-25T08:17:43","date_gmt":"2023-09-25T13:17:43","guid":{"rendered":"https:\/\/www.grandsalondeguitare.com\/?post_type=product&#038;p=31443"},"modified":"2025-10-21T09:27:14","modified_gmt":"2025-10-21T14:27:14","slug":"c-638-daniel-stark-allemagne-copy-2","status":"publish","type":"product","link":"https:\/\/www.grandsalondeguitare.com\/fr\/produit\/c-638-daniel-stark-allemagne-copy-2\/","title":{"rendered":"C-717, Daniel Stark (Allemagne)"},"content":{"rendered":"<p>Guitare\u00a0classique Double table mod\u00e8le concert<\/p>\n<p>Fabriqu\u00e9 en Allemagne<\/p>\n<p>N-150<\/p>\n<p>Ann\u00e9e 2023<\/p>\n<p>\u00c9chelle de 640 mm avec sillet de 52 mm et 58 mm \u00e0 la 12e frette<\/p>\n<p>Double table c\u00e8dre-c\u00e8dre<\/p>\n<p>Membrane ext\u00e9rieure en c\u00e8dre<\/p>\n<p>Membrane int\u00e9rieure C\u00e8dre + Balsa<\/p>\n<p>Noyau en treillis (lattice) avec barres en \u00e9pic\u00e9a et balsa<\/p>\n<p>Dos &amp; \u00e9clisses en palissandre du Madagascar (Master grade)<\/p>\n<p>Manche en c\u00e8dre espagnol avec 2 renforts en carbone<\/p>\n<p>Touche en \u00e9b\u00e8ne noire<\/p>\n<p>Nouvelle rosace inspir\u00e9 de Torres avec bloc d&rsquo;attache assorti au sillet<\/p>\n<p>Chevalet en palissandre du Madagascar<\/p>\n<p>Placage de la t\u00eate en \u00e9b\u00e8ne du Macassar<\/p>\n<p>Filets en palissandre Indien<\/p>\n<p>Repose bras en \u00e9b\u00e8ne<\/p>\n<p>Port de son avec couvercle magn\u00e9tique ajustable<\/p>\n<p>Sillets en os de mammouth<\/p>\n<p>M\u00e9caniques Barnett<\/p>\n<p>Finition vernis \u00e0 l&rsquo;huile compl\u00e8tement polie \u00e0 la main<\/p>\n<p>Etuis Hiscox inclus<\/p>\n<p>Le poids de la guitare est de 1,750 g<\/p>\n<p>&nbsp;<\/p>\n<p>*** Nous sommes fiers d&rsquo;\u00eatre le revendeur exclusif en Am\u00e9rique du Nord des guitares Daniel Stark ***<\/p>\n","protected":false},"excerpt":{"rendered":"<p>Directement d&rsquo;Allemagne, une autre grande guitare de concert !!<\/p>\n<p>Double table en c\u00e8dre avec membrane int\u00e9rieure C\u00e8dre + Balsa<\/p>\n","protected":false},"featured_media":31445,"comment_status":"closed","ping_status":"closed","template":"","meta":{"_mo_disable_npp":""},"product_brand":[],"product_cat":[2257,1058,1057],"product_tag":[1059,1060,1061,1062],"class_list":{"0":"post-31443","1":"product","2":"type-product","3":"status-publish","4":"has-post-thumbnail","6":"product_cat-double-tables","7":"product_cat-guitares","8":"product_cat-guitares-classique","9":"product_tag-balsa-inner-core-double-top-guitars-montreal-canada-fr","10":"product_tag-daniel-stark-german-luthier-montreal-canada-fr","11":"product_tag-double-top-guitars-montreal-canada-fr","12":"product_tag-high-end-guitar-showroom-montreal-canada-fr","13":"sales-flash-overlay","14":"woocommerce-text-align-left","15":"woocommerce-image-align-center","16":"do-quantity-buttons","17":"wc-has-gallery","19":"first","20":"outofstock","21":"sold-individually","22":"taxable","23":"shipping-taxable","24":"product-type-simple"},"_links":{"self":[{"href":"https:\/\/www.grandsalondeguitare.com\/fr\/wp-json\/wp\/v2\/product\/31443","targetHints":{"allow":["GET"]}}],"collection":[{"href":"https:\/\/www.grandsalondeguitare.com\/fr\/wp-json\/wp\/v2\/product"}],"about":[{"href":"https:\/\/www.grandsalondeguitare.com\/fr\/wp-json\/wp\/v2\/types\/product"}],"replies":[{"embeddable":true,"href":"https:\/\/www.grandsalondeguitare.com\/fr\/wp-json\/wp\/v2\/comments?post=31443"}],"wp:featuredmedia":[{"embeddable":true,"href":"https:\/\/www.grandsalondeguitare.com\/fr\/wp-json\/wp\/v2\/media\/31445"}],"wp:attachment":[{"href":"https:\/\/www.grandsalondeguitare.com\/fr\/wp-json\/wp\/v2\/media?parent=31443"}],"wp:term":[{"taxonomy":"product_brand","embeddable":true,"href":"https:\/\/www.grandsalondeguitare.com\/fr\/wp-json\/wp\/v2\/product_brand?post=31443"},{"taxonomy":"product_cat","embeddable":true,"href":"https:\/\/www.grandsalondeguitare.com\/fr\/wp-json\/wp\/v2\/product_cat?post=31443"},{"taxonomy":"product_tag","embeddable":true,"href":"https:\/\/www.grandsalondeguitare.com\/fr\/wp-json\/wp\/v2\/product_tag?post=31443"}],"curies":[{"name":"wp","href":"https:\/\/api.w.org\/{rel}","templated":true}]}}