{"id":31373,"date":"2023-09-14T08:04:41","date_gmt":"2023-09-14T13:04:41","guid":{"rendered":"https:\/\/www.grandsalondeguitare.com\/?post_type=product&#038;p=31373"},"modified":"2023-10-28T16:00:34","modified_gmt":"2023-10-28T21:00:34","slug":"c-716-ramin-fallah-iran","status":"publish","type":"product","link":"https:\/\/www.grandsalondeguitare.com\/fr\/produit\/c-716-ramin-fallah-iran\/","title":{"rendered":"C-716, Ramin Fallah (Iran)"},"content":{"rendered":"<p>Ramin Fallah<\/p>\n<p>Mod\u00e8le \u00ab\u00a0Dreamy\u00a0\u00bb<\/p>\n<p>\u00c9chelle de 650\u00a0mm avec sillet de 52\u00a0mm<\/p>\n<p>Table en \u00e9pic\u00e9a allemande<\/p>\n<p>Dos et \u00e9clisses en palissandre d&rsquo;Amazonie<\/p>\n<p>Manche en okoum\u00e9<\/p>\n<p>Touche en \u00e9b\u00e8ne africain<\/p>\n<p>Placage de la t\u00eate \u00ab\u00a0Dalbergio Sissoo\u00a0\u00bb<\/p>\n<p>Chevalet en palissandre Indien<\/p>\n<p>Reliures en weng\u00e9<\/p>\n<p>Port de son<\/p>\n<p>M\u00e9caniques Alessi fabriqu\u00e9es \u00e0 la main<\/p>\n<p>Finition polyur\u00e9thane tr\u00e8s l\u00e9g\u00e8re<\/p>\n<p>\u00c9tui rigide Mehrad inclus<\/p>\n<p>&nbsp;<\/p>\n<p>La longueur totale de la guitare est de 100 cm\/ 39,37 pouces<\/p>\n<p>La longueur du corps est de 49 cm \/ 19,29 pouces<\/p>\n<p>La profondeur du corps est de 10,16 cm \/ 4 pouces<\/p>\n<p>Le bout sup\u00e9rieur mesure 28,5 cm \/ 11,22 pouces<\/p>\n<p>Le bout inf\u00e9rieur est de 38 cm \/ 14,96 pouces<\/p>\n<p>Le poids de la guitare est de 1,45 kg \/ 3,196 lbs<\/p>\n<p>&nbsp;<\/p>\n<p>Ramin Fallah a d\u00e9but\u00e9 sa carri\u00e8re en tant que luthier en 2008 , depuis, il a construit des guitares flamenco et classiques pour les guitaristes professionnels du monde entier.<\/p>\n<p>Dans son atelier bas\u00e9 \u00e0 Istanbul, Ramin met l&rsquo;accent sur les id\u00e9es innovantes qui rendent ses instruments uniques tant sur le plan sonore qu&rsquo;esth\u00e9tique.<\/p>\n<p>Gr\u00e2ce \u00e0 la collaboration artistique de sa femme, il y a de beaux d\u00e9tails \u00e9labor\u00e9s \u00e0 d\u00e9couvrir sur ses guitares.<\/p>\n<p>&nbsp;<\/p>\n<p>*** Nous sommes fiers d&rsquo;\u00eatre le revendeur nord-am\u00e9ricain officiel des guitares Ramin Fallah ***<\/p>\n","protected":false},"excerpt":{"rendered":"[youtube v=AHEybXU5NFE maxwidth=\"800px\"]\n<p>&nbsp;<\/p>\n<p>Superbe nouvelle guitare classique de concert<\/p>\n<p>Mod\u00e8le \u00ab\u00a0Dreamy\u00a0\u00bb<\/p>\n<p>Cette nouvelle guitare offre des bois et une marqueterie saisissants !!!<\/p>\n<p>Il a une belle voix chantante avec des basses chaudes et bois\u00e9es et des aigus ronds\/per\u00e7ants.<\/p>\n<p>Excellente jouabilit\u00e9, projection et sustain<\/p>\n<p>Un essaie s&rsquo;impose !!!<\/p>\n","protected":false},"featured_media":31380,"comment_status":"open","ping_status":"closed","template":"","meta":{"_mo_disable_npp":""},"product_brand":[],"product_cat":[1058,1057],"product_tag":[],"class_list":{"0":"post-31373","1":"product","2":"type-product","3":"status-publish","4":"has-post-thumbnail","6":"product_cat-guitares","7":"product_cat-guitares-classique","8":"sales-flash-overlay","9":"woocommerce-text-align-left","10":"woocommerce-image-align-center","11":"do-quantity-buttons","12":"wc-has-gallery","14":"first","15":"instock","16":"taxable","17":"shipping-taxable","18":"purchasable","19":"product-type-simple"},"_links":{"self":[{"href":"https:\/\/www.grandsalondeguitare.com\/fr\/wp-json\/wp\/v2\/product\/31373","targetHints":{"allow":["GET"]}}],"collection":[{"href":"https:\/\/www.grandsalondeguitare.com\/fr\/wp-json\/wp\/v2\/product"}],"about":[{"href":"https:\/\/www.grandsalondeguitare.com\/fr\/wp-json\/wp\/v2\/types\/product"}],"replies":[{"embeddable":true,"href":"https:\/\/www.grandsalondeguitare.com\/fr\/wp-json\/wp\/v2\/comments?post=31373"}],"wp:featuredmedia":[{"embeddable":true,"href":"https:\/\/www.grandsalondeguitare.com\/fr\/wp-json\/wp\/v2\/media\/31380"}],"wp:attachment":[{"href":"https:\/\/www.grandsalondeguitare.com\/fr\/wp-json\/wp\/v2\/media?parent=31373"}],"wp:term":[{"taxonomy":"product_brand","embeddable":true,"href":"https:\/\/www.grandsalondeguitare.com\/fr\/wp-json\/wp\/v2\/product_brand?post=31373"},{"taxonomy":"product_cat","embeddable":true,"href":"https:\/\/www.grandsalondeguitare.com\/fr\/wp-json\/wp\/v2\/product_cat?post=31373"},{"taxonomy":"product_tag","embeddable":true,"href":"https:\/\/www.grandsalondeguitare.com\/fr\/wp-json\/wp\/v2\/product_tag?post=31373"}],"curies":[{"name":"wp","href":"https:\/\/api.w.org\/{rel}","templated":true}]}}