{"id":31322,"date":"2023-09-13T14:30:54","date_gmt":"2023-09-13T19:30:55","guid":{"rendered":"https:\/\/www.grandsalondeguitare.com\/?post_type=product&#038;p=31322"},"modified":"2023-09-13T17:48:33","modified_gmt":"2023-09-13T22:48:33","slug":"f-695-amalio-burguet-modele-abf-espagne-copy","status":"publish","type":"product","link":"https:\/\/www.grandsalondeguitare.com\/fr\/produit\/f-695-amalio-burguet-modele-abf-espagne-copy\/","title":{"rendered":"F-715, Ramin Fallah (Iran)"},"content":{"rendered":"<p>Ramin Fallah<\/p>\n<p>Nouvelle guitare flamenco<\/p>\n<p>Mod\u00e8le \u00ab\u00a0Stage \u00ab\u00a0<\/p>\n<p>\u00c9chelle de 650\u00a0mm avec sillet de 52\u00a0mm<\/p>\n<p>Table en \u00e9pic\u00e9a europ\u00e9en<\/p>\n<p>Dos, \u00e9clisses et placage de la t\u00eate en m\u00fbrier<\/p>\n<p>Manche en okoum\u00e9<\/p>\n<p>Touche en \u00e9b\u00e8ne africain<\/p>\n<p>Chevalet en palissandre Indien<\/p>\n<p>Reliures \u00ab\u00a0Flame Okume\u00a0\u00bb<\/p>\n<p>Port de son<\/p>\n<p>M\u00e9caniques Der Jung<\/p>\n<p>Finition polyur\u00e9thane tr\u00e8s l\u00e9g\u00e8re<\/p>\n<p>\u00c9tui rigide Mehrad inclus<\/p>\n<p>&nbsp;<\/p>\n<p>La longueur totale de la guitare est de 100 cm\/ 39,37 pouces<\/p>\n<p>La longueur du corps est de 49 cm \/ 19,29 pouces<\/p>\n<p>La profondeur du corps est de 9,7 cm \/ 3,81 pouces<\/p>\n<p>Le bout sup\u00e9rieur mesure 28 cm \/ 11,02 pouces<\/p>\n<p>Le bout inf\u00e9rieur est de 37,5 cm \/ 14,76 pouces<\/p>\n<p>Le poids de la guitare est de 1,35 kg \/ 2,97 lb<\/p>\n<p>&nbsp;<\/p>\n<p>Ramin Fallah a d\u00e9but\u00e9 sa carri\u00e8re en tant que luthier en 2008 , depuis, il a construit des guitares flamenco et classiques pour les guitaristes professionnels du monde entier.<\/p>\n<p>Dans son atelier bas\u00e9 \u00e0 Istanbul, Ramin met l&rsquo;accent sur les id\u00e9es innovantes qui rendent ses instruments uniques tant sur le plan sonore qu&rsquo;esth\u00e9tique.<\/p>\n<p>Gr\u00e2ce \u00e0 la collaboration artistique de sa femme, il y a de beaux d\u00e9tails \u00e9labor\u00e9s \u00e0 d\u00e9couvrir sur ses guitares.<\/p>\n<p>&nbsp;<\/p>\n<p>*** Nous sommes fiers d&rsquo;\u00eatre le revendeur nord-am\u00e9ricain officiel des guitares Ramin Fallah ***<\/p>\n","protected":false},"excerpt":{"rendered":"<p>Superbe nouvelle guitare flamenco<\/p>\n<p>Mod\u00e8le \u00ab\u00a0Stage\u00a0\u00bb<\/p>\n<p>Action basse offrant une attaque\/r\u00e9ponse rapide&#8230;<\/p>\n<p>Belle voix chantante avec beaucoup de projection&#8230;<\/p>\n<p>Un essaie s&rsquo;impose !!!<\/p>\n","protected":false},"featured_media":31324,"comment_status":"open","ping_status":"closed","template":"","meta":{"_mo_disable_npp":""},"product_brand":[],"product_cat":[1058,1053],"product_tag":[],"class_list":{"0":"post-31322","1":"product","2":"type-product","3":"status-publish","4":"has-post-thumbnail","6":"product_cat-guitares","7":"product_cat-guitares-flamenco","8":"sales-flash-overlay","9":"woocommerce-text-align-left","10":"woocommerce-image-align-center","11":"do-quantity-buttons","12":"wc-has-gallery","14":"first","15":"outofstock","16":"taxable","17":"shipping-taxable","18":"product-type-simple"},"_links":{"self":[{"href":"https:\/\/www.grandsalondeguitare.com\/fr\/wp-json\/wp\/v2\/product\/31322","targetHints":{"allow":["GET"]}}],"collection":[{"href":"https:\/\/www.grandsalondeguitare.com\/fr\/wp-json\/wp\/v2\/product"}],"about":[{"href":"https:\/\/www.grandsalondeguitare.com\/fr\/wp-json\/wp\/v2\/types\/product"}],"replies":[{"embeddable":true,"href":"https:\/\/www.grandsalondeguitare.com\/fr\/wp-json\/wp\/v2\/comments?post=31322"}],"wp:featuredmedia":[{"embeddable":true,"href":"https:\/\/www.grandsalondeguitare.com\/fr\/wp-json\/wp\/v2\/media\/31324"}],"wp:attachment":[{"href":"https:\/\/www.grandsalondeguitare.com\/fr\/wp-json\/wp\/v2\/media?parent=31322"}],"wp:term":[{"taxonomy":"product_brand","embeddable":true,"href":"https:\/\/www.grandsalondeguitare.com\/fr\/wp-json\/wp\/v2\/product_brand?post=31322"},{"taxonomy":"product_cat","embeddable":true,"href":"https:\/\/www.grandsalondeguitare.com\/fr\/wp-json\/wp\/v2\/product_cat?post=31322"},{"taxonomy":"product_tag","embeddable":true,"href":"https:\/\/www.grandsalondeguitare.com\/fr\/wp-json\/wp\/v2\/product_tag?post=31322"}],"curies":[{"name":"wp","href":"https:\/\/api.w.org\/{rel}","templated":true}]}}