{"id":31157,"date":"2023-09-01T11:02:08","date_gmt":"2023-09-01T16:02:08","guid":{"rendered":"https:\/\/www.grandsalondeguitare.com\/?post_type=product&#038;p=31157"},"modified":"2026-01-21T12:40:26","modified_gmt":"2026-01-21T17:40:26","slug":"c-707-jose-ramirez-1a-espagne-copy","status":"publish","type":"product","link":"https:\/\/www.grandsalondeguitare.com\/fr\/produit\/c-707-jose-ramirez-1a-espagne-copy\/","title":{"rendered":"C-713, Kolya Panhuysen (Allemagne)"},"content":{"rendered":"<p>Guitare classique de concert<\/p>\n<p>Fabriqu\u00e9 en\u00a02013<\/p>\n<p>\u00c9chelle standard de 650\u00a0mm avec sillet de 52\u00a0mm<\/p>\n<p>Table en c\u00e8dre avec 7 barres en \u00e9ventail<\/p>\n<p>Fond et \u00e9clisses en palissandre indien<\/p>\n<p>Manche sur\u00e9lev\u00e9 en cedre<\/p>\n<p>Touche en \u00e9b\u00e8ne<\/p>\n<p>M\u00e9caniques Baljak fabriqu\u00e9es \u00e0 la main avec boutons en \u00e9b\u00e8ne<\/p>\n<p>Table d&rsquo;harmonie au tampon en polis Fran\u00e7ais<\/p>\n<p>Reste de la guitare est en laque<\/p>\n<p>\u00c9tui rigide d&rsquo;origine Ortega inclus<\/p>\n<p>&nbsp;<\/p>\n<p>Le poids de la guitare est de 1,55 kg \/ 3,417 lbs<\/p>\n<p>La longueur du corps est de 48,5 cm \/ 19,09 pouces<\/p>\n<p>Le bout sup\u00e9rieur mesure 28 cm \/ 11,02 pouces<\/p>\n<p>Le bout inf\u00e9rieur est de 37 cm \/ 14,56 pouces<\/p>\n<p>La profondeur du corps est de 9,5 cm\/ 3,74 pouces<\/p>\n<p>&nbsp;<\/p>\n<p>Kolya Panhuyzen est n\u00e9 \u00e0 Berlin en 1941.<\/p>\n<p>Il a construit sa premi\u00e8re guitare classique en 1967 dans l&rsquo;atelier de son oncle Edgar M\u00f6nch.<\/p>\n<p>En 1974, il cr\u00e9e son propre atelier \u00e0 Toronto et en 1992, il en ouvre un deuxi\u00e8me en Allemagne.<\/p>\n<p>Ses guitares sont reconnus mondialement pour leur sonorit\u00e9, \u00e9quilibre et facilit\u00e9 de jeu&#8230;<\/p>\n<p>Des guitaristes tels que Laura Young, Carlo Domeniconi, Rafaella Smith, Matt Palmer et bien d&rsquo;autres jouent sur ses instruments.<\/p>\n","protected":false},"excerpt":{"rendered":"[youtube v=v6YZV0oab5w =\"800px\"]\n<p>&nbsp;<\/p>\n[youtube v=zT8Gm4mD9Bk =\"800px\"]\n<p>&nbsp;<\/p>\n<p>Guitare classique Panhuysen en excellent \u00e9tat avec tr\u00e8s peu d&rsquo;usure !!!<\/p>\n<p>Kolya Panhuyzen fabrique des guitares classiques depuis plus de 40 ans. Pour les trois premiers, il a travaill\u00e9 avec son oncle ma\u00eetre luthier Edgar M\u00f6nch, d&rsquo;abord au Canada puis en Allemagne.<\/p>\n<p>Ses guitares sont reconnus mondialement pour leur sonorit\u00e9, \u00e9quilibre et leur facilit\u00e9 de jeu.<\/p>\n<p>Un essaie s&rsquo;impose&#8230;<\/p>\n","protected":false},"featured_media":31159,"comment_status":"closed","ping_status":"closed","template":"","meta":{"_mo_disable_npp":""},"product_brand":[],"product_cat":[1058,1057],"product_tag":[],"class_list":{"0":"post-31157","1":"product","2":"type-product","3":"status-publish","4":"has-post-thumbnail","6":"product_cat-guitares","7":"product_cat-guitares-classique","8":"sales-flash-overlay","9":"woocommerce-text-align-left","10":"woocommerce-image-align-center","11":"do-quantity-buttons","12":"wc-has-gallery","14":"first","15":"instock","16":"sold-individually","17":"taxable","18":"shipping-taxable","19":"purchasable","20":"product-type-simple"},"_links":{"self":[{"href":"https:\/\/www.grandsalondeguitare.com\/fr\/wp-json\/wp\/v2\/product\/31157","targetHints":{"allow":["GET"]}}],"collection":[{"href":"https:\/\/www.grandsalondeguitare.com\/fr\/wp-json\/wp\/v2\/product"}],"about":[{"href":"https:\/\/www.grandsalondeguitare.com\/fr\/wp-json\/wp\/v2\/types\/product"}],"replies":[{"embeddable":true,"href":"https:\/\/www.grandsalondeguitare.com\/fr\/wp-json\/wp\/v2\/comments?post=31157"}],"wp:featuredmedia":[{"embeddable":true,"href":"https:\/\/www.grandsalondeguitare.com\/fr\/wp-json\/wp\/v2\/media\/31159"}],"wp:attachment":[{"href":"https:\/\/www.grandsalondeguitare.com\/fr\/wp-json\/wp\/v2\/media?parent=31157"}],"wp:term":[{"taxonomy":"product_brand","embeddable":true,"href":"https:\/\/www.grandsalondeguitare.com\/fr\/wp-json\/wp\/v2\/product_brand?post=31157"},{"taxonomy":"product_cat","embeddable":true,"href":"https:\/\/www.grandsalondeguitare.com\/fr\/wp-json\/wp\/v2\/product_cat?post=31157"},{"taxonomy":"product_tag","embeddable":true,"href":"https:\/\/www.grandsalondeguitare.com\/fr\/wp-json\/wp\/v2\/product_tag?post=31157"}],"curies":[{"name":"wp","href":"https:\/\/api.w.org\/{rel}","templated":true}]}}