{"id":30879,"date":"2023-08-09T10:30:36","date_gmt":"2023-08-09T15:30:36","guid":{"rendered":"https:\/\/www.grandsalondeguitare.com\/?post_type=product&#038;p=30879"},"modified":"2023-08-09T10:55:58","modified_gmt":"2023-08-09T15:55:58","slug":"f-575-francisco-esteve-9f-espagne-copy-2","status":"publish","type":"product","link":"https:\/\/www.grandsalondeguitare.com\/fr\/produit\/f-575-francisco-esteve-9f-espagne-copy-2\/","title":{"rendered":"F-710, Francisco Esteve ( Gipsy Kings)"},"content":{"rendered":"<p>Nouvelle Flamenca Blanca<\/p>\n<p>\u00ab\u00a0Gipsy Kings\u00a0\u00bb<\/p>\n<p>Modele signature \u00ab\u00a0Andre Reyes\u00a0\u00bb<\/p>\n<p>\u00c9chelle de 650 mm avec sillet de 51mm<\/p>\n<p>Table en \u00e9pic\u00e9a Europ\u00e9en<\/p>\n<p>Dos et \u00e9clisses en cypr\u00e8s Espagnol<\/p>\n<p>Manche en c\u00e8dre avec renfort en fibre de carbone<\/p>\n<p>Touche en \u00e9b\u00e8ne<\/p>\n<p>M\u00e9caniques Der Jung<\/p>\n<p>Finition laque nitrocellulose teinter rouge<\/p>\n<p>\u00c9tui rigide inclus<\/p>\n<p>&nbsp;<\/p>\n<p>La longueur du corps est de 48.5 cm \/ 19,09 pouces<\/p>\n<p>La profondeur du corps est de 8 cm \/ 3,14 pouces<\/p>\n<p>Le bout sup\u00e9rieur est de 27 cm \/ 10,63 pouces<\/p>\n<p>Le bout inf\u00e9rieur est de 36.7 cm \/ 14,44 pouces<\/p>\n<p>Le poids de la guitare est 1,4 kg \/ 3 lb<\/p>\n<p>&nbsp;<\/p>\n<p>*** Nous sommes fiers d&rsquo;\u00eatre le revendeur Canadien exclusifs des guitares Francisco Esteve de Valence Espagne ***<\/p>\n<p>Veuillez noter que les photos utilis\u00e9es pour ce mod\u00e8le sont g\u00e9n\u00e9riques, la guitare exacte illustr\u00e9e n&rsquo;est plus disponible, la nouvelle guitare offerte diff\u00e9rera l\u00e9g\u00e8rement des images actuelles&#8230;<\/p>\n","protected":false},"excerpt":{"rendered":"<p>Gipsy Kings !!!<\/p>\n<p>Modele signature \u00ab\u00a0Andre Reyes\u00a0\u00bb par Esteve !!!<\/p>\n<p>Attaque et r\u00e9ponse rapides, facile \u00e0 jouer avec un timbre Espagnol authentique !!!<\/p>\n<p>Un essaie s&rsquo;impose !!!<\/p>\n","protected":false},"featured_media":30881,"comment_status":"closed","ping_status":"closed","template":"","meta":{"_mo_disable_npp":""},"product_brand":[],"product_cat":[1058,1053],"product_tag":[1268,1195,1202,1203],"class_list":{"0":"post-30879","1":"product","2":"type-product","3":"status-publish","4":"has-post-thumbnail","6":"product_cat-guitares","7":"product_cat-guitares-flamenco","8":"product_tag-francisco-esteve-flamenco-guitars-fr","9":"product_tag-francisco-esteve-guitars-fr","10":"product_tag-hand-made-guitars-from-spain-fr","11":"product_tag-hand-made-guitars-montreal-canada-fr","12":"sales-flash-overlay","13":"woocommerce-text-align-left","14":"woocommerce-image-align-center","15":"do-quantity-buttons","16":"wc-has-gallery","18":"first","19":"outofstock","20":"taxable","21":"shipping-taxable","22":"product-type-simple"},"_links":{"self":[{"href":"https:\/\/www.grandsalondeguitare.com\/fr\/wp-json\/wp\/v2\/product\/30879","targetHints":{"allow":["GET"]}}],"collection":[{"href":"https:\/\/www.grandsalondeguitare.com\/fr\/wp-json\/wp\/v2\/product"}],"about":[{"href":"https:\/\/www.grandsalondeguitare.com\/fr\/wp-json\/wp\/v2\/types\/product"}],"replies":[{"embeddable":true,"href":"https:\/\/www.grandsalondeguitare.com\/fr\/wp-json\/wp\/v2\/comments?post=30879"}],"wp:featuredmedia":[{"embeddable":true,"href":"https:\/\/www.grandsalondeguitare.com\/fr\/wp-json\/wp\/v2\/media\/30881"}],"wp:attachment":[{"href":"https:\/\/www.grandsalondeguitare.com\/fr\/wp-json\/wp\/v2\/media?parent=30879"}],"wp:term":[{"taxonomy":"product_brand","embeddable":true,"href":"https:\/\/www.grandsalondeguitare.com\/fr\/wp-json\/wp\/v2\/product_brand?post=30879"},{"taxonomy":"product_cat","embeddable":true,"href":"https:\/\/www.grandsalondeguitare.com\/fr\/wp-json\/wp\/v2\/product_cat?post=30879"},{"taxonomy":"product_tag","embeddable":true,"href":"https:\/\/www.grandsalondeguitare.com\/fr\/wp-json\/wp\/v2\/product_tag?post=30879"}],"curies":[{"name":"wp","href":"https:\/\/api.w.org\/{rel}","templated":true}]}}