{"id":30828,"date":"2023-08-09T09:54:24","date_gmt":"2023-08-09T14:54:24","guid":{"rendered":"https:\/\/www.grandsalondeguitare.com\/?post_type=product&#038;p=30828"},"modified":"2025-03-29T09:01:21","modified_gmt":"2025-03-29T14:01:21","slug":"f-633-francisco-esteve-8f-espagne-copy-2","status":"publish","type":"product","link":"https:\/\/www.grandsalondeguitare.com\/fr\/produit\/f-633-francisco-esteve-8f-espagne-copy-2\/","title":{"rendered":"F-709, Francisco Esteve (8F-N)"},"content":{"rendered":"<p>Francisco Esteve<\/p>\n<p>Nouvelle Guitare Flamenca<\/p>\n<p>Mod\u00e8le 8F &#8211; Negra<\/p>\n<p>\u00c9chelle de 650 mm avec sillet de 52mm<\/p>\n<p>Table en \u00e9pic\u00e9a Europ\u00e9en<\/p>\n<p>Dos et \u00e9clisses en palissandre Indien<\/p>\n<p>Manche en c\u00e8dre avec renfort en fibre de carbone<\/p>\n<p>Touche en \u00e9b\u00e8ne<\/p>\n<p>M\u00e9caniques Der Jung<\/p>\n<p>Finition laque nitrocellulose<\/p>\n<p>\u00c9tui rigide inclus<\/p>\n<p>&nbsp;<\/p>\n<p>La longueur totale de la guitare est de 1009,65 mm\/ 39,75 pouces<\/p>\n<p>La longueur du corps est de 495,3 mm \/ 19,55 pouces<\/p>\n<p>La profondeur du corps est de 9,7 mm \/ 3,8189 pouces<\/p>\n<p>Le bout sup\u00e9rieur est de 273,5 mm \/ 10,75 pouces<\/p>\n<p>Le bout inf\u00e9rieur est de 374,65 mm \/ 14,75 pouces<\/p>\n<p>Le poids de la guitare est 1.65kg \/ 3.637 lbs<\/p>\n<p>&nbsp;<\/p>\n<p>*** Nous sommes fiers d&rsquo;\u00eatre le revendeur Canadien exclusifs des guitares Francisco Esteve de Valence Espagne ***<\/p>\n<p>Veuillez noter que les photos utilis\u00e9es pour ce mod\u00e8le sont g\u00e9n\u00e9riques, la guitare exacte illustr\u00e9e n&rsquo;est plus disponible, la nouvelle guitare offerte diff\u00e9rera l\u00e9g\u00e8rement des images actuelles&#8230;<\/p>\n","protected":false},"excerpt":{"rendered":"[youtube v=DRPIgGWfm1E maxwidth=\"800px\"]\n<p>&nbsp;<\/p>\n<p>Une superbe nouvelle guitare flamenca<\/p>\n<p>Mod\u00e8le 8F &#8211; Negra<\/p>\n<p>Attaque et r\u00e9ponse rapides, facile \u00e0 jouer avec timbre Espagnol authentique !!!<\/p>\n<p>A Essayer !!!<\/p>\n","protected":false},"featured_media":30830,"comment_status":"closed","ping_status":"closed","template":"","meta":{"_mo_disable_npp":""},"product_brand":[],"product_cat":[1058,1053],"product_tag":[1268,1195,1202,1203],"class_list":{"0":"post-30828","1":"product","2":"type-product","3":"status-publish","4":"has-post-thumbnail","6":"product_cat-guitares","7":"product_cat-guitares-flamenco","8":"product_tag-francisco-esteve-flamenco-guitars-fr","9":"product_tag-francisco-esteve-guitars-fr","10":"product_tag-hand-made-guitars-from-spain-fr","11":"product_tag-hand-made-guitars-montreal-canada-fr","12":"sales-flash-overlay","13":"woocommerce-text-align-left","14":"woocommerce-image-align-center","15":"do-quantity-buttons","16":"wc-has-gallery","18":"first","19":"onbackorder","20":"taxable","21":"shipping-taxable","22":"purchasable","23":"product-type-simple"},"_links":{"self":[{"href":"https:\/\/www.grandsalondeguitare.com\/fr\/wp-json\/wp\/v2\/product\/30828","targetHints":{"allow":["GET"]}}],"collection":[{"href":"https:\/\/www.grandsalondeguitare.com\/fr\/wp-json\/wp\/v2\/product"}],"about":[{"href":"https:\/\/www.grandsalondeguitare.com\/fr\/wp-json\/wp\/v2\/types\/product"}],"replies":[{"embeddable":true,"href":"https:\/\/www.grandsalondeguitare.com\/fr\/wp-json\/wp\/v2\/comments?post=30828"}],"wp:featuredmedia":[{"embeddable":true,"href":"https:\/\/www.grandsalondeguitare.com\/fr\/wp-json\/wp\/v2\/media\/30830"}],"wp:attachment":[{"href":"https:\/\/www.grandsalondeguitare.com\/fr\/wp-json\/wp\/v2\/media?parent=30828"}],"wp:term":[{"taxonomy":"product_brand","embeddable":true,"href":"https:\/\/www.grandsalondeguitare.com\/fr\/wp-json\/wp\/v2\/product_brand?post=30828"},{"taxonomy":"product_cat","embeddable":true,"href":"https:\/\/www.grandsalondeguitare.com\/fr\/wp-json\/wp\/v2\/product_cat?post=30828"},{"taxonomy":"product_tag","embeddable":true,"href":"https:\/\/www.grandsalondeguitare.com\/fr\/wp-json\/wp\/v2\/product_tag?post=30828"}],"curies":[{"name":"wp","href":"https:\/\/api.w.org\/{rel}","templated":true}]}}