{"id":30697,"date":"2023-07-27T16:58:02","date_gmt":"2023-07-27T21:58:02","guid":{"rendered":"https:\/\/www.grandsalondeguitare.com\/?post_type=product&#038;p=30697"},"modified":"2023-07-27T17:21:20","modified_gmt":"2023-07-27T22:21:20","slug":"c-707-jose-ramirez-1a-spain","status":"publish","type":"product","link":"https:\/\/www.grandsalondeguitare.com\/fr\/produit\/c-707-jose-ramirez-1a-spain\/","title":{"rendered":"C-707, Jose Ramirez 1a (Espagne)"},"content":{"rendered":"<p>Guitare classique de concert Jose Ramirez<\/p>\n<p>Mod\u00e8le 1a<\/p>\n<p>Fabriqu\u00e9 en 2002<\/p>\n<p>N-Y2-021<\/p>\n<p>\u00a0\u00bb C-650 Tradicional \u00ab\u00a0<\/p>\n<p>\u00c9chelle standard de 650\u00a0mm avec 52\u00a0mm au sillet<\/p>\n<p>Table en c\u00e8dre rouge de l&rsquo;Ouest<\/p>\n<p>Dos et \u00e9clisses en palissandre indien<\/p>\n<p>Manche en c\u00e8dre espagnol avec renfort en \u00e9b\u00e8ne<\/p>\n<p>Touche en \u00e9b\u00e8ne<\/p>\n<p>M\u00e9caniques d&rsquo;origine Fustero<\/p>\n<p>Finition enti\u00e8rement laqu\u00e9e<\/p>\n<p>\u00c9tui rigide d&rsquo;origine inclus<\/p>\n<p>&nbsp;<\/p>\n<p>Le poids de la guitare est de 1,75 kg \/ 3,858 lb<\/p>\n<p>La longueur du corps est de 48,5 cm \/ 19,09 pouces<\/p>\n<p>Le bout sup\u00e9rieur est de 28,5 cm \/ 11,22 pouces<\/p>\n<p>Le bout inf\u00e9rieur est de 37 cm \/ 14,56 pouces<\/p>\n<p>La profondeur du corps est de 10,3 cm\/ 4,055 pouces<\/p>\n","protected":false},"excerpt":{"rendered":"<p>Un superbe mod\u00e8le \u00ab\u00a01 a tradicional\u00a0\u00bb avec une \u00e9chelle standard de 650 mm !!!<\/p>\n<p>Ce Ramirez est en tr\u00e8s bon \u00e9tat&#8230;pas de fissures ni de r\u00e9parations !!!<\/p>\n<p>Action basse, tr\u00e8s facile \u00e0 jouer&#8230; offre un timbre espagnol luxuriant avec ses basses chaudes et sombres et ses magnifiques aigus chantants<\/p>\n<p>Un essaie s&rsquo;impose !!!<\/p>\n","protected":false},"featured_media":30699,"comment_status":"closed","ping_status":"closed","template":"","meta":{"_mo_disable_npp":""},"product_brand":[],"product_cat":[1058,1057],"product_tag":[1202,1339,1340,1341,1342],"class_list":{"0":"post-30697","1":"product","2":"type-product","3":"status-publish","4":"has-post-thumbnail","6":"product_cat-guitares","7":"product_cat-guitares-classique","8":"product_tag-hand-made-guitars-from-spain-fr","9":"product_tag-ramirez-1a-fr","10":"product_tag-ramirez-1a-guitars-from-spain-fr","11":"product_tag-ramirez-guitars-in-montreal-canada-fr","12":"product_tag-spanish-1a-guitar-fr","13":"sales-flash-overlay","14":"woocommerce-text-align-left","15":"woocommerce-image-align-center","16":"do-quantity-buttons","17":"wc-has-gallery","19":"first","20":"outofstock","21":"sold-individually","22":"taxable","23":"shipping-taxable","24":"product-type-simple"},"_links":{"self":[{"href":"https:\/\/www.grandsalondeguitare.com\/fr\/wp-json\/wp\/v2\/product\/30697","targetHints":{"allow":["GET"]}}],"collection":[{"href":"https:\/\/www.grandsalondeguitare.com\/fr\/wp-json\/wp\/v2\/product"}],"about":[{"href":"https:\/\/www.grandsalondeguitare.com\/fr\/wp-json\/wp\/v2\/types\/product"}],"replies":[{"embeddable":true,"href":"https:\/\/www.grandsalondeguitare.com\/fr\/wp-json\/wp\/v2\/comments?post=30697"}],"wp:featuredmedia":[{"embeddable":true,"href":"https:\/\/www.grandsalondeguitare.com\/fr\/wp-json\/wp\/v2\/media\/30699"}],"wp:attachment":[{"href":"https:\/\/www.grandsalondeguitare.com\/fr\/wp-json\/wp\/v2\/media?parent=30697"}],"wp:term":[{"taxonomy":"product_brand","embeddable":true,"href":"https:\/\/www.grandsalondeguitare.com\/fr\/wp-json\/wp\/v2\/product_brand?post=30697"},{"taxonomy":"product_cat","embeddable":true,"href":"https:\/\/www.grandsalondeguitare.com\/fr\/wp-json\/wp\/v2\/product_cat?post=30697"},{"taxonomy":"product_tag","embeddable":true,"href":"https:\/\/www.grandsalondeguitare.com\/fr\/wp-json\/wp\/v2\/product_tag?post=30697"}],"curies":[{"name":"wp","href":"https:\/\/api.w.org\/{rel}","templated":true}]}}