{"id":30635,"date":"2023-07-20T15:50:26","date_gmt":"2023-07-20T20:50:26","guid":{"rendered":"https:\/\/www.grandsalondeguitare.com\/?post_type=product&#038;p=30635"},"modified":"2025-12-31T10:21:07","modified_gmt":"2025-12-31T15:21:07","slug":"c-679-david-ryer-canada-copy-2","status":"publish","type":"product","link":"https:\/\/www.grandsalondeguitare.com\/fr\/produit\/c-679-david-ryer-canada-copy-2\/","title":{"rendered":"C-706, David Ryer (Canada)"},"content":{"rendered":"<p>Guitare classique double table de concert<\/p>\n<p>Ann\u00e9e 2023<\/p>\n<p>N-010523C<\/p>\n<p>Longueur d&rsquo;\u00e9chelle de 630 mm avec sillet de 51 mm<\/p>\n<p>Double table en c\u00e8dre<\/p>\n<p>Couche interne en paulownia<\/p>\n<p>Dos &amp; \u00e9clisses en Ziricote<\/p>\n<p>Les c\u00f4t\u00e9s et le dos sont lamin\u00e9s \u00e0 l&rsquo;int\u00e9rieur avec du c\u00e8dre espagnol<\/p>\n<p>Touche en Ziricote avec 20\u00e8me frette<\/p>\n<p>Manche sur\u00e9lev\u00e9 en c\u00e8dre Espagnol (finition satin\u00e9e) renforcer avec du fibre de carbone<\/p>\n<p>Repose bras, pont, placage de la t\u00eate avant et arri\u00e8re en Ziricote<\/p>\n<p>Port de son + couvercle<\/p>\n<p>Reliures et rosace accentu\u00e9es avec du zizicote &amp; acajou<\/p>\n<p>M\u00e9caniques Scheller Grandtune avec boutons en bois d&rsquo;amourette<\/p>\n<p>Frettes EVO (Or)<\/p>\n<p>Table d&rsquo;harmonie finis au tampon en polis Fran\u00e7ais<\/p>\n<p>Finition en polyur\u00e9thane sur le dos, les \u00e9clisses, la tete, le repose bras et le couvercle du port de son<\/p>\n<p>Etuis en fibre de verre incluse<\/p>\n<p>Le poids de la guitare est de 1,80 kg \/ 3,968 lb<\/p>\n<p>La longueur du corps est de 48\u00a0cm \/ 18.89 pouces<\/p>\n<p>Le bout sup\u00e9rieur est de 27.5 cm \/ 10 7\/8 pouces<\/p>\n<p>Le bout inf\u00e9rieur est de 37 cm \/ 14,56 pouces<\/p>\n<p>La profondeur du corps est de 9,8 cm\/ 3 7\/8 pouces<\/p>\n<p>&nbsp;<\/p>\n<p>Du site Web de David Ryer&#8230;<\/p>\n<p>J&rsquo;ai toujours eu une profonde appr\u00e9ciation pour le travail du bois fin, en particulier en ce qui concerne les instruments de musique.<\/p>\n<p>\u00c0 la fin des ann\u00e9es 1980, j&rsquo;ai r\u00e9par\u00e9 des instruments \u00e0 cordes pour des magasins de musique locaux et depuis le tournant du mill\u00e9naire, j&rsquo;ai nourri mon \u00e2me tout en apprenant l&rsquo;art de fabriquer des guitares acoustiques\/classiques de haute qualit\u00e9.<\/p>\n<p>J&rsquo;ai eu la chance d&rsquo;avoir acquis ma formation initiale aupr\u00e8s de Sergei de Jonge en 2000 et encore une fois, j&rsquo;ai pu travailler avec Sergei pendant plus de 2 ans dans sa boutique.<\/p>\n<p>J&rsquo;ai r\u00e9alis\u00e9 qu&rsquo;il n&rsquo;y a pas de meilleure fa\u00e7on de vivre que de faire ce qui me passionne. L&rsquo;art et l&rsquo;artisanat de construire quelque chose de si magnifiquement majestueux, riche en d\u00e9tails, technologiquement avanc\u00e9 et pourtant si simple.<\/p>\n<p>La guitare, sous toutes ses formes, existe depuis des \u00e9ons, si largement reconnue et appr\u00e9ci\u00e9e dans le monde entier et pourtant, il y a encore tant \u00e0 apprendre, tant de nuances qui rendent chaque guitare unique et personnelle.<\/p>\n<p>Je ne m&rsquo;attends pas et je ne veux pas que l&rsquo;apprentissage se termine. La construction des guitares est un travail d&rsquo;amour de toute une vie o\u00f9 l&rsquo;apprentissage ne s&rsquo;arr\u00eate jamais.<\/p>\n","protected":false},"excerpt":{"rendered":"[youtube v=uKWNu1nNFPI maxwidth=\"800px\"]\n<p>&nbsp;<\/p>\n<p>Excellente double table par David Ryer !<\/p>\n<p>Echelle courte de 630mm !<\/p>\n<p>Belle voix chantante, facile \u00e0 jouer avec projection de niveau concert !<\/p>\n","protected":false},"featured_media":30637,"comment_status":"closed","ping_status":"closed","template":"","meta":{"_mo_disable_npp":""},"product_brand":[],"product_cat":[2258,1058,1057],"product_tag":[],"class_list":{"0":"post-30635","1":"product","2":"type-product","3":"status-publish","4":"has-post-thumbnail","6":"product_cat-double-tops","7":"product_cat-guitares","8":"product_cat-guitares-classique","9":"sales-flash-overlay","10":"woocommerce-text-align-left","11":"woocommerce-image-align-center","12":"do-quantity-buttons","13":"wc-has-gallery","15":"first","16":"outofstock","17":"taxable","18":"shipping-taxable","19":"product-type-simple"},"_links":{"self":[{"href":"https:\/\/www.grandsalondeguitare.com\/fr\/wp-json\/wp\/v2\/product\/30635","targetHints":{"allow":["GET"]}}],"collection":[{"href":"https:\/\/www.grandsalondeguitare.com\/fr\/wp-json\/wp\/v2\/product"}],"about":[{"href":"https:\/\/www.grandsalondeguitare.com\/fr\/wp-json\/wp\/v2\/types\/product"}],"replies":[{"embeddable":true,"href":"https:\/\/www.grandsalondeguitare.com\/fr\/wp-json\/wp\/v2\/comments?post=30635"}],"wp:featuredmedia":[{"embeddable":true,"href":"https:\/\/www.grandsalondeguitare.com\/fr\/wp-json\/wp\/v2\/media\/30637"}],"wp:attachment":[{"href":"https:\/\/www.grandsalondeguitare.com\/fr\/wp-json\/wp\/v2\/media?parent=30635"}],"wp:term":[{"taxonomy":"product_brand","embeddable":true,"href":"https:\/\/www.grandsalondeguitare.com\/fr\/wp-json\/wp\/v2\/product_brand?post=30635"},{"taxonomy":"product_cat","embeddable":true,"href":"https:\/\/www.grandsalondeguitare.com\/fr\/wp-json\/wp\/v2\/product_cat?post=30635"},{"taxonomy":"product_tag","embeddable":true,"href":"https:\/\/www.grandsalondeguitare.com\/fr\/wp-json\/wp\/v2\/product_tag?post=30635"}],"curies":[{"name":"wp","href":"https:\/\/api.w.org\/{rel}","templated":true}]}}