{"id":30474,"date":"2023-07-01T14:15:00","date_gmt":"2023-07-01T19:15:00","guid":{"rendered":"https:\/\/www.grandsalondeguitare.com\/?post_type=product&#038;p=30474"},"modified":"2025-10-21T09:30:43","modified_gmt":"2025-10-21T14:30:43","slug":"c-692-johannes-kitselis-suede-copy","status":"publish","type":"product","link":"https:\/\/www.grandsalondeguitare.com\/fr\/produit\/c-692-johannes-kitselis-suede-copy\/","title":{"rendered":"C-704, Reza Safavian (Allemagne)"},"content":{"rendered":"<p>Nouvelle guitare classique de concert<\/p>\n<p>Ann\u00e9e 2023<\/p>\n<p>\u00c9chelle de 650 mm avec sillet de 52 mm<\/p>\n<p>Double table<\/p>\n<p>C\u00e8dre rouge canadien\/c\u00e8dre<\/p>\n<p>Noyau interne en Nomex<\/p>\n<p>Fond et \u00e9clisses en palissandre de Madagascar<\/p>\n<p>Manche sur\u00e9lev\u00e9 en c\u00e8dre du Br\u00e9sil<\/p>\n<p>Touche en \u00e9b\u00e8ne d&rsquo;Afrique de l&rsquo;Ouest<\/p>\n<p>Chevalet et placage de la t\u00eate en palissandre de Madagascar<\/p>\n<p>M\u00e9caniques d&rsquo;accordage Pagos fabriqu\u00e9s en Italie<\/p>\n<p>Finition au tampon a la main en polis Fran\u00e7ais<\/p>\n<p>Etui Hiscox Liteflite PROII inclus<\/p>\n<p>&nbsp;<\/p>\n<p>Le poids de la guitare est de 1,5 kg \/ 3,30 lb<\/p>\n<p>La longueur du corps est de 48,5 cm \/ 19,09 pouces<\/p>\n<p>La profondeur du corps est de 10 cm \/ 3,93 pouces<\/p>\n<p>Le bout sup\u00e9rieur mesure 28\u00a0cm\u00a0\/ 11,02\u00a0pouces<\/p>\n<p>Le bout inf\u00e9rieur est de 37 cm \/ 14,56 pouces<\/p>\n<p>&nbsp;<\/p>\n<p>Tous les bois utilis\u00e9s sur cette guitare sont de qualit\u00e9 sup\u00e9rieure, m\u00eame les tables en c\u00e8dre, sont enti\u00e8rement coup\u00e9s et fa\u00e7onn\u00e9s \u00e0 la main par le luthier !!!\u00a0Des bois et un savoir-faire tout simplement exquis !!!<\/p>\n<p>Les guitares fabriqu\u00e9es par Reza sont proches des ultimes guitares double table Allemande, elles rivalisent avec les meilleurs des meilleurs (guitares qui co\u00fbtent 30,000$ + et ont des listes d&rsquo;attente de plus de 10 ans).<\/p>\n<p>Reza est un ami proche de Matthias Dammann, le plus c\u00e9l\u00e8bre luthier fabriquant de double table Allemande et devient lui-m\u00eame tr\u00e8s recherch\u00e9 &#8211; Reza ne fabriquant que 4 \u00e0 6 instruments par an&#8230;<\/p>\n<p>Nous sommes fiers d&rsquo;\u00eatre le revendeur Canadien officiel des guitares de Reza Safavian<\/p>\n","protected":false},"excerpt":{"rendered":"<p>Direct de l&rsquo;Allemagne, voici notre premi\u00e8re guitare double table par le luthier Reza Safavian !!!<\/p>\n<p>Une fantastique nouvelle double table en c\u00e8dre offrant beaucoup de pr\u00e9sence, des basses sombres et puissantes et de beaux aigus chantants !!!<\/p>\n<p>Excellent balance entre les notes et sustain avec un grand\u00a0projection de niveau concert !!!<\/p>\n<p>Reza Safavian a une liste d&rsquo;attente de 4 ans et ses guitares sont largement compar\u00e9es \u00e0 celles que construit son ami, Mathias Dammann !!!<\/p>\n","protected":false},"featured_media":30476,"comment_status":"closed","ping_status":"closed","template":"","meta":{"_mo_disable_npp":""},"product_brand":[],"product_cat":[2257,1058,1057],"product_tag":[1062],"class_list":{"0":"post-30474","1":"product","2":"type-product","3":"status-publish","4":"has-post-thumbnail","6":"product_cat-double-tables","7":"product_cat-guitares","8":"product_cat-guitares-classique","9":"product_tag-high-end-guitar-showroom-montreal-canada-fr","10":"sales-flash-overlay","11":"woocommerce-text-align-left","12":"woocommerce-image-align-center","13":"do-quantity-buttons","14":"wc-has-gallery","16":"first","17":"outofstock","18":"sold-individually","19":"taxable","20":"shipping-taxable","21":"product-type-simple"},"_links":{"self":[{"href":"https:\/\/www.grandsalondeguitare.com\/fr\/wp-json\/wp\/v2\/product\/30474","targetHints":{"allow":["GET"]}}],"collection":[{"href":"https:\/\/www.grandsalondeguitare.com\/fr\/wp-json\/wp\/v2\/product"}],"about":[{"href":"https:\/\/www.grandsalondeguitare.com\/fr\/wp-json\/wp\/v2\/types\/product"}],"replies":[{"embeddable":true,"href":"https:\/\/www.grandsalondeguitare.com\/fr\/wp-json\/wp\/v2\/comments?post=30474"}],"wp:featuredmedia":[{"embeddable":true,"href":"https:\/\/www.grandsalondeguitare.com\/fr\/wp-json\/wp\/v2\/media\/30476"}],"wp:attachment":[{"href":"https:\/\/www.grandsalondeguitare.com\/fr\/wp-json\/wp\/v2\/media?parent=30474"}],"wp:term":[{"taxonomy":"product_brand","embeddable":true,"href":"https:\/\/www.grandsalondeguitare.com\/fr\/wp-json\/wp\/v2\/product_brand?post=30474"},{"taxonomy":"product_cat","embeddable":true,"href":"https:\/\/www.grandsalondeguitare.com\/fr\/wp-json\/wp\/v2\/product_cat?post=30474"},{"taxonomy":"product_tag","embeddable":true,"href":"https:\/\/www.grandsalondeguitare.com\/fr\/wp-json\/wp\/v2\/product_tag?post=30474"}],"curies":[{"name":"wp","href":"https:\/\/api.w.org\/{rel}","templated":true}]}}