{"id":30418,"date":"2023-06-28T14:11:42","date_gmt":"2023-06-28T19:11:42","guid":{"rendered":"https:\/\/www.grandsalondeguitare.com\/?post_type=product&#038;p=30418"},"modified":"2025-11-16T14:16:06","modified_gmt":"2025-11-16T19:16:06","slug":"c-703-w-jellinghaus-fe-17-1a","status":"publish","type":"product","link":"https:\/\/www.grandsalondeguitare.com\/fr\/produit\/c-703-w-jellinghaus-fe-17-1a\/","title":{"rendered":"C-703, W. Jellinghaus \u00ab\u00a0FE 17-1A\u00a0\u00bb"},"content":{"rendered":"<p>Antonio De Torres (1817-1892)<\/p>\n<p>Nouvelle r\u00e9plique Wolfgang Jellinghaus<\/p>\n<p>\u00a0\u00bb Mod\u00e8le FE 17-1A \u00a0\u00bb avec filets sp\u00e9ciaux<\/p>\n<p>\u00c9chelle de 645 mm<\/p>\n<p>Sillet de 52 mm<\/p>\n<p>Table en \u00e9pic\u00e9a Allemande \u00ab\u00a0Moon cut\u00a0\u00bb<\/p>\n<p>Fond et \u00e9clisses en \u00e9rable<\/p>\n<p>Manche en c\u00e8dre<\/p>\n<p>Touche en \u00e9b\u00e8ne<\/p>\n<p>Rosace en bois<\/p>\n<p>Chevalet et placage de la t\u00eate en bois de violette<\/p>\n<p>Sillets en os<\/p>\n<p>M\u00e9caniques Der Jung au rapport 1:18<\/p>\n<p>Finition polie fran\u00e7aise frott\u00e9e \u00e0 la main avec un aspect relique<\/p>\n<p>\u00c9tui rigide sur mesure inclus<\/p>\n<p>La guitare mesure 965 mm \/ 37,99 pouces de hauteur<\/p>\n<p>La longueur du corps est de 457 mm \/ 17,99 pouces<\/p>\n<p>Le bout sup\u00e9rieur est de 254 mm \/ 10 pouces<\/p>\n<p>Le bout inf\u00e9rieur est de 330 mm \/ 12,99 pouces<\/p>\n<p>la largeur est de 890\u00a0mm\u00a0\/\u00a035,039\u00a0pouces<\/p>\n<p>Le poids de la guitare est de 1,3 kg \/ 2,8 lb<\/p>\n<p>*** Veuillez noter que les photos de stock sont utilis\u00e9es pour la liste de ce mod\u00e8le, la guitare exacte illustr\u00e9e n&rsquo;est plus disponible, la nouvelle guitare offerte diff\u00e9rera l\u00e9g\u00e8rement des images actuelles ***<\/p>\n<p>Ce mod\u00e8le est une reproduction exacte de la soi-disant guitare T\u00e1rrega (FE 17), qui a \u00e9t\u00e9 construite par Antonio de Torres en 1864. C&rsquo;est l&rsquo;un de ses plus petits mod\u00e8les et compt\u00e9 \u00e0 l&rsquo;\u00e9poque comme l&rsquo;un de ses \u00ab\u00a0meilleurs et plus chers\u00a0\u00bb. &lsquo;guitares&#8230;<\/p>\n<p>Fabriqu\u00e9 au Milestone Luthier Center, fond\u00e9 en 2013 par Wolfgang Jellinghaus &amp; Michael Zhang.<\/p>\n<p>L&rsquo;objectif du Milestone Luthier Center est de reconstruire l&rsquo;histoire de la fabrication de guitares classiques en s\u00e9lectionnant six ma\u00eetres luthiers diff\u00e9rents des 230 derni\u00e8res ann\u00e9es qui ont \u00e9tabli de nouvelles normes pour la fabrication de guitares en termes de construction et de son.<\/p>\n<p>Le centre de R &amp; D est \u00e0 Dortmund en Allemagne et l&rsquo;atelier de fabrication de guitares est \u00e0 Guangzhou en Chine<\/p>\n<p>Nous sommes fiers d&rsquo;\u00eatre le revendeur canadien officiel des guitares Wolfgang Jellinghaus<\/p>\n<p>&nbsp;<\/p>\n<div id=\"erdyt-6a009f1942704\" data-id=\"bPxIT0N9STo\" class=\"erd-youtube-responsive\" style=\"display:block;position:relative;clear:both;width:100%;max-width:800px;margin-left:auto;margin-right:auto;\"><div style=\"padding-bottom:56.25%;\"><div class=\"erd-ytplay\" id=\"erdytp-bPxIT0N9STo-6a009f1942704\" data-vid=\"bPxIT0N9STo\"   data-src=\"https:\/\/www.youtube.com\/embed\/bPxIT0N9STo?loop=1&#038;autoplay=1&#038;rel=0\" data-allowfullscreen=\"true\"><img decoding=\"async\" src=\"https:\/\/i.ytimg.com\/vi\/bPxIT0N9STo\/hqdefault.jpg\" alt=\"YouTube Video\" \/><\/div><\/div><\/div>\n","protected":false},"excerpt":{"rendered":"[youtube v=Y4avk8Od7lM maxwidth=\"800px\"]\n<p>&nbsp;<\/p>\n<p>Reproduction exacte de la guitare dite T\u00e1rrega (FE 17)<\/p>\n<p>Une guitare magnifique avec un tr\u00e8s beau timbre&#8230;<\/p>\n<p>Excellent savoir-faire avec une jouabilit\u00e9 facile&#8230;<\/p>\n<p>Une \u0153uvre d&rsquo;art !!! Un \u00ab\u00a0must have\u00a0\u00bb pour tous ceux qui cherchent \u00e0 poss\u00e9der une guitare Torres !!!<\/p>\n<p>Le look relique et l&rsquo;application du polis Fran\u00e7ais sont extr\u00eamement bien ex\u00e9cut\u00e9s !!!<\/p>\n","protected":false},"featured_media":30425,"comment_status":"closed","ping_status":"closed","template":"","meta":{"_mo_disable_npp":""},"product_brand":[],"product_cat":[1058,1057],"product_tag":[1298,1299,1300,1301,1302,1186],"class_list":{"0":"post-30418","1":"product","2":"type-product","3":"status-publish","4":"has-post-thumbnail","6":"product_cat-guitares","7":"product_cat-guitares-classique","8":"product_tag-antonio-de-torres-classical-guitars-fr","9":"product_tag-antonio-de-torres-fe-17-fr","10":"product_tag-torres-classical-guitar-montreal-canada-fr","11":"product_tag-torres-replica-classical-guitars-fr","12":"product_tag-torres-replica-models-montreal-canada-fr","13":"product_tag-wolfgang-jellinghaus-german-luthier-fr","14":"sales-flash-overlay","15":"woocommerce-text-align-left","16":"woocommerce-image-align-center","17":"do-quantity-buttons","18":"wc-has-gallery","20":"first","21":"onbackorder","22":"sold-individually","23":"taxable","24":"shipping-taxable","25":"purchasable","26":"product-type-simple"},"_links":{"self":[{"href":"https:\/\/www.grandsalondeguitare.com\/fr\/wp-json\/wp\/v2\/product\/30418","targetHints":{"allow":["GET"]}}],"collection":[{"href":"https:\/\/www.grandsalondeguitare.com\/fr\/wp-json\/wp\/v2\/product"}],"about":[{"href":"https:\/\/www.grandsalondeguitare.com\/fr\/wp-json\/wp\/v2\/types\/product"}],"replies":[{"embeddable":true,"href":"https:\/\/www.grandsalondeguitare.com\/fr\/wp-json\/wp\/v2\/comments?post=30418"}],"wp:featuredmedia":[{"embeddable":true,"href":"https:\/\/www.grandsalondeguitare.com\/fr\/wp-json\/wp\/v2\/media\/30425"}],"wp:attachment":[{"href":"https:\/\/www.grandsalondeguitare.com\/fr\/wp-json\/wp\/v2\/media?parent=30418"}],"wp:term":[{"taxonomy":"product_brand","embeddable":true,"href":"https:\/\/www.grandsalondeguitare.com\/fr\/wp-json\/wp\/v2\/product_brand?post=30418"},{"taxonomy":"product_cat","embeddable":true,"href":"https:\/\/www.grandsalondeguitare.com\/fr\/wp-json\/wp\/v2\/product_cat?post=30418"},{"taxonomy":"product_tag","embeddable":true,"href":"https:\/\/www.grandsalondeguitare.com\/fr\/wp-json\/wp\/v2\/product_tag?post=30418"}],"curies":[{"name":"wp","href":"https:\/\/api.w.org\/{rel}","templated":true}]}}