{"id":30172,"date":"2023-06-20T15:13:44","date_gmt":"2023-06-20T20:13:45","guid":{"rendered":"https:\/\/www.grandsalondeguitare.com\/?post_type=product&#038;p=30172"},"modified":"2023-06-20T16:01:40","modified_gmt":"2023-06-20T21:01:40","slug":"c-532-cordoba-c-10-chine-copy","status":"publish","type":"product","link":"https:\/\/www.grandsalondeguitare.com\/fr\/produit\/c-532-cordoba-c-10-chine-copy\/","title":{"rendered":"F-700, Cordoba FCWE ( Gypsy Kings)"},"content":{"rendered":"<p>Nouvelle guitare flamenca<\/p>\n<p>R\u00e9\u00e9dition \u00ab\u00a0Gypsy Kings\u00a0\u00bb<\/p>\n<p>Mod\u00e8le FCWE,\u00a0\u00c9lectro-acoustique avec corps mince<\/p>\n<p>\u00c9chelle de 650 mm avec sillet de 50 mm<\/p>\n<p>Table en \u00e9pic\u00e9a europ\u00e9en<\/p>\n<p>Dos et \u00e9clisses en cypr\u00e8s massif<\/p>\n<p>Manche en c\u00e8dre espagnol (forme de U)\u00a0<\/p>\n<p>Touche en \u00e9b\u00e8ne<\/p>\n<p>Truss rod double action (cl\u00e9 de 4 mm)<\/p>\n<p>Chevalet et placage de la t\u00eate en palissandre indien\u00a0<\/p>\n<p>Filets en \u00e9rable &amp; \u00e9b\u00e8ne<\/p>\n<p>Reliure en palissandre Indien<\/p>\n<p>Joint du cou talon Espagnol<\/p>\n<p>M\u00e9caniques Der Jung DJ305GK-P6B<\/p>\n<p>Pr\u00e9ampli Fishman Prefix ProBlend<\/p>\n<p>Finition brillante polyur\u00e9thane<\/p>\n<p>\u00c9tui rigide Cordoba Humicase Protege inclus<\/p>\n<p>Le poids est de 1,8 kg \/ 4 lb<\/p>\n<p>\u00c9paisseur du manche de 21,5 mm \u00e0 la 1\u00e8re frette<\/p>\n<p>\u00c9paisseur du manche de 25 mm \u00e0 la 9e frette<\/p>\n<p>Bout sup\u00e9rieur de 276 mm<\/p>\n<p>Bout inf\u00e9rieur de 368\u00a0mm<\/p>\n<p>Profondeur du corps est de 65 mm au bout sup\u00e9rieur<\/p>\n<p>Profondeur du corps est de 70 mm au niveau inf\u00e9rieur<\/p>\n<p>Longueur du corps 483 mm (19&Prime;)<\/p>\n<p>Longueur totale 972mm (38 1\/4)<\/p>\n<p>Initialement sorti \u00e0 la fin des ann\u00e9es 1990, le FCWE de fabrication espagnole est un morceau de l&rsquo;histoire de Cordoba.<\/p>\n<p>Pr\u00eat \u00e0 monter sur sc\u00e8ne avec vous, le puissant pr\u00e9ampli Fishman Prefix ProBlend int\u00e9gr\u00e9 du FCWE et sa conception \u00e0 corps mince aident \u00e0 r\u00e9duire le \u00ab\u00a0Feedback\u00a0\u00bb lorsque la guitare est amplifi\u00e9e \u00e0 des volumes \u00e9lev\u00e9s.<\/p>\n<p>L&rsquo;action basse et le peu de relief dans le manche rendent cette guitare confortable et facile \u00e0 jouer.<\/p>\n<p>Une tige de r\u00e9glage bidirectionnelle est int\u00e9gr\u00e9e dans le manche en c\u00e8dre espagnol pour une stabilit\u00e9 \u00e0 long terme<\/p>\n","protected":false},"excerpt":{"rendered":"<p>Initialement sorti \u00e0 la fin des ann\u00e9es 1990, le FCWE de fabrication espagnole est un morceau de l&rsquo;histoire de Cordoba.<\/p>\n<p>Pr\u00eat \u00e0 monter sur sc\u00e8ne avec vous, le puissant pr\u00e9ampli Fishman Prefix ProBlend int\u00e9gr\u00e9 du FCWE et sa conception \u00e0 corps mince aident \u00e0 r\u00e9duire le \u00ab\u00a0Feedback\u00a0\u00bb lorsque la guitare est amplifi\u00e9e \u00e0 des volumes \u00e9lev\u00e9s.<\/p>\n<p>Il est dot\u00e9 d&rsquo;une table en \u00e9pic\u00e9a europ\u00e9en massif et d&rsquo;un dos et d&rsquo;\u00e9clisses en cypr\u00e8s espagnol massif avec barrage en \u00e9ventail et talon espagnol pour une projection optimale.<\/p>\n","protected":false},"featured_media":30176,"comment_status":"closed","ping_status":"closed","template":"","meta":{"_mo_disable_npp":""},"product_brand":[],"product_cat":[1058,1053],"product_tag":[1578],"class_list":{"0":"post-30172","1":"product","2":"type-product","3":"status-publish","4":"has-post-thumbnail","6":"product_cat-guitares","7":"product_cat-guitares-flamenco","8":"product_tag-cordoba-guitars-in-montreal-fr","9":"sales-flash-overlay","10":"woocommerce-text-align-left","11":"woocommerce-image-align-center","12":"do-quantity-buttons","13":"wc-has-gallery","15":"first","16":"outofstock","17":"taxable","18":"shipping-taxable","19":"product-type-simple"},"_links":{"self":[{"href":"https:\/\/www.grandsalondeguitare.com\/fr\/wp-json\/wp\/v2\/product\/30172","targetHints":{"allow":["GET"]}}],"collection":[{"href":"https:\/\/www.grandsalondeguitare.com\/fr\/wp-json\/wp\/v2\/product"}],"about":[{"href":"https:\/\/www.grandsalondeguitare.com\/fr\/wp-json\/wp\/v2\/types\/product"}],"replies":[{"embeddable":true,"href":"https:\/\/www.grandsalondeguitare.com\/fr\/wp-json\/wp\/v2\/comments?post=30172"}],"wp:featuredmedia":[{"embeddable":true,"href":"https:\/\/www.grandsalondeguitare.com\/fr\/wp-json\/wp\/v2\/media\/30176"}],"wp:attachment":[{"href":"https:\/\/www.grandsalondeguitare.com\/fr\/wp-json\/wp\/v2\/media?parent=30172"}],"wp:term":[{"taxonomy":"product_brand","embeddable":true,"href":"https:\/\/www.grandsalondeguitare.com\/fr\/wp-json\/wp\/v2\/product_brand?post=30172"},{"taxonomy":"product_cat","embeddable":true,"href":"https:\/\/www.grandsalondeguitare.com\/fr\/wp-json\/wp\/v2\/product_cat?post=30172"},{"taxonomy":"product_tag","embeddable":true,"href":"https:\/\/www.grandsalondeguitare.com\/fr\/wp-json\/wp\/v2\/product_tag?post=30172"}],"curies":[{"name":"wp","href":"https:\/\/api.w.org\/{rel}","templated":true}]}}