{"id":30054,"date":"2023-06-14T16:57:50","date_gmt":"2023-06-14T21:57:51","guid":{"rendered":"https:\/\/www.grandsalondeguitare.com\/?post_type=product&#038;p=30054"},"modified":"2023-08-01T14:39:09","modified_gmt":"2023-08-01T19:39:09","slug":"c-682-sakurai-kohno-japon-copy","status":"publish","type":"product","link":"https:\/\/www.grandsalondeguitare.com\/fr\/produit\/c-682-sakurai-kohno-japon-copy\/","title":{"rendered":"C-682, Masaki SAKURAI (Concert-J)"},"content":{"rendered":"<p>Nouvelle guitare classique<\/p>\n<p>Masaki SAKURAI<\/p>\n<p>Mod\u00e8le \u00ab\u00a0Concert- J\u00a0\u00bb<\/p>\n<p>Construit en 2023<\/p>\n<p>\u00c9chelle de 650 mm avec sillet de 52 mm<\/p>\n<p>Table en \u00e9pic\u00e9a<\/p>\n<p>Fond et \u00e9clisses en palissandre du Madagascar<\/p>\n<p>Manche en c\u00e8dre espagnol avec renfort en \u00e9b\u00e8ne<\/p>\n<p>Chevalet et placage de la t\u00eate en palissandre du Madagascar\u00a0<\/p>\n<p>M\u00e9caniques Gotoh 35G1800 avec boutons en \u00e9b\u00e8ne<\/p>\n<p>Finition au laque nitrocellulose<\/p>\n<p>\u00c9tui rigide inclus<\/p>\n<p>La longueur totale de la guitare est de 98 cm \/ 38,5 pouces<\/p>\n<p>La longueur du corps est de 48 cm \/ 18,29 pouces<\/p>\n<p>Le bout sup\u00e9rieur est de 28.5 cm \/ 11,22 pouces<\/p>\n<p>Le bout inf\u00e9rieur est de 37 cm \/ 14,56 pouces<\/p>\n<p>La largeur est de 10 cm \/ 3,937 pouces<\/p>\n<p>Le poids de la guitare est de 1,75 kg \/ 3.85 lb<\/p>\n<p>&nbsp;<\/p>\n<p>Masaki Sakurai, le neveu du grand luthier japonais Masaru Kohno, est n\u00e9 en 1944. Il a \u00e9tudi\u00e9 l&rsquo;ing\u00e9nierie \u00e9lectrique \u00e0 l&rsquo;Universit\u00e9 de Sophia et a rejoint \u00ab\u00a0Kohno Guitar Manufacturing\u00a0\u00bb apr\u00e8s avoir obtenu son dipl\u00f4me en 1967. En 1988, il a remport\u00e9 le prestigieux premier prix au Fourth International Paris Concours de fabrication de guitare.<\/p>\n<p>Les guitares de Masaki Sakurai ont un savoir-faire impeccable et sont connues pour leur facilit\u00e9 de jeu et leur grand volume sonore.<\/p>\n<p>Les guitares de Masaki Sakurai ont un savoir-faire impeccable et sont connues pour leur facilit\u00e9 de jeu et leur grand volume sonore.<\/p>\n<p>Le Masaki Sakurai \u00ab\u00a0Concert J\u00a0\u00bb est tr\u00e8s l\u00e9ger au toucher et impressionne \u00e9galement par sa belle sonorit\u00e9, tandis que les aigus chantants, en particulier, ont attir\u00e9 notre attention, car ils sont tr\u00e8s clairs et d\u00e9licats avec un sustain tr\u00e8s uniforme sur toute la touche. .<\/p>\n<p>La table en \u00e9pic\u00e9a, qui a \u00e9t\u00e9 fa\u00e7onn\u00e9e avec une extr\u00eame pr\u00e9cision, projette sensiblement les tons. C&rsquo;est donc un instrument puissant, chaleureux et r\u00e9actif qui permet un grand contr\u00f4le du timbre et un volume g\u00e9n\u00e9reux avec un minimum d&rsquo;effort.<\/p>\n<p>La pr\u00e9cision du manche et du chantournage se refl\u00e8te \u00e9galement dans la facilit\u00e9 de jeu pour la main gauche. Cet instrument est une guitare tr\u00e8s fiable, d\u00e9j\u00e0 largement mature au niveau du son et digne de confiance au niveau de la qualit\u00e9 de construction.<\/p>\n","protected":false},"excerpt":{"rendered":"[youtube v=dOQLdGbKIIA maxwidth=\"800px\"]\n<p>&nbsp;<\/p>\n<p>La guitare\u00a0Masaki Sakurai \u00ab\u00a0Concert J\u00a0\u00bb est tr\u00e8s l\u00e9ger au toucher et impressionne par sa belle sonorit\u00e9, les aigus chantants, sont clairs et d\u00e9licats avec un sustain tr\u00e8s uniforme sur toute la touche. ..<\/p>\n<p>La table en \u00e9pic\u00e9a, qui a \u00e9t\u00e9 fa\u00e7onn\u00e9e avec une extr\u00eame pr\u00e9cision, projette sensiblement les tons. C&rsquo;est donc un instrument puissant, chaleureux et r\u00e9actif qui permet un grand contr\u00f4le du timbre et un volume g\u00e9n\u00e9reux avec un minimum d&rsquo;effort.<\/p>\n<p>Le but de ce mod\u00e8le est de proposer le son Sakurai au moindre co\u00fbt possible mais sans compromis. Le dos et les \u00e9clisses de la guitare sont en palissandre de Madagascar de haute qualit\u00e9.<\/p>\n<p>Un essaie s&rsquo;impose<\/p>\n","protected":false},"featured_media":30058,"comment_status":"closed","ping_status":"closed","template":"","meta":{"_mo_disable_npp":""},"product_brand":[],"product_cat":[1058,1057],"product_tag":[1904,1905],"class_list":{"0":"post-30054","1":"product","2":"type-product","3":"status-publish","4":"has-post-thumbnail","6":"product_cat-guitares","7":"product_cat-guitares-classique","8":"product_tag-sakurai-guitars-japan-fr","9":"product_tag-sakurai-kohno-guitars-available-in-canada-fr","10":"sales-flash-overlay","11":"woocommerce-text-align-left","12":"woocommerce-image-align-center","13":"do-quantity-buttons","14":"wc-has-gallery","16":"first","17":"outofstock","18":"taxable","19":"shipping-taxable","20":"product-type-simple"},"_links":{"self":[{"href":"https:\/\/www.grandsalondeguitare.com\/fr\/wp-json\/wp\/v2\/product\/30054","targetHints":{"allow":["GET"]}}],"collection":[{"href":"https:\/\/www.grandsalondeguitare.com\/fr\/wp-json\/wp\/v2\/product"}],"about":[{"href":"https:\/\/www.grandsalondeguitare.com\/fr\/wp-json\/wp\/v2\/types\/product"}],"replies":[{"embeddable":true,"href":"https:\/\/www.grandsalondeguitare.com\/fr\/wp-json\/wp\/v2\/comments?post=30054"}],"wp:featuredmedia":[{"embeddable":true,"href":"https:\/\/www.grandsalondeguitare.com\/fr\/wp-json\/wp\/v2\/media\/30058"}],"wp:attachment":[{"href":"https:\/\/www.grandsalondeguitare.com\/fr\/wp-json\/wp\/v2\/media?parent=30054"}],"wp:term":[{"taxonomy":"product_brand","embeddable":true,"href":"https:\/\/www.grandsalondeguitare.com\/fr\/wp-json\/wp\/v2\/product_brand?post=30054"},{"taxonomy":"product_cat","embeddable":true,"href":"https:\/\/www.grandsalondeguitare.com\/fr\/wp-json\/wp\/v2\/product_cat?post=30054"},{"taxonomy":"product_tag","embeddable":true,"href":"https:\/\/www.grandsalondeguitare.com\/fr\/wp-json\/wp\/v2\/product_tag?post=30054"}],"curies":[{"name":"wp","href":"https:\/\/api.w.org\/{rel}","templated":true}]}}