{"id":29922,"date":"2023-05-24T14:52:39","date_gmt":"2023-05-24T19:52:39","guid":{"rendered":"https:\/\/www.grandsalondeguitare.com\/?post_type=product&#038;p=29922"},"modified":"2025-05-21T08:05:52","modified_gmt":"2025-05-21T13:05:52","slug":"a-318-guitarlift-he-med-c-n-m-pan-coupe-copy","status":"publish","type":"product","link":"https:\/\/www.grandsalondeguitare.com\/fr\/produit\/a-318-guitarlift-he-med-c-n-m-pan-coupe-copy\/","title":{"rendered":"A-318, HE Med-Trans-Pan Coup\u00e9"},"content":{"rendered":"<div id=\"erdyt-6a007c3a74d42\" data-id=\"ehWnm9Ac-ts\" class=\"erd-youtube-responsive\" style=\"display:block;position:relative;clear:both;width:100%;max-width:800px;margin-left:auto;margin-right:auto;\"><div style=\"padding-bottom:56.25%;\"><div class=\"erd-ytplay\" id=\"erdytp-ehWnm9Ac-ts-6a007c3a74d42\" data-vid=\"ehWnm9Ac-ts\"   data-src=\"https:\/\/www.youtube.com\/embed\/ehWnm9Ac-ts?loop=1&#038;autoplay=1&#038;rel=0\" data-allowfullscreen=\"true\"><img decoding=\"async\" src=\"https:\/\/i.ytimg.com\/vi\/ehWnm9Ac-ts\/hqdefault.jpg\" alt=\"YouTube Video\" \/><\/div><\/div><\/div>\n<p>&nbsp;<\/p>\n<p>Guitar Lift<\/p>\n<p>\u00a0\u00bb Serie Premium \u00a0\u00bb<\/p>\n<p>Medium Transparent avec Pan coup\u00e9<\/p>\n<p>Con\u00e7u par\u00a0:\u00a0F\u00e9lix\u00a0Justen<\/p>\n<p>Caract\u00e9ristiques sp\u00e9cifiques du produit :<\/p>\n<p>Dimensions ext\u00e9rieures : 46 x 23 cm<\/p>\n<p>Coupe de jambe : 17,5 cm<\/p>\n<p>Poids du produit : env. 610 \u00a0g<\/p>\n<p>La plaque Medium Long est sp\u00e9cialement con\u00e7ue pour les joueurs minces et grands, offrant une hauteur maximale sur la jambe gauche. Il offre la m\u00eame hauteur r\u00e9alisable que le Big Plate, soit de 8 \u00e0 27 cm. Ce mod\u00e8le permet d&rsquo;adopter une position de jeu personnalis\u00e9e, offrant un maximum de confort et de flexibilit\u00e9 pendant le jeu.<\/p>\n<p>La s\u00e9rie de mod\u00e8les Premium Transparent est fabriqu\u00e9e en Perspex\u00ae transparent de 6 mm d&rsquo;\u00e9paisseur, un verre acrylique tremp\u00e9 moderne et extr\u00eamement r\u00e9sistant, encore plus stable que le Plexiglas\u00ae de 4 mm utilis\u00e9 dans les mod\u00e8les Professional-Line. Ce mat\u00e9riau de fabrication complexe est particuli\u00e8rement adapt\u00e9 aux positions de jeu tr\u00e8s \u00e9lev\u00e9es. Tous les mat\u00e9riaux sont soumis \u00e0 un contr\u00f4le de qualit\u00e9 rigoureux et continu et sont produits en collaboration avec des entreprises de l&rsquo;industrie automobile allemande.<\/p>\n<p>Con\u00e7u pour s&rsquo;adapter confortablement \u00e0 chaque jambe, le GUITARLIFT est dot\u00e9 d&rsquo;un grand coussin en caoutchouc spongieux \u00ab\u00a0si\u00e8ge\u00a0\u00bb souple pour tenir parfaitement la guitare.<\/p>\n<p>\u00c9quip\u00e9 de ventouses premium (diam\u00e8tre 50 mm).<\/p>\n<p>Emball\u00e9 individuellement, avec grand coussin en caoutchouc mousse (circulaire 25 mm, dimension int\u00e9rieure 3 mm) d\u00e9coupe pour les jambes (17,5 cm), 4 ventouses transparentes ( diam\u00e8tre 50 mm) avec clapet de d\u00e9verrouillage, filetage M4 et \u00e9crou molet\u00e9 en acier galvanis\u00e9.<\/p>\n<p>Avec manuel d&rsquo;instructions.<\/p>\n<p>Veuillez noter:<\/p>\n<p>Les tampons auto-adh\u00e9sif sont UNIQUEMENT n\u00e9cessaires sur les surfaces \u00e0 pores ouverts ou les guitares laqu\u00e9es mates, car l&rsquo;air p\u00e9n\u00e8tre sous la ventouse \u00e0 travers les pores et se desserre ensuite. Les guitares huil\u00e9es et laqu\u00e9es mates et les dos de guitare avec des finitions laqu\u00e9es anciennes et us\u00e9es sont poreux.<\/p>\n<p>Cela peut \u00e9galement s&rsquo;appliquer au vernis fran\u00e7ais, car ce type de vernis est sensible \u00e0 l&rsquo;humidit\u00e9 (la sueur) et \u00e0 l&rsquo;abrasion m\u00e9canique. Vous n&rsquo;avez pas besoin de feuilles sur un bon nouveau vernis fran\u00e7ais.<\/p>\n<p>Veuillez consulter un luthier avant de choisir de les mettre sur votre guitare.<\/p>\n<p>**\u00a0Le jeu de tampons auto-adh\u00e9sifs N&rsquo;EST PAS INCLUS avec le GUITARLIFT **<\/p>\n<p>Chaque commande comprend un Guitarlift\u00ae enti\u00e8rement assembl\u00e9 ainsi qu&rsquo;une cl\u00e9 et un manuel.<\/p>\n<p>&nbsp;<\/p>\n<p>*** Les ensembles de tampons adh\u00e9sifs en feuille peuvent \u00eatre command\u00e9s s\u00e9par\u00e9ment sur notre site ***<\/p>\n","protected":false},"excerpt":{"rendered":"<p>S\u00e9rie Premium<\/p>\n<p>Medium Transparent Pan Coup\u00e9<\/p>\n<p>La plaque Medium Long est sp\u00e9cialement con\u00e7ue pour les joueurs minces et grands, offrant une hauteur maximale sur la jambe gauche. Il offre la m\u00eame hauteur r\u00e9alisable que le Big Plate, soit de 8 \u00e0 27 cm. Ce mod\u00e8le permet d&rsquo;adopter une position de jeu personnalis\u00e9e, offrant un maximum de confort et de flexibilit\u00e9 pendant le jeu.<\/p>\n<p>La s\u00e9rie de mod\u00e8les Premium Transparent est fabriqu\u00e9e en Perspex\u00ae transparent de 6 mm d&rsquo;\u00e9paisseur.<\/p>\n","protected":false},"featured_media":29924,"comment_status":"open","ping_status":"closed","template":"","meta":{"_mo_disable_npp":""},"product_brand":[],"product_cat":[1052,1069],"product_tag":[],"class_list":{"0":"post-29922","1":"product","2":"type-product","3":"status-publish","4":"has-post-thumbnail","6":"product_cat-accessoires","7":"product_cat-supports-pour-guitare","8":"sales-flash-overlay","9":"woocommerce-text-align-left","10":"woocommerce-image-align-center","11":"do-quantity-buttons","12":"wc-has-gallery","14":"first","15":"instock","16":"taxable","17":"shipping-taxable","18":"purchasable","19":"product-type-simple"},"_links":{"self":[{"href":"https:\/\/www.grandsalondeguitare.com\/fr\/wp-json\/wp\/v2\/product\/29922","targetHints":{"allow":["GET"]}}],"collection":[{"href":"https:\/\/www.grandsalondeguitare.com\/fr\/wp-json\/wp\/v2\/product"}],"about":[{"href":"https:\/\/www.grandsalondeguitare.com\/fr\/wp-json\/wp\/v2\/types\/product"}],"replies":[{"embeddable":true,"href":"https:\/\/www.grandsalondeguitare.com\/fr\/wp-json\/wp\/v2\/comments?post=29922"}],"wp:featuredmedia":[{"embeddable":true,"href":"https:\/\/www.grandsalondeguitare.com\/fr\/wp-json\/wp\/v2\/media\/29924"}],"wp:attachment":[{"href":"https:\/\/www.grandsalondeguitare.com\/fr\/wp-json\/wp\/v2\/media?parent=29922"}],"wp:term":[{"taxonomy":"product_brand","embeddable":true,"href":"https:\/\/www.grandsalondeguitare.com\/fr\/wp-json\/wp\/v2\/product_brand?post=29922"},{"taxonomy":"product_cat","embeddable":true,"href":"https:\/\/www.grandsalondeguitare.com\/fr\/wp-json\/wp\/v2\/product_cat?post=29922"},{"taxonomy":"product_tag","embeddable":true,"href":"https:\/\/www.grandsalondeguitare.com\/fr\/wp-json\/wp\/v2\/product_tag?post=29922"}],"curies":[{"name":"wp","href":"https:\/\/api.w.org\/{rel}","templated":true}]}}