{"id":29897,"date":"2023-05-19T14:50:36","date_gmt":"2023-05-19T19:50:36","guid":{"rendered":"https:\/\/www.grandsalondeguitare.com\/?post_type=product&#038;p=29897"},"modified":"2023-05-19T14:57:17","modified_gmt":"2023-05-19T19:57:17","slug":"a-335-mecanique-daccordage-barnett-copy-2","status":"publish","type":"product","link":"https:\/\/www.grandsalondeguitare.com\/fr\/produit\/a-335-mecanique-daccordage-barnett-copy-2\/","title":{"rendered":"A-335, Mecanique d&rsquo;accordage Barnett"},"content":{"rendered":"<p>Mecanique d&rsquo;accordage Barnett<\/p>\n<p>Pour guitare classique<\/p>\n<p>Con\u00e7u et assembl\u00e9 \u00e0 la main \u00e0 Berlin, Allemagne<\/p>\n<p>Plaque de base en laiton modele Trinity<\/p>\n<p>Supports \u00e0 vis<\/p>\n<p>Engrenages enveloppants parfaitement ajust\u00e9s<\/p>\n<p>Rouleaux en aluminium (noir) avec paliers d&rsquo;extr\u00e9mit\u00e9<\/p>\n<p>Gravure deluxe<\/p>\n<p>35 mm avec un rapport d&rsquo;engrenage de 18:1<\/p>\n<p>Boutons en \u00e9b\u00e8ne<\/p>\n<p>Poids 54 grammes (chacun) 108 grammes le set<\/p>\n<p>Chaque lot comprend une paire de m\u00e9canique d&rsquo;accordage, 3 gauches\/3 droites avec vis de montage.<\/p>\n","protected":false},"excerpt":{"rendered":"<p>Nouveau !!!<\/p>\n<p>M\u00e9caniques Barnett<\/p>\n<p>Mod\u00e8le Trinity avec boutons en \u00e9b\u00e8ne<\/p>\n<p>Gravure deluxe<\/p>\n<p>35 mm avec un rapport d&rsquo;engrenage de 18:1<\/p>\n","protected":false},"featured_media":29907,"comment_status":"closed","ping_status":"closed","template":"","meta":{"_mo_disable_npp":""},"product_brand":[],"product_cat":[1052,1091],"product_tag":[1095,1096],"class_list":{"0":"post-29897","1":"product","2":"type-product","3":"status-publish","4":"has-post-thumbnail","6":"product_cat-accessoires","7":"product_cat-mecaniques-accordage","8":"product_tag-classical-guitar-machine-heads-fr","9":"product_tag-guitar-tuners-fr","10":"sales-flash-overlay","11":"woocommerce-text-align-left","12":"woocommerce-image-align-center","13":"do-quantity-buttons","14":"wc-has-gallery","16":"first","17":"outofstock","18":"taxable","19":"shipping-taxable","20":"product-type-simple"},"_links":{"self":[{"href":"https:\/\/www.grandsalondeguitare.com\/fr\/wp-json\/wp\/v2\/product\/29897","targetHints":{"allow":["GET"]}}],"collection":[{"href":"https:\/\/www.grandsalondeguitare.com\/fr\/wp-json\/wp\/v2\/product"}],"about":[{"href":"https:\/\/www.grandsalondeguitare.com\/fr\/wp-json\/wp\/v2\/types\/product"}],"replies":[{"embeddable":true,"href":"https:\/\/www.grandsalondeguitare.com\/fr\/wp-json\/wp\/v2\/comments?post=29897"}],"wp:featuredmedia":[{"embeddable":true,"href":"https:\/\/www.grandsalondeguitare.com\/fr\/wp-json\/wp\/v2\/media\/29907"}],"wp:attachment":[{"href":"https:\/\/www.grandsalondeguitare.com\/fr\/wp-json\/wp\/v2\/media?parent=29897"}],"wp:term":[{"taxonomy":"product_brand","embeddable":true,"href":"https:\/\/www.grandsalondeguitare.com\/fr\/wp-json\/wp\/v2\/product_brand?post=29897"},{"taxonomy":"product_cat","embeddable":true,"href":"https:\/\/www.grandsalondeguitare.com\/fr\/wp-json\/wp\/v2\/product_cat?post=29897"},{"taxonomy":"product_tag","embeddable":true,"href":"https:\/\/www.grandsalondeguitare.com\/fr\/wp-json\/wp\/v2\/product_tag?post=29897"}],"curies":[{"name":"wp","href":"https:\/\/api.w.org\/{rel}","templated":true}]}}