{"id":29703,"date":"2023-05-13T09:08:59","date_gmt":"2023-05-13T14:08:59","guid":{"rendered":"https:\/\/www.grandsalondeguitare.com\/?post_type=product&#038;p=29703"},"modified":"2023-05-13T09:15:04","modified_gmt":"2023-05-13T14:15:04","slug":"f-555-amalio-burguet-1f-espagne-copy-2","status":"publish","type":"product","link":"https:\/\/www.grandsalondeguitare.com\/fr\/produit\/f-555-amalio-burguet-1f-espagne-copy-2\/","title":{"rendered":"F-694, Amalio Burguet 2F (Espagne)"},"content":{"rendered":"<p>Amalio Burget !!!<\/p>\n<p>Fabricant de guitares depuis 1966 \/ Guitarrero Desde 1966\u00a0<\/p>\n<p>Nouvelle Guitare Flamenco<\/p>\n<p>\u00ab\u00a0Mod\u00e8le 2F\u00a0\u00bb<\/p>\n<p>\u00c9chelle de 650 mm avec une sillet de 52 mm<\/p>\n<p>Table en \u00e9pic\u00e9a (Picea abies)<\/p>\n<p>Dos et \u00e9clisses en cypr\u00e8s (Cupressus sempervirens)<\/p>\n<p>Manche en c\u00e8dre<\/p>\n<p>Touche en \u00e9b\u00e8ne d&rsquo;Afrique<\/p>\n<p>Chevalet et placage de la t\u00eate en palissandre Indien\u00a0<\/p>\n<p>M\u00e9caniques Gotoh<\/p>\n<p>Finition laque nitro<\/p>\n<p>Etuis rigide inclus<\/p>\n<p>&nbsp;<\/p>\n<p>La longueur totale de la guitare est de 98 cm\/ 38,58 pouces<\/p>\n<p>La longueur du corps est de 48 cm \/ 18,89 pouces<\/p>\n<p>La profondeur du corps est de 9,5 cm \/ 3,74 pouces<\/p>\n<p>Le bout sup\u00e9rieur est de 28 cm \/ 11,02 pouces<\/p>\n<p>Le bout inf\u00e9rieur est de 37,5 cm \/ 14,76 pouces<\/p>\n<p>Le poids de la guitare est de 1,3 kg \/ 2,8 lb<\/p>\n<p>&nbsp;<\/p>\n<p>*** Nous sommes fiers d&rsquo;\u00eatre le revendeur Canadien officiel des guitares Amalio Burguet***<\/p>\n<p>&nbsp;<\/p>\n<p>Amalio Burguet, L&rsquo;Histoire&#8230;<\/p>\n<p>Amalio Burguet est n\u00e9 \u00e0 Catarroja, un petit village pr\u00e8s de la ville ensoleill\u00e9e de Valence en 1951.<\/p>\n<p>D\u00e8s son plus jeune \u00e2ge, il d\u00e9veloppe une grande capacit\u00e9 \u00e0 fabriquer des guitares en travaillant dans divers ateliers. C&rsquo;est dans ces ateliers qu&rsquo;il fabrique sa premi\u00e8re guitare en 1966 et devient un expert de la fabrication en s\u00e9rie.<\/p>\n<p>Cependant, il admirait les guitares qui \u00e9taient enti\u00e8rement faites \u00e0 la main, fabriqu\u00e9es \u00e0 la main dans un atelier d&rsquo;un seul homme. Tr\u00e8s vite, il reprend sa formation musicale, des ann\u00e9es de conservatoire et commence \u00e0 approfondir les aspects les plus artisanaux. Il s&rsquo;agit d&rsquo;\u00e9tudier plus en profondeur le traitement des mat\u00e9riaux, notamment le traitement du bois et les proc\u00e9d\u00e9s de construction.<\/p>\n<p>En 1984, il r\u00e9alise son r\u00eave, il ouvre son propre atelier \u00e0 Catarroja. C&rsquo;est ici qu&rsquo;il applique tout ce qu&rsquo;il a appris, fabriquant des guitares artisanales innovantes de haute qualit\u00e9, \u00e0 la fois abordables pour tous, \u00e9tudiants et professionnels. Bref, Amalio est l&rsquo;alma mater du petit atelier familial. Toute une vie consacr\u00e9e au d\u00e9veloppement artisanal de l&rsquo;instrument qui l&rsquo;obs\u00e8de, la guitare espagnole.<\/p>\n<p>Amalio Burguet dirige son propre atelier \u00e0 Catarroja en Espagne depuis plus de 50 ans. Il est inlassablement et constamment \u00e0 la recherche de moyens de fabriquer les meilleures guitares possibles.<\/p>\n<p>Une vie d\u00e9di\u00e9e \u00e0 la fabrication de guitares..<\/p>\n","protected":false},"excerpt":{"rendered":"<p>Superbe nouveau mod\u00e8le 2F d&rsquo;Amalio Burguet !!!<\/p>\n<p>Les mod\u00e8les Amalio Burguet sont enti\u00e8rement fabriqu\u00e9s \u00e0 la main dans l&rsquo;atelier Catarroja, leur objectif est de fournir des instruments de la plus haute qualit\u00e9, en utilisant uniquement des mat\u00e9riaux de haute qualit\u00e9, les meilleures colles et les vernis les plus innovants disponibles sur le march\u00e9&#8230;<\/p>\n<p>Tous les bois massifs sont s\u00e9ch\u00e9s depuis au moins 7 ans,<\/p>\n<p>A essayer !!!<\/p>\n","protected":false},"featured_media":29705,"comment_status":"open","ping_status":"closed","template":"","meta":{"_mo_disable_npp":""},"product_brand":[],"product_cat":[1058,1053],"product_tag":[],"class_list":{"0":"post-29703","1":"product","2":"type-product","3":"status-publish","4":"has-post-thumbnail","6":"product_cat-guitares","7":"product_cat-guitares-flamenco","8":"sales-flash-overlay","9":"woocommerce-text-align-left","10":"woocommerce-image-align-center","11":"do-quantity-buttons","12":"wc-has-gallery","14":"first","15":"outofstock","16":"taxable","17":"shipping-taxable","18":"product-type-simple"},"_links":{"self":[{"href":"https:\/\/www.grandsalondeguitare.com\/fr\/wp-json\/wp\/v2\/product\/29703","targetHints":{"allow":["GET"]}}],"collection":[{"href":"https:\/\/www.grandsalondeguitare.com\/fr\/wp-json\/wp\/v2\/product"}],"about":[{"href":"https:\/\/www.grandsalondeguitare.com\/fr\/wp-json\/wp\/v2\/types\/product"}],"replies":[{"embeddable":true,"href":"https:\/\/www.grandsalondeguitare.com\/fr\/wp-json\/wp\/v2\/comments?post=29703"}],"wp:featuredmedia":[{"embeddable":true,"href":"https:\/\/www.grandsalondeguitare.com\/fr\/wp-json\/wp\/v2\/media\/29705"}],"wp:attachment":[{"href":"https:\/\/www.grandsalondeguitare.com\/fr\/wp-json\/wp\/v2\/media?parent=29703"}],"wp:term":[{"taxonomy":"product_brand","embeddable":true,"href":"https:\/\/www.grandsalondeguitare.com\/fr\/wp-json\/wp\/v2\/product_brand?post=29703"},{"taxonomy":"product_cat","embeddable":true,"href":"https:\/\/www.grandsalondeguitare.com\/fr\/wp-json\/wp\/v2\/product_cat?post=29703"},{"taxonomy":"product_tag","embeddable":true,"href":"https:\/\/www.grandsalondeguitare.com\/fr\/wp-json\/wp\/v2\/product_tag?post=29703"}],"curies":[{"name":"wp","href":"https:\/\/api.w.org\/{rel}","templated":true}]}}