{"id":29433,"date":"2023-05-08T20:00:14","date_gmt":"2023-05-09T01:00:14","guid":{"rendered":"https:\/\/www.grandsalondeguitare.com\/?post_type=product&#038;p=29433"},"modified":"2023-05-08T20:28:09","modified_gmt":"2023-05-09T01:28:09","slug":"c-688-armin-hanika-52af-allemagne-copy","status":"publish","type":"product","link":"https:\/\/www.grandsalondeguitare.com\/fr\/produit\/c-688-armin-hanika-52af-allemagne-copy\/","title":{"rendered":"C-689, Armin Hanika 54PF (Allemagne)"},"content":{"rendered":"<p>Hanika Gitarren<\/p>\n<p>Nouvelle guitare classique<\/p>\n<p>Model 54PF<\/p>\n<p>\u00c9chelle de 650 mm avec sillet de 52 mm<\/p>\n<p>Table en \u00e9pic\u00e9a europ\u00e9en<\/p>\n<p>Barrages en \u00e9ventail (5 bares asym\u00e9trique)<\/p>\n<p>Fond et \u00e9clisses en palissandre Est Indien<\/p>\n<p>Manche en c\u00e8dre lamin\u00e9 avec du \u00ab\u00a0African Blackwood\u00a0\u00bb<\/p>\n<p>Touche en \u00ab\u00a0Blackwood Africain\u00a0\u00bb avec 20\u00e8me frette<\/p>\n<p>Rosace en Makassar<\/p>\n<p>Chevalet en palissandre<\/p>\n<p>Placage de la tete avant en \u00e9b\u00e8ne et arri\u00e8re en palissandre<\/p>\n<p>M\u00e9caniques Rubner \u00ab\u00a0R2\u00a0\u00bb<\/p>\n<p>Finition au laque HE Mat<\/p>\n<p>Gigbag Hanika inclus<\/p>\n<p>&nbsp;<\/p>\n<p>Le poids de la guitare est de 1,60 kg \/ 3,527 lb<\/p>\n<p>Mesure 100 cm \/ 39,37 pouces de hauteur<\/p>\n<p>La longueur du corps est de 48,5 cm \/ 19,09 pouces<\/p>\n<p>La profondeur du corps est de 10 cm \/ 3,93 pouces<\/p>\n<p>Le bout sup\u00e9rieur mesure 28,5\u00a0cm\u00a0\/ 11,22\u00a0pouces<\/p>\n<p>Le bout inf\u00e9rieur est de 37 cm \/ 14,56 pouces<\/p>\n<p>Un certificat sign\u00e9 et une sillet en os suppl\u00e9mentaire sont inclus avec la guitare<\/p>\n<p>&nbsp;<\/p>\n<p>La combinaison du palissandre, le bois le plus universel pour les guitares, et du bois d&rsquo;\u00e9pic\u00e9a permet \u00e0 ce mod\u00e8le d&rsquo;offrir une bonne attaque et un son plein.<\/p>\n<p>La finition a vernis mat \u00e0 pores ferm\u00e9s optimise le son de cet instrument.<\/p>\n<p>Fabriqu\u00e9e \u00e0 partir de bois massifs, cette guitare est livr\u00e9e avec des \u00ab\u00a0machines de r\u00e9glage Rubner Gold\u00a0\u00bb de haute qualit\u00e9 mont\u00e9es sur t\u00e9flon et des trous \u00e0 douille. Parmi les autres caract\u00e9ristiques de qualit\u00e9, citons le manche en c\u00e8dre qui a \u00e9t\u00e9 enti\u00e8rement lamin\u00e9 avec du bois dur, la touche en bois noir africain et la selle de chevalet en os dur.<\/p>\n<p>Le barrage asym\u00e9trique en \u00e9ventail de HANIKA en \u00e9pic\u00e9a est responsable du meilleur son et de la stabilit\u00e9 ici<\/p>\n<p>&nbsp;<\/p>\n<p>*** Nous sommes fiers d&rsquo;\u00eatre un revendeur Canadien autoris\u00e9 de \u00ab\u00a0Hanika Gitarren\u00a0\u00bb<\/p>\n","protected":false},"excerpt":{"rendered":"<p>Nouvelle guitare classique de Armin Hanika<\/p>\n<p>Mod\u00e8le 54PF\u00a0<\/p>\n<p>Dos et \u00e9clisses en palissandre est Indien et table d&rsquo;harmonie en \u00e9pic\u00e9a de haute qualit\u00e9.<\/p>\n<p>Un essai s&rsquo;impose!!!<\/p>\n","protected":false},"featured_media":29435,"comment_status":"closed","ping_status":"closed","template":"","meta":{"_mo_disable_npp":""},"product_brand":[],"product_cat":[1058,1057],"product_tag":[],"class_list":{"0":"post-29433","1":"product","2":"type-product","3":"status-publish","4":"has-post-thumbnail","6":"product_cat-guitares","7":"product_cat-guitares-classique","8":"sales-flash-overlay","9":"woocommerce-text-align-left","10":"woocommerce-image-align-center","11":"do-quantity-buttons","12":"wc-has-gallery","14":"first","15":"outofstock","16":"sold-individually","17":"taxable","18":"shipping-taxable","19":"product-type-simple"},"_links":{"self":[{"href":"https:\/\/www.grandsalondeguitare.com\/fr\/wp-json\/wp\/v2\/product\/29433","targetHints":{"allow":["GET"]}}],"collection":[{"href":"https:\/\/www.grandsalondeguitare.com\/fr\/wp-json\/wp\/v2\/product"}],"about":[{"href":"https:\/\/www.grandsalondeguitare.com\/fr\/wp-json\/wp\/v2\/types\/product"}],"replies":[{"embeddable":true,"href":"https:\/\/www.grandsalondeguitare.com\/fr\/wp-json\/wp\/v2\/comments?post=29433"}],"wp:featuredmedia":[{"embeddable":true,"href":"https:\/\/www.grandsalondeguitare.com\/fr\/wp-json\/wp\/v2\/media\/29435"}],"wp:attachment":[{"href":"https:\/\/www.grandsalondeguitare.com\/fr\/wp-json\/wp\/v2\/media?parent=29433"}],"wp:term":[{"taxonomy":"product_brand","embeddable":true,"href":"https:\/\/www.grandsalondeguitare.com\/fr\/wp-json\/wp\/v2\/product_brand?post=29433"},{"taxonomy":"product_cat","embeddable":true,"href":"https:\/\/www.grandsalondeguitare.com\/fr\/wp-json\/wp\/v2\/product_cat?post=29433"},{"taxonomy":"product_tag","embeddable":true,"href":"https:\/\/www.grandsalondeguitare.com\/fr\/wp-json\/wp\/v2\/product_tag?post=29433"}],"curies":[{"name":"wp","href":"https:\/\/api.w.org\/{rel}","templated":true}]}}