{"id":29377,"date":"2023-05-08T19:07:26","date_gmt":"2023-05-09T00:07:27","guid":{"rendered":"https:\/\/www.grandsalondeguitare.com\/?post_type=product&#038;p=29377"},"modified":"2023-05-08T20:26:46","modified_gmt":"2023-05-09T01:26:46","slug":"c-681-yulong-guo-chine-copy","status":"publish","type":"product","link":"https:\/\/www.grandsalondeguitare.com\/fr\/produit\/c-681-yulong-guo-chine-copy\/","title":{"rendered":"C-688, Armin Hanika 52AF (Allemagne)"},"content":{"rendered":"<p>Hanika Gitarren<\/p>\n<p>Nouvelle guitare classique<\/p>\n<p>Model 52 AF<\/p>\n<p>\u00c9chelle de 640 mm avec sillet de 52 mm<\/p>\n<p>Table en \u00e9pic\u00e9a europ\u00e9en<\/p>\n<p>Barrages en \u00e9ventail (5 bares asym\u00e9trique)<\/p>\n<p>Fond et \u00e9clisses en \u00e9rable<\/p>\n<p>Manche en cerisier thermo-modifi\u00e9 lamin\u00e9 avec du African Blackwood<\/p>\n<p>Touche en Blackwood Africain avec 20\u00e8me frette<\/p>\n<p>Rosace en Makassar<\/p>\n<p>Chevalet en palissandre<\/p>\n<p>Placage de la tete avant et arri\u00e8re en \u00e9b\u00e8ne<\/p>\n<p>M\u00e9caniques Rubner \u00ab\u00a0R2\u00a0\u00bb<\/p>\n<p>Finition laqu\u00e9e HE Mat sur la table d&rsquo;harmonie\u00a0<\/p>\n<p>Balance de la guitare est avec la laque HE Gloss<\/p>\n<p>Gigbag Hanika inclus<\/p>\n<p>&nbsp;<\/p>\n<p>Le poids de la guitare est de 1,60 kg \/ 3,527 lb<\/p>\n<p>Mesure 100 cm \/ 39,37 pouces de hauteur<\/p>\n<p>La longueur du corps est de 48,5 cm \/ 19,09 pouces<\/p>\n<p>La profondeur du corps est de 10 cm \/ 3,93 pouces<\/p>\n<p>Le bout sup\u00e9rieur mesure 28,5\u00a0cm\u00a0\/ 11,22\u00a0pouces<\/p>\n<p>Le bout inf\u00e9rieur est de 37 cm \/ 14,56 pouces<\/p>\n<p>Un certificat sign\u00e9 et une sillet en os suppl\u00e9mentaire sont inclus avec la guitare<\/p>\n<p>&nbsp;<\/p>\n<p>Le mod\u00e8le 52\u00a0AF avec son son doux est l&rsquo;accompagnement id\u00e9al pour le chant et pour les ensembles de musique de chambre &#8211; doux et retenu, d&rsquo;une part, tout en expressif avec un son plein et une gamme harmonieuse d&rsquo;harmoniques, d&rsquo;autre part.<\/p>\n<p>Fabriqu\u00e9e \u00e0 partir de bois massifs, cette guitare est livr\u00e9e avec des \u00ab\u00a0machines de r\u00e9glage Rubner Gold\u00a0\u00bb de haute qualit\u00e9 mont\u00e9es sur t\u00e9flon et des trous \u00e0 douille.<\/p>\n<p>D&rsquo;autres caract\u00e9ristiques de qualit\u00e9 incluent le manche, fabriqu\u00e9 \u00e0 partir de cerisier modifi\u00e9 thermiquement qui a \u00e9t\u00e9 lamin\u00e9 avec du bois dur, la touche en bois noir africain et la selle de chevalet en os dur.<\/p>\n<p>Le barrage asym\u00e9trique de HANIKA en \u00e9pic\u00e9a est responsable du meilleur son et de la stabilit\u00e9 ici.<\/p>\n<p>&nbsp;<\/p>\n<p>*** Nous sommes fiers d&rsquo;\u00eatre un revendeur Canadien autoris\u00e9 de \u00ab\u00a0Hanika Gitarren\u00a0\u00bb<\/p>\n","protected":false},"excerpt":{"rendered":"<p>Nouvelle guitare classique de Armin Hanika<\/p>\n<p>Mod\u00e8le 52\u00a0AF avec \u00e9chelle courte de 640\u00a0mm<\/p>\n<p>Dos et \u00e9clisses en bois d&rsquo;\u00e9rable finis gloss avec un table d&rsquo;harmonie en \u00e9pic\u00e9a de haute qualit\u00e9, finis satin\u00e9e&#8230;<\/p>\n<p>Un essai s&rsquo;impose!!!<\/p>\n","protected":false},"featured_media":29385,"comment_status":"closed","ping_status":"closed","template":"","meta":{"_mo_disable_npp":""},"product_brand":[],"product_cat":[1058,1057],"product_tag":[],"class_list":{"0":"post-29377","1":"product","2":"type-product","3":"status-publish","4":"has-post-thumbnail","6":"product_cat-guitares","7":"product_cat-guitares-classique","8":"sales-flash-overlay","9":"woocommerce-text-align-left","10":"woocommerce-image-align-center","11":"do-quantity-buttons","12":"wc-has-gallery","14":"first","15":"outofstock","16":"sold-individually","17":"taxable","18":"shipping-taxable","19":"product-type-simple"},"_links":{"self":[{"href":"https:\/\/www.grandsalondeguitare.com\/fr\/wp-json\/wp\/v2\/product\/29377","targetHints":{"allow":["GET"]}}],"collection":[{"href":"https:\/\/www.grandsalondeguitare.com\/fr\/wp-json\/wp\/v2\/product"}],"about":[{"href":"https:\/\/www.grandsalondeguitare.com\/fr\/wp-json\/wp\/v2\/types\/product"}],"replies":[{"embeddable":true,"href":"https:\/\/www.grandsalondeguitare.com\/fr\/wp-json\/wp\/v2\/comments?post=29377"}],"wp:featuredmedia":[{"embeddable":true,"href":"https:\/\/www.grandsalondeguitare.com\/fr\/wp-json\/wp\/v2\/media\/29385"}],"wp:attachment":[{"href":"https:\/\/www.grandsalondeguitare.com\/fr\/wp-json\/wp\/v2\/media?parent=29377"}],"wp:term":[{"taxonomy":"product_brand","embeddable":true,"href":"https:\/\/www.grandsalondeguitare.com\/fr\/wp-json\/wp\/v2\/product_brand?post=29377"},{"taxonomy":"product_cat","embeddable":true,"href":"https:\/\/www.grandsalondeguitare.com\/fr\/wp-json\/wp\/v2\/product_cat?post=29377"},{"taxonomy":"product_tag","embeddable":true,"href":"https:\/\/www.grandsalondeguitare.com\/fr\/wp-json\/wp\/v2\/product_tag?post=29377"}],"curies":[{"name":"wp","href":"https:\/\/api.w.org\/{rel}","templated":true}]}}