{"id":29254,"date":"2019-11-06T15:55:21","date_gmt":"2019-11-06T20:55:21","guid":{"rendered":"https:\/\/www.grandsalondeguitare.com\/product\/c-482-siavash-tahmasebi-iran\/"},"modified":"2023-04-27T10:11:33","modified_gmt":"2023-04-27T15:11:33","slug":"c-482-siavash-tahmasebi-iran","status":"publish","type":"product","link":"https:\/\/www.grandsalondeguitare.com\/fr\/produit\/c-482-siavash-tahmasebi-iran\/","title":{"rendered":"C-482, Siavash Tahmasebi (Iran)"},"content":{"rendered":"<p>Guitare classique de concert \u00e0 10 cordes<\/p>\n<p>Construit en 2002<\/p>\n<p>Num\u00e9ro de s\u00e9rie N-6912<\/p>\n<p>\u00c9chelle de 660 mm avec sillet de 85 mm<\/p>\n<p>Table en c\u00e8dre<\/p>\n<p>Fond et \u00e9clisses en palissandre Indien<\/p>\n<p>Manche en c\u00e8dre<\/p>\n<p>Touche en ebene<\/p>\n<p>M\u00e9caniques Schaller<\/p>\n<p>Finition tout laqu\u00e9<\/p>\n<p>L&rsquo;\u00e9tui rigide est inclus<\/p>\n<p>Cordes La Bella 10BT Professional install\u00e9es<\/p>\n<p>\nAccordage baroque \u00e0 dix cordes:<br \/>\n10-La<br \/>\n9-Si<br \/>\n8-Do<br \/>\n7-Re<br \/>\n6-Mi<br \/>\n5-La<br \/>\n4-Re<br \/>\n3-Sol<br \/>\n2-Si<br \/>\n1-Mi<\/p>\n","protected":false},"excerpt":{"rendered":"<p>Une trouvaille si rare au Canada !!!<\/p>\n<p>Une guitare classique \u00e0 10 cordes du c\u00e9l\u00e8bre luthier Iranien Siavash Tahmasebi !!!<\/p>\n<p>Instrument tr\u00e8s \u00e9quilibr\u00e9 avec une sonorit\u00e9 et une projection excellentes et de super beau bois s\u00e9lectionn\u00e9s<\/p>\n<p>Une excellente affaire pour tous ceux qui recherchent une guitare 10 cordes enti\u00e8rement fabriqu\u00e9e \u00e0 la main<\/p>\n<p>A essayer !!!<\/p>\n","protected":false},"featured_media":14049,"comment_status":"closed","ping_status":"closed","template":"","meta":{"_mo_disable_npp":""},"product_brand":[],"product_cat":[15],"product_tag":[],"class_list":{"0":"post-29254","1":"product","2":"type-product","3":"status-publish","4":"has-post-thumbnail","6":"product_cat-uncategorized","7":"sales-flash-overlay","8":"woocommerce-text-align-left","9":"woocommerce-image-align-center","10":"do-quantity-buttons","11":"wc-has-gallery","13":"first","14":"outofstock","15":"taxable","16":"shipping-taxable","17":"product-type-simple"},"_links":{"self":[{"href":"https:\/\/www.grandsalondeguitare.com\/fr\/wp-json\/wp\/v2\/product\/29254","targetHints":{"allow":["GET"]}}],"collection":[{"href":"https:\/\/www.grandsalondeguitare.com\/fr\/wp-json\/wp\/v2\/product"}],"about":[{"href":"https:\/\/www.grandsalondeguitare.com\/fr\/wp-json\/wp\/v2\/types\/product"}],"replies":[{"embeddable":true,"href":"https:\/\/www.grandsalondeguitare.com\/fr\/wp-json\/wp\/v2\/comments?post=29254"}],"wp:featuredmedia":[{"embeddable":true,"href":"https:\/\/www.grandsalondeguitare.com\/fr\/wp-json\/wp\/v2\/media\/14049"}],"wp:attachment":[{"href":"https:\/\/www.grandsalondeguitare.com\/fr\/wp-json\/wp\/v2\/media?parent=29254"}],"wp:term":[{"taxonomy":"product_brand","embeddable":true,"href":"https:\/\/www.grandsalondeguitare.com\/fr\/wp-json\/wp\/v2\/product_brand?post=29254"},{"taxonomy":"product_cat","embeddable":true,"href":"https:\/\/www.grandsalondeguitare.com\/fr\/wp-json\/wp\/v2\/product_cat?post=29254"},{"taxonomy":"product_tag","embeddable":true,"href":"https:\/\/www.grandsalondeguitare.com\/fr\/wp-json\/wp\/v2\/product_tag?post=29254"}],"curies":[{"name":"wp","href":"https:\/\/api.w.org\/{rel}","templated":true}]}}