{"id":29242,"date":"2023-04-24T12:23:30","date_gmt":"2023-04-24T17:23:30","guid":{"rendered":"https:\/\/www.grandsalondeguitare.com\/product\/c-685-larry-breslin-usa\/"},"modified":"2024-01-04T17:36:19","modified_gmt":"2024-01-04T22:36:19","slug":"c-685-larry-breslin-usa","status":"publish","type":"product","link":"https:\/\/www.grandsalondeguitare.com\/fr\/produit\/c-685-larry-breslin-usa\/","title":{"rendered":"C-685, Larry Breslin (Etats-Unis)"},"content":{"rendered":"<p>\u00ab\u00a0Deerhead Guitars\u00a0\u00bb<\/p>\n<p>Guitare classique de concert<\/p>\n<p>Fabriqu\u00e9 en avril 1998<\/p>\n<p>N-498<\/p>\n<p>\u00c9chelle de 650 mm avec sillet de 52 mm<\/p>\n<p>Table en c\u00e8dre rouge de l&rsquo;Ouest<\/p>\n<p>Dos et \u00e9clisses en palissandre Br\u00e9silien<\/p>\n<p>Manche en c\u00e8dre<\/p>\n<p>Touche en \u00e9b\u00e8ne avec 20\u00e8me frette<\/p>\n<p>Chevalet en palissandre Br\u00e9silien<\/p>\n<p>Filets en \u00e9rable flamm\u00e9<\/p>\n<p>Placage de la t\u00eate en \u00e9b\u00e8ne<\/p>\n<p>M\u00e9caniques Gilbert avec boutons en \u00e9b\u00e8ne<\/p>\n<p>\u00c9tui rigide inclus<\/p>\n","protected":false},"excerpt":{"rendered":"[youtube v=Nq6C0G9O-lc maxwidth=\"800px\"]\n<p>&nbsp;<\/p>\n<p>Une trouvaille tr\u00e8s rare en excellent \u00e9tat !!!<\/p>\n<p>Guitare classique avec 9 barres en \u00e9ventail (style Fleta) offrant des basses chaudes et sombres avec de tr\u00e8s beaux aigus chantants<\/p>\n<p>Facile \u00e0 jouer avec beaucoup de profondeur et projection&#8230;<\/p>\n<p>Magnifique set de palissandre Br\u00e9silien !!!<\/p>\n","protected":false},"featured_media":29198,"comment_status":"closed","ping_status":"closed","template":"","meta":{"_mo_disable_npp":""},"product_brand":[],"product_cat":[1058,1057],"product_tag":[1931,1932],"class_list":{"0":"post-29242","1":"product","2":"type-product","3":"status-publish","4":"has-post-thumbnail","6":"product_cat-guitares","7":"product_cat-guitares-classique","8":"product_tag-deerhead-guitars-fr","9":"product_tag-luthier-larry-breslin-usa-fr","10":"sales-flash-overlay","11":"woocommerce-text-align-left","12":"woocommerce-image-align-center","13":"do-quantity-buttons","14":"wc-has-gallery","16":"first","17":"outofstock","18":"taxable","19":"shipping-taxable","20":"product-type-simple"},"_links":{"self":[{"href":"https:\/\/www.grandsalondeguitare.com\/fr\/wp-json\/wp\/v2\/product\/29242","targetHints":{"allow":["GET"]}}],"collection":[{"href":"https:\/\/www.grandsalondeguitare.com\/fr\/wp-json\/wp\/v2\/product"}],"about":[{"href":"https:\/\/www.grandsalondeguitare.com\/fr\/wp-json\/wp\/v2\/types\/product"}],"replies":[{"embeddable":true,"href":"https:\/\/www.grandsalondeguitare.com\/fr\/wp-json\/wp\/v2\/comments?post=29242"}],"wp:featuredmedia":[{"embeddable":true,"href":"https:\/\/www.grandsalondeguitare.com\/fr\/wp-json\/wp\/v2\/media\/29198"}],"wp:attachment":[{"href":"https:\/\/www.grandsalondeguitare.com\/fr\/wp-json\/wp\/v2\/media?parent=29242"}],"wp:term":[{"taxonomy":"product_brand","embeddable":true,"href":"https:\/\/www.grandsalondeguitare.com\/fr\/wp-json\/wp\/v2\/product_brand?post=29242"},{"taxonomy":"product_cat","embeddable":true,"href":"https:\/\/www.grandsalondeguitare.com\/fr\/wp-json\/wp\/v2\/product_cat?post=29242"},{"taxonomy":"product_tag","embeddable":true,"href":"https:\/\/www.grandsalondeguitare.com\/fr\/wp-json\/wp\/v2\/product_tag?post=29242"}],"curies":[{"name":"wp","href":"https:\/\/api.w.org\/{rel}","templated":true}]}}