{"id":29117,"date":"2023-04-12T16:39:43","date_gmt":"2023-04-12T21:39:43","guid":{"rendered":"https:\/\/www.grandsalondeguitare.com\/product\/c-684-jeremy-clark-canada\/"},"modified":"2023-04-12T17:11:45","modified_gmt":"2023-04-12T22:11:45","slug":"c-684-jeremy-clark-canada","status":"publish","type":"product","link":"https:\/\/www.grandsalondeguitare.com\/fr\/produit\/c-684-jeremy-clark-canada\/","title":{"rendered":"C-684, Jeremy Clark (Canada)"},"content":{"rendered":"<p>Guitare classique de concert<\/p>\n<p>Fabriqu\u00e9 en 2021<\/p>\n<p>Mod\u00e8le \u00ab\u00a0Fan frettes\u00a0\u00bb \u00a0multi-\u00e9chelles<\/p>\n<p>\u00c9chelle de 650 mm c\u00f4t\u00e9 grave et 640 mm c\u00f4t\u00e9 aigu<\/p>\n<p>Table en \u00e9pic\u00e9a d&rsquo;Engelmann<\/p>\n<p>Dos et \u00e9clisses en palissandre du Madagascar<\/p>\n<p>Le dos et les c\u00f4t\u00e9s sont doubl\u00e9s \u00e0 l&rsquo;int\u00e9rieur avec du c\u00e8dre jaune<\/p>\n<p>Manche r\u00e9glable en merisier (\u00e9bonis\u00e9)<\/p>\n<p>Touche en \u00e9b\u00e8ne<\/p>\n<p>Chevalet en noyer<\/p>\n<p>Filets en weng\u00e9<\/p>\n<p>Tornavoz avec noyer du P\u00e9rou<\/p>\n<p>Port de son<\/p>\n<p>Mecanique haut de gamme Gotoh 510<\/p>\n<p>Finition au tampon en polis Fran\u00e7ais<\/p>\n<p>\u00c9tui rigide inclus<\/p>\n<p>La longueur totale de la guitare est de 100 cm \/ 39,37 pouces<\/p>\n<p>La longueur du corps est de 48,5 cm \/ 19,29 pouces<\/p>\n<p>Le bout sup\u00e9rieur est de 27,5 cm \/ 10,826 pouces<\/p>\n<p>Le bout inf\u00e9rieur est de 36 cm \/ 14,17 pouces<\/p>\n<p>La largeur est de 9,5 cm \/ 3,74 pouces<\/p>\n<p>Le poids de la guitare est de 1,75 kg \/ 3,858 lb<\/p>\n","protected":false},"excerpt":{"rendered":"<p>Dans un \u00e9tat comme neuf !!!<\/p>\n<p>Un instrument avec une tr\u00e8s belle voix chantante, \u00e9quilibr\u00e9 avec beaucoup de profondeur et projection de niveau concert<\/p>\n<p>L&rsquo;\u00e9chelle-multi donne au joueur une longueur d&rsquo;\u00e9chelle de 650mm du c\u00f4t\u00e9 des graves et de 640mm des aigus,<\/p>\n<p>Le manche r\u00e9glable boulonn\u00e9 permet de r\u00e9gler tr\u00e8s facilement l&rsquo;action de la guitare<\/p>\n<p>Un essai s&rsquo;impose !!!<\/p>\n","protected":false},"featured_media":29067,"comment_status":"closed","ping_status":"closed","template":"","meta":{"_mo_disable_npp":""},"product_brand":[],"product_cat":[1058,1057],"product_tag":[1915,1916,1917,1918,1919],"class_list":{"0":"post-29117","1":"product","2":"type-product","3":"status-publish","4":"has-post-thumbnail","6":"product_cat-guitares","7":"product_cat-guitares-classique","8":"product_tag-52-instruments-classical-guitars-montreal-canada-fr","9":"product_tag-adjustable-bolted-neck-guitars-fr","10":"product_tag-fan-fretted-multi-scale-guitars-montreal-fr","11":"product_tag-jeremy-clark-luthier-montreal-canada-fr","12":"product_tag-maple-back-and-sides-classical-guitars-fr","13":"sales-flash-overlay","14":"woocommerce-text-align-left","15":"woocommerce-image-align-center","16":"do-quantity-buttons","17":"wc-has-gallery","19":"first","20":"outofstock","21":"downloadable","22":"taxable","23":"shipping-taxable","24":"product-type-simple"},"_links":{"self":[{"href":"https:\/\/www.grandsalondeguitare.com\/fr\/wp-json\/wp\/v2\/product\/29117","targetHints":{"allow":["GET"]}}],"collection":[{"href":"https:\/\/www.grandsalondeguitare.com\/fr\/wp-json\/wp\/v2\/product"}],"about":[{"href":"https:\/\/www.grandsalondeguitare.com\/fr\/wp-json\/wp\/v2\/types\/product"}],"replies":[{"embeddable":true,"href":"https:\/\/www.grandsalondeguitare.com\/fr\/wp-json\/wp\/v2\/comments?post=29117"}],"wp:featuredmedia":[{"embeddable":true,"href":"https:\/\/www.grandsalondeguitare.com\/fr\/wp-json\/wp\/v2\/media\/29067"}],"wp:attachment":[{"href":"https:\/\/www.grandsalondeguitare.com\/fr\/wp-json\/wp\/v2\/media?parent=29117"}],"wp:term":[{"taxonomy":"product_brand","embeddable":true,"href":"https:\/\/www.grandsalondeguitare.com\/fr\/wp-json\/wp\/v2\/product_brand?post=29117"},{"taxonomy":"product_cat","embeddable":true,"href":"https:\/\/www.grandsalondeguitare.com\/fr\/wp-json\/wp\/v2\/product_cat?post=29117"},{"taxonomy":"product_tag","embeddable":true,"href":"https:\/\/www.grandsalondeguitare.com\/fr\/wp-json\/wp\/v2\/product_tag?post=29117"}],"curies":[{"name":"wp","href":"https:\/\/api.w.org\/{rel}","templated":true}]}}