{"id":29007,"date":"2023-04-09T13:29:44","date_gmt":"2023-04-09T18:29:43","guid":{"rendered":"https:\/\/www.grandsalondeguitare.com\/?post_type=product&#038;p=29007"},"modified":"2023-04-09T13:56:48","modified_gmt":"2023-04-09T18:56:48","slug":"c-683-patrick-mailloux-canada","status":"publish","type":"product","link":"https:\/\/www.grandsalondeguitare.com\/fr\/produit\/c-683-patrick-mailloux-canada\/","title":{"rendered":"C-683, Patrick Mailloux (Canada)"},"content":{"rendered":"<p>Guitare classique de concert<\/p>\n<p>Fabriqu\u00e9 en 2009<\/p>\n<p>\u00ab\u00a0Camelia\u00a0\u00bb<\/p>\n<p>Echelle de 650mm avec sillet de 52mm<\/p>\n<p>Double table<\/p>\n<p>Epinette\/Balsa\/C\u00e8dre<\/p>\n<p>Fond en Cocobolo avec \u00e9clisses en palissandre du Honduras<\/p>\n<p>Manche sur\u00e9lev\u00e9 en c\u00e8dre Espagnol<\/p>\n<p>Touche en \u00e9b\u00e8ne Africain<\/p>\n<p>Reliures en \u00e9rable<\/p>\n<p>M\u00e9caniques Rubner avec boutons en \u00e9b\u00e8ne<\/p>\n<p>Finition au tampon en\u00a0polis Fran\u00e7ais<\/p>\n<p>\u00c9tui rigide inclus<\/p>\n<p>La longueur totale de la guitare est de 99 cm \/ 38,97 pouces<\/p>\n<p>La longueur du corps est de 49 cm \/ 19,29 pouces<\/p>\n<p>Le bout sup\u00e9rieur est de 28 cm \/ 11,02 pouces<\/p>\n<p>Le bout inf\u00e9rieur est de 36 cm \/ 14,17 pouces<\/p>\n<p>La largeur est de 9.2 cm \/ 3,622 pouces<\/p>\n<p>Le poids de la guitare est de 1,65 kg \/ 3,637 lb<\/p>\n","protected":false},"excerpt":{"rendered":"<p>Guitare usag\u00e9e en tr\u00e8s bonnes conditions<\/p>\n<p>Double table \u00e9pic\u00e9a\/balsa\/c\u00e8dre<\/p>\n<p>Offre une belle voix chantante&#8230;<\/p>\n<p>Facile \u00e0 jouer&#8230;<\/p>\n","protected":false},"featured_media":29009,"comment_status":"closed","ping_status":"closed","template":"","meta":{"_mo_disable_npp":""},"product_brand":[],"product_cat":[1058,1057],"product_tag":[1496,1497,1498],"class_list":{"0":"post-29007","1":"product","2":"type-product","3":"status-publish","4":"has-post-thumbnail","6":"product_cat-guitares","7":"product_cat-guitares-classique","8":"product_tag-canadian-guitar-makers-fr","9":"product_tag-concert-classical-double-top-guitar-fr","10":"product_tag-double-cedar-top-guitars-fr","11":"sales-flash-overlay","12":"woocommerce-text-align-left","13":"woocommerce-image-align-center","14":"do-quantity-buttons","15":"wc-has-gallery","17":"first","18":"outofstock","19":"sold-individually","20":"taxable","21":"shipping-taxable","22":"product-type-simple"},"_links":{"self":[{"href":"https:\/\/www.grandsalondeguitare.com\/fr\/wp-json\/wp\/v2\/product\/29007","targetHints":{"allow":["GET"]}}],"collection":[{"href":"https:\/\/www.grandsalondeguitare.com\/fr\/wp-json\/wp\/v2\/product"}],"about":[{"href":"https:\/\/www.grandsalondeguitare.com\/fr\/wp-json\/wp\/v2\/types\/product"}],"replies":[{"embeddable":true,"href":"https:\/\/www.grandsalondeguitare.com\/fr\/wp-json\/wp\/v2\/comments?post=29007"}],"wp:featuredmedia":[{"embeddable":true,"href":"https:\/\/www.grandsalondeguitare.com\/fr\/wp-json\/wp\/v2\/media\/29009"}],"wp:attachment":[{"href":"https:\/\/www.grandsalondeguitare.com\/fr\/wp-json\/wp\/v2\/media?parent=29007"}],"wp:term":[{"taxonomy":"product_brand","embeddable":true,"href":"https:\/\/www.grandsalondeguitare.com\/fr\/wp-json\/wp\/v2\/product_brand?post=29007"},{"taxonomy":"product_cat","embeddable":true,"href":"https:\/\/www.grandsalondeguitare.com\/fr\/wp-json\/wp\/v2\/product_cat?post=29007"},{"taxonomy":"product_tag","embeddable":true,"href":"https:\/\/www.grandsalondeguitare.com\/fr\/wp-json\/wp\/v2\/product_tag?post=29007"}],"curies":[{"name":"wp","href":"https:\/\/api.w.org\/{rel}","templated":true}]}}