{"id":28956,"date":"2023-04-08T20:13:56","date_gmt":"2023-04-09T01:13:56","guid":{"rendered":"https:\/\/www.grandsalondeguitare.com\/?post_type=product&#038;p=28956"},"modified":"2023-08-01T14:40:50","modified_gmt":"2023-08-01T19:40:50","slug":"c-682-sakurai-kohno-japan","status":"publish","type":"product","link":"https:\/\/www.grandsalondeguitare.com\/fr\/produit\/c-682-sakurai-kohno-japan\/","title":{"rendered":"C-682, Sakurai KOHNO (Professional J)"},"content":{"rendered":"<p>Nouvelle guitare classique Sakurai KOHNO<\/p>\n<p>Mod\u00e8le \u00ab\u00a0Professional J\u00a0\u00bb<\/p>\n<p>Construit en 2022<\/p>\n<p>\u00c9chelle de 650 mm avec sillet de 52 mm<\/p>\n<p>Table en \u00e9pic\u00e9a<\/p>\n<p>Fond et \u00e9clisses en palissandre du Madagascar<\/p>\n<p>Manche en c\u00e8dre espagnol avec renfort en \u00e9b\u00e8ne<\/p>\n<p>Chevalet et placage de la t\u00eate en palissandre du Madagascar\u00a0<\/p>\n<p>M\u00e9caniques Gotoh 35G1800 avec boutons en \u00e9b\u00e8ne<\/p>\n<p>Finition au laque nitrocellulose<\/p>\n<p>\u00c9tui rigide inclus<\/p>\n<p>La longueur totale de la guitare est de 98 cm \/ 38,5 pouces<\/p>\n<p>La longueur du corps est de 48 cm \/ 18,29 pouces<\/p>\n<p>Le bout sup\u00e9rieur est de 28.5 cm \/ 11,22 pouces<\/p>\n<p>Le bout inf\u00e9rieur est de 37 cm \/ 14,56 pouces<\/p>\n<p>La largeur est de 10 cm \/ 3,937 pouces<\/p>\n<p>Le poids de la guitare est de 1,84 kg \/ 4,056 lb<\/p>\n<p>&nbsp;<\/p>\n<p>Masaki Sakurai, le neveu du grand luthier japonais Masaru Kohno, est n\u00e9 en 1944. Il a \u00e9tudi\u00e9 l&rsquo;ing\u00e9nierie \u00e9lectrique \u00e0 l&rsquo;Universit\u00e9 de Sophia et a rejoint \u00ab\u00a0Kohno Guitar Manufacturing\u00a0\u00bb apr\u00e8s avoir obtenu son dipl\u00f4me en 1967. En 1988, il a remport\u00e9 le prestigieux premier prix au Fourth International Paris Concours de fabrication de guitare.<\/p>\n<p>Les guitares de Masaki Sakurai ont un savoir-faire impeccable et sont connues pour leur facilit\u00e9 de jeu et leur grand volume sonore.<\/p>\n<p>Le mod\u00e8le \u00ab\u00a0Professional J\u00a0\u00bb est un bel instrument, facilement reconnaissable \u00e0 son chevalet sym\u00e9trique, car c&rsquo;est le seul mod\u00e8le de la gamme Sakurai-Kohno qui poss\u00e8de cette particularit\u00e9, ainsi qu&rsquo;\u00e0 son beau fond et ses \u00e9clisses en palissandre de Madagascar. . Masaki Sakurai construit cette guitare dans la m\u00eame tradition et de la m\u00eame mani\u00e8re que les guitares de son oncle Masaru Kohno, ce qui donne un instrument tr\u00e8s similaire au mod\u00e8le 30 du d\u00e9but des ann\u00e9es 1970. Cependant, contrairement aux pr\u00e9c\u00e9dents mod\u00e8les \u00e0 l&rsquo;\u00e9chelle de 664 mm, cet instrument a une \u00e9chelle de 650 mm plus confortable, ce qui le rend beaucoup plus accessible pour la plupart des guitaristes.<\/p>\n<p>Cette guitare, dont la superbe table en \u00e9pic\u00e9a attire imm\u00e9diatement l&rsquo;attention, excelle \u00e0 bien des \u00e9gards. C&rsquo;est certainement l&rsquo;une des guitares les plus r\u00e9actives que nous ayons re\u00e7ues de l&rsquo;atelier Kohno.<\/p>\n<p>La table en \u00e9pic\u00e9a, qui a \u00e9t\u00e9 fa\u00e7onn\u00e9e avec une extr\u00eame pr\u00e9cision, projette les tonalit\u00e9s de fa\u00e7on remarquable. C&rsquo;est donc un instrument puissant, chaleureux et r\u00e9actif qui permet un grand contr\u00f4le du timbre et un volume g\u00e9n\u00e9reux avec un minimum d&rsquo;effort.<\/p>\n<p>La pr\u00e9cision du manche et du chantournage se refl\u00e8te \u00e9galement dans la facilit\u00e9 de jeu pour la main gauche. Cet instrument est une guitare tr\u00e8s fiable, d\u00e9j\u00e0 largement mature au niveau du son et digne de confiance au niveau de la qualit\u00e9 de construction.<\/p>\n","protected":false},"excerpt":{"rendered":"[youtube v=dOQLdGbKIIA maxwidth=\"800px\"]\n<p>&nbsp;<\/p>\n<p>Sakurai Kohno \u00ab\u00a0Professional J\u00a0\u00bb Table en \u00e9pic\u00e9a !!!<\/p>\n<p>Con\u00e7u par le luthier le plus reconnu au Japon, Masaru Kohno, cet instrument de concert de premier ordre est maintenant fabriqu\u00e9 par le neveu de Kohno, Masaki Sakurai<\/p>\n<p>Les guitares de Masaki Sakurai ont un savoir-faire impeccable et sont connues pour leur facilit\u00e9 de jeu et leur grand volume sonore.<\/p>\n<p>Une belle guitare traditionnelle avec barrages en \u00e9ventail, la table en \u00e9pic\u00e9a a une tr\u00e8s belle sonorit\u00e9 avec un excellent \u00e9quilibre et s\u00e9paration&#8230;<\/p>\n<p>Un essaie s&rsquo;impose<\/p>\n","protected":false},"featured_media":28958,"comment_status":"closed","ping_status":"closed","template":"","meta":{"_mo_disable_npp":""},"product_brand":[],"product_cat":[1058,1057],"product_tag":[1903,1908,1904,1905,1909],"class_list":{"0":"post-28956","1":"product","2":"type-product","3":"status-publish","4":"has-post-thumbnail","6":"product_cat-guitares","7":"product_cat-guitares-classique","8":"product_tag-kohno-guitars-japan-fr","9":"product_tag-professional-j-spruce-top-fr","10":"product_tag-sakurai-guitars-japan-fr","11":"product_tag-sakurai-kohno-guitars-available-in-canada-fr","12":"product_tag-sakurai-kohno-professional-j-fr","13":"sales-flash-overlay","14":"woocommerce-text-align-left","15":"woocommerce-image-align-center","16":"do-quantity-buttons","17":"wc-has-gallery","19":"first","20":"outofstock","21":"taxable","22":"shipping-taxable","23":"product-type-simple"},"_links":{"self":[{"href":"https:\/\/www.grandsalondeguitare.com\/fr\/wp-json\/wp\/v2\/product\/28956","targetHints":{"allow":["GET"]}}],"collection":[{"href":"https:\/\/www.grandsalondeguitare.com\/fr\/wp-json\/wp\/v2\/product"}],"about":[{"href":"https:\/\/www.grandsalondeguitare.com\/fr\/wp-json\/wp\/v2\/types\/product"}],"replies":[{"embeddable":true,"href":"https:\/\/www.grandsalondeguitare.com\/fr\/wp-json\/wp\/v2\/comments?post=28956"}],"wp:featuredmedia":[{"embeddable":true,"href":"https:\/\/www.grandsalondeguitare.com\/fr\/wp-json\/wp\/v2\/media\/28958"}],"wp:attachment":[{"href":"https:\/\/www.grandsalondeguitare.com\/fr\/wp-json\/wp\/v2\/media?parent=28956"}],"wp:term":[{"taxonomy":"product_brand","embeddable":true,"href":"https:\/\/www.grandsalondeguitare.com\/fr\/wp-json\/wp\/v2\/product_brand?post=28956"},{"taxonomy":"product_cat","embeddable":true,"href":"https:\/\/www.grandsalondeguitare.com\/fr\/wp-json\/wp\/v2\/product_cat?post=28956"},{"taxonomy":"product_tag","embeddable":true,"href":"https:\/\/www.grandsalondeguitare.com\/fr\/wp-json\/wp\/v2\/product_tag?post=28956"}],"curies":[{"name":"wp","href":"https:\/\/api.w.org\/{rel}","templated":true}]}}