{"id":28846,"date":"2023-03-25T11:06:36","date_gmt":"2023-03-25T16:06:37","guid":{"rendered":"https:\/\/www.grandsalondeguitare.com\/?post_type=product&#038;p=28846"},"modified":"2023-04-10T17:02:14","modified_gmt":"2023-04-10T22:02:14","slug":"c-636-mijail-kharash-espagne-copy","status":"publish","type":"product","link":"https:\/\/www.grandsalondeguitare.com\/fr\/produit\/c-636-mijail-kharash-espagne-copy\/","title":{"rendered":"C-680, Mijail Kharash (Espagne)"},"content":{"rendered":"<p>Mijail Kharash<\/p>\n<p>\u00ab\u00a0Grenade\u00a0\u00bb Espagne<\/p>\n<p>Nouvelle guitare classique de concert<\/p>\n<p>Ann\u00e9e 2023<\/p>\n<p>\u00c9chelle de 650\u00a0mm avec sillet de 52\u00a0mm<\/p>\n<p>Table en \u00e9pic\u00e9a Europ\u00e9en<\/p>\n<p>Fond et \u00e9clisses en palissandre du Madagascar<\/p>\n<p>Conception sp\u00e9ciale du rosette et filets avec feuille d&rsquo;\u00e9rable canadienne !!!<\/p>\n<p>Manche en c\u00e8dre Espagnol<\/p>\n<p>Touche en \u00e9b\u00e8ne Africain<\/p>\n<p>Chevalet et placage de la t\u00eate en palissandre du Madagascar\u00a0<\/p>\n<p>M\u00e9caniques Schaller Grandtune avec boutons (Snakewood)<\/p>\n<p>Finition au tampon en polis Fran\u00e7ais<\/p>\n<p>Etuis ABS Cibeles inclus<\/p>\n<p>Le poids de la guitare est de 1,4 kg \/ 3 lb<\/p>\n<p>La longueur totale de la guitare est de 98,5 cm \/ 38,78 pouces<\/p>\n<p>La longueur du corps est de 48 cm \/ 18,89 pouces<\/p>\n<p>Le bout sup\u00e9rieur est de 28,5 cm \/ 11,22 pouces<\/p>\n<p>Le bout inf\u00e9rieur est de 37,2 cm \/ 14,64 pouces<\/p>\n<p>La profondeur du corps est de 9,5 cm\/ 3,74 pouces<\/p>\n<p>&nbsp;<\/p>\n<p>N\u00e9 \u00e0 Leningrad, en Russie, en 1981, les origines musicales de Mijael Kharash ont commenc\u00e9 avec le violon \u00e0 un tr\u00e8s jeune \u00e2ge. Cependant, il n&rsquo;a pas tard\u00e9 \u00e0 entendre le son de la guitare classique pour la premi\u00e8re fois et \u00e0 \u00eatre fascin\u00e9 par ses possibilit\u00e9s tonales, tombant d\u00e9finitivement amoureux de l&rsquo;instrument \u00e0 ce jour.<\/p>\n<p>Apr\u00e8s l&rsquo;effondrement de l&rsquo;URSS, sa famille s&rsquo;installe en Isra\u00ebl et apr\u00e8s avoir quitt\u00e9 l&rsquo;\u00e9cole, il fait son service militaire, puis occupe divers petits boulots dont ouvrier du b\u00e2timent, cuisinier, \u00e9b\u00e9niste et p\u00eacheur !<\/p>\n<p>En 2007, Mijail s&rsquo;est rendu en Espagne et a rencontr\u00e9 Carmelo Gonzales \u00e0 Ronda qui a g\u00e9n\u00e9reusement partag\u00e9 son art avec lui. En 2009, il a d\u00e9m\u00e9nag\u00e9 \u00e0 Grenade et a v\u00e9cu pendant six ans dans une grotte de la Fuente del Avellano en face de l&rsquo;abbaye de Sacromonte tout en construisant des guitares au SCO \u00ab\u00a015 Gatos\u00a0\u00bb, Camino de Ronda 190.<\/p>\n<p>Son amiti\u00e9 avec la communaut\u00e9 locale de la guitare l&rsquo;a amen\u00e9 \u00e0 recevoir d&rsquo;excellents conseils de ses coll\u00e8gues Felix Moya Ibarra, John Ray et Jose Vigil \u00e0 qui il est particuli\u00e8rement redevable.<\/p>\n<p>Son travail est compl\u00e8tement de mani\u00e8re traditionnelle qui comprend l&rsquo;utilisation d&rsquo;outils \u00e0 main, la fabrication de ses propres rosettes originales et le polissage fran\u00e7ais avec une mu\u00f1equilla.<\/p>\n<p>Mijail Kharash a re\u00e7u le deuxi\u00e8me prix du prestigieux concours de lutherie Antonio Marin Montero. tenue \u00e0 Grenade, Espagne en octobre 2019.<\/p>\n","protected":false},"excerpt":{"rendered":"<div id=\"show_less_content\">\n[youtube v=vMMivIKYvoY maxwidth=\"800px\"]\n<p>&nbsp;<\/p>\n<p>Edition special pour le Canada !!!<\/p>\n<p>Un tout nouvel instrument de Mijail Kharash !!!<\/p>\n<p>La guitare offre une belle voix chantante comme on peut s&rsquo;y attendre d&rsquo;une guitare fabriqu\u00e9e \u00e0 Grenade !!!<\/p>\n<p>Basses Espagnoles luxuriantes avec des aigus doux et ronds&#8230;Excellente jouabilit\u00e9 et projection<\/p>\n<p>Si l\u00e9ger et confortable \u00e0 tenir&#8230;<\/p>\n<p>Une excellente trouvaille \u00e0 tous points de vue<\/p>\n<p>Des nouvelles guitares de Mijail Kharash arriveront en 2023, SVP me contacter pour r\u00e9server les instruments \u00e0 venir<\/p>\n<p>Merci<\/p>\n<\/div>\n","protected":false},"featured_media":28848,"comment_status":"open","ping_status":"closed","template":"","meta":{"_mo_disable_npp":""},"product_brand":[],"product_cat":[1058,1057],"product_tag":[1103,1125,1126,1127],"class_list":{"0":"post-28846","1":"product","2":"type-product","3":"status-publish","4":"has-post-thumbnail","6":"product_cat-guitares","7":"product_cat-guitares-classique","8":"product_tag-granada-luthier-fr","9":"product_tag-hand-made-guitar-from-granada-spain-fr","10":"product_tag-luthier-mijail-kharash-fr","11":"product_tag-mijail-kharash-classical-guitars-fr","12":"sales-flash-overlay","13":"woocommerce-text-align-left","14":"woocommerce-image-align-center","15":"do-quantity-buttons","16":"wc-has-gallery","18":"first","19":"outofstock","20":"taxable","21":"shipping-taxable","22":"product-type-simple"},"_links":{"self":[{"href":"https:\/\/www.grandsalondeguitare.com\/fr\/wp-json\/wp\/v2\/product\/28846","targetHints":{"allow":["GET"]}}],"collection":[{"href":"https:\/\/www.grandsalondeguitare.com\/fr\/wp-json\/wp\/v2\/product"}],"about":[{"href":"https:\/\/www.grandsalondeguitare.com\/fr\/wp-json\/wp\/v2\/types\/product"}],"replies":[{"embeddable":true,"href":"https:\/\/www.grandsalondeguitare.com\/fr\/wp-json\/wp\/v2\/comments?post=28846"}],"wp:featuredmedia":[{"embeddable":true,"href":"https:\/\/www.grandsalondeguitare.com\/fr\/wp-json\/wp\/v2\/media\/28848"}],"wp:attachment":[{"href":"https:\/\/www.grandsalondeguitare.com\/fr\/wp-json\/wp\/v2\/media?parent=28846"}],"wp:term":[{"taxonomy":"product_brand","embeddable":true,"href":"https:\/\/www.grandsalondeguitare.com\/fr\/wp-json\/wp\/v2\/product_brand?post=28846"},{"taxonomy":"product_cat","embeddable":true,"href":"https:\/\/www.grandsalondeguitare.com\/fr\/wp-json\/wp\/v2\/product_cat?post=28846"},{"taxonomy":"product_tag","embeddable":true,"href":"https:\/\/www.grandsalondeguitare.com\/fr\/wp-json\/wp\/v2\/product_tag?post=28846"}],"curies":[{"name":"wp","href":"https:\/\/api.w.org\/{rel}","templated":true}]}}