{"id":28631,"date":"2023-03-15T12:14:44","date_gmt":"2023-03-15T17:14:44","guid":{"rendered":"https:\/\/www.grandsalondeguitare.com\/?post_type=product&#038;p=28631"},"modified":"2023-03-15T15:15:47","modified_gmt":"2023-03-15T20:15:47","slug":"a-319-guitarlift-he-big-carbon-mat-noire-copy","status":"publish","type":"product","link":"https:\/\/www.grandsalondeguitare.com\/fr\/produit\/a-319-guitarlift-he-big-carbon-mat-noire-copy\/","title":{"rendered":"A-330,  Support EmbracingGuitar\u00ae"},"content":{"rendered":"<p><span style=\"font-size: 14pt;\"><strong>Support EmbracingGuitar\u00ae<\/strong><\/span><\/p>\n<p><span style=\"font-size: 14pt;\"><strong>Asier Pel\u00e1ez Moreno<\/strong><\/span><\/p>\n<p>Guitariste classique &amp; Concepteur du support ergonomique EmbracingGuitar\u00ae<\/p>\n<p>\u00ab\u00a0Les mani\u00e8res traditionnelles de tenir la guitare n&rsquo;ont jamais vraiment fonctionn\u00e9 pour moi.\u00a0J&rsquo;ai toujours ressenti le besoin d&#8217;embrasser la guitare, m\u00eame avec les deux jambes, afin que je puisse sentir l&rsquo;instrument comme faisant partie de mon corps et bouger librement avec.\u00a0\u00bb<br \/>\n\u00ab\u00a0Avec EmbracingGuitar\u00ae, nous avons d\u00e9velopp\u00e9 un support ergonomique qui permet la position souhait\u00e9e de l&rsquo;instrument avec une superbe stabilit\u00e9, tout en laissant le joueur bouger librement et en sentant la guitare comme une extension du corps.\u00a0\u00bb<\/p>\n<p><strong>Conception<\/strong><\/p>\n<p>Le support ergonomique EmbracingGuitar\u00ae a \u00e9t\u00e9 d\u00e9velopp\u00e9 pour am\u00e9liorer les performances et la sant\u00e9 de tous les guitaristes.<br \/>\nCon\u00e7u par le guitariste classique Asier Pel\u00e1ez Moreno.<\/p>\n<p><strong>Mouvement<\/strong><\/p>\n<p>\u00c9tant donn\u00e9 que l&rsquo;instrument reste stable dans la position souhait\u00e9e, vous pouvez vous d\u00e9placer librement tout en jouant, avec moins de tension et d&rsquo;effort.<br \/>\nLa guitare devient une extension de votre corps.<\/p>\n<p><strong>La stabilit\u00e9<\/strong><\/p>\n<p>Trois ventouses permettent plusieurs positions, \u00e9liminant le besoin d&rsquo;un repose-pieds et gardant votre corps dans une position confortable. Un caoutchouc traverse la partie inf\u00e9rieure du support, lui permettant de reposer sur les deux jambes pour une superbe stabilit\u00e9 sans coussinets suppl\u00e9mentaires.<\/p>\n<p>Mati\u00e8re : M\u00e9thacrylate<\/p>\n<p>\u00c9quip\u00e9 de 3 ventouses premium (diam\u00e8tre 50 mm).<\/p>\n<p>Coussin en caoutchouc amortissant<\/p>\n<p>Dimensions ext\u00e9rieures : 45,5 x 29 cm<\/p>\n<p>Poids du produit : 0,5 kg<\/p>\n<p><strong>Fabriqu\u00e9 en Espagne !!!<\/strong><\/p>\n<p>&nbsp;<\/p>\n<p><strong>*** Nous sommes Fiers d&rsquo;\u00eatre le concessionnaire agr\u00e9\u00e9 pour le continent Am\u00e9ricain ***<\/strong><\/p>\n","protected":false},"excerpt":{"rendered":"<p>NOUVEAU !!!<\/p>\n<p>Support EmbracingGuitar\u00ae<\/p>\n<p>Adoptez la stabilit\u00e9 et lib\u00e9rez votre mouvement,\u00a0avec le support ergonomique EmbracingGuitar\u00ae&#8230;<\/p>\n<p>Par des guitaristes, pour des guitaristes&#8230;<\/p>\n","protected":false},"featured_media":28637,"comment_status":"open","ping_status":"closed","template":"","meta":{"_mo_disable_npp":""},"product_brand":[],"product_cat":[1052,1069],"product_tag":[],"class_list":{"0":"post-28631","1":"product","2":"type-product","3":"status-publish","4":"has-post-thumbnail","6":"product_cat-accessoires","7":"product_cat-supports-pour-guitare","8":"sales-flash-overlay","9":"woocommerce-text-align-left","10":"woocommerce-image-align-center","11":"do-quantity-buttons","12":"wc-has-gallery","14":"first","15":"instock","16":"taxable","17":"shipping-taxable","18":"purchasable","19":"product-type-simple"},"_links":{"self":[{"href":"https:\/\/www.grandsalondeguitare.com\/fr\/wp-json\/wp\/v2\/product\/28631","targetHints":{"allow":["GET"]}}],"collection":[{"href":"https:\/\/www.grandsalondeguitare.com\/fr\/wp-json\/wp\/v2\/product"}],"about":[{"href":"https:\/\/www.grandsalondeguitare.com\/fr\/wp-json\/wp\/v2\/types\/product"}],"replies":[{"embeddable":true,"href":"https:\/\/www.grandsalondeguitare.com\/fr\/wp-json\/wp\/v2\/comments?post=28631"}],"wp:featuredmedia":[{"embeddable":true,"href":"https:\/\/www.grandsalondeguitare.com\/fr\/wp-json\/wp\/v2\/media\/28637"}],"wp:attachment":[{"href":"https:\/\/www.grandsalondeguitare.com\/fr\/wp-json\/wp\/v2\/media?parent=28631"}],"wp:term":[{"taxonomy":"product_brand","embeddable":true,"href":"https:\/\/www.grandsalondeguitare.com\/fr\/wp-json\/wp\/v2\/product_brand?post=28631"},{"taxonomy":"product_cat","embeddable":true,"href":"https:\/\/www.grandsalondeguitare.com\/fr\/wp-json\/wp\/v2\/product_cat?post=28631"},{"taxonomy":"product_tag","embeddable":true,"href":"https:\/\/www.grandsalondeguitare.com\/fr\/wp-json\/wp\/v2\/product_tag?post=28631"}],"curies":[{"name":"wp","href":"https:\/\/api.w.org\/{rel}","templated":true}]}}