{"id":28541,"date":"2020-07-13T10:06:01","date_gmt":"2020-07-13T15:06:01","guid":{"rendered":"https:\/\/www.grandsalondeguitare.com\/product\/a-214-hiscox-liteflite-proii-classical-guitar-medium\/"},"modified":"2023-02-24T11:01:24","modified_gmt":"2023-02-24T16:01:24","slug":"a-214-hiscox-liteflite-proii-classical-guitar-medium","status":"publish","type":"product","link":"https:\/\/www.grandsalondeguitare.com\/fr\/produit\/a-214-hiscox-liteflite-proii-classical-guitar-medium\/","title":{"rendered":"A-214, Hiscox liteflite ProII (Medium-Ivoire)"},"content":{"rendered":"<p>Mod\u00e8le : PRO-II-GCL-M-Ivoire<\/p>\n<p>\u00c9tui de guitare de taille moyenne classique.<\/p>\n<p>Coque ext\u00e9rieure ivoire avec int\u00e9rieur en velours argent\u00e9<\/p>\n<p>Convient aux guitares classiques jusqu&rsquo;\u00e0 375 mm de large.<br \/>\nDimensions int\u00e9rieures de l&rsquo;\u00e9tui de guitare :<\/p>\n<p>Longueur 1029mm &#8211; 40 1\/2&Prime;<\/p>\n<p>Partie Inf\u00e9rieur 375mm &#8211; 14 3\/4&Prime;<\/p>\n<p>Partie sup\u00e9rieure 267mm &#8211; 10 1\/2&Prime;<\/p>\n<p>Longueur du corps 489mm &#8211; 19 1\/4&Prime;<\/p>\n<p>Profondeur du corps 117 mm &#8211; 4 1\/2&Prime;<\/p>\n<p>Poids \u00e0 vide 4kg &#8211; 9lbs<\/p>\n<p>Une sangle de transport est incluse<\/p>\n","protected":false},"excerpt":{"rendered":"<p><strong>Mod\u00e8le : PRO-II-GCL-M-I\/S<\/strong><\/p>\n<p><strong>Etui de taille moyenne pour guitare classique<\/strong><\/p>\n<p><strong>Coque ext\u00e9rieure ivoire avec int\u00e9rieur en velours argent\u00e9<\/strong><\/p>\n<p><strong>Une sangle de transport est incluse<\/strong><\/p>\n","protected":false},"featured_media":18152,"comment_status":"closed","ping_status":"closed","template":"","meta":{"_mo_disable_npp":""},"product_brand":[],"product_cat":[1052,1187],"product_tag":[1406,1407,1408,1409,1410,1411,1412,1414,1415,1416],"class_list":{"0":"post-28541","1":"product","2":"type-product","3":"status-publish","4":"has-post-thumbnail","6":"product_cat-accessoires","7":"product_cat-etuis","8":"product_tag-canada-fr","9":"product_tag-case-fr","10":"product_tag-classical-fr","11":"product_tag-classique-fr","12":"product_tag-guitar-fr","13":"product_tag-guitare-fr","14":"product_tag-hiscox-fr","15":"product_tag-montreal-fr","16":"product_tag-quebec-fr","17":"product_tag-salon-de-guitare-fr","18":"sales-flash-overlay","19":"woocommerce-text-align-left","20":"woocommerce-image-align-center","21":"do-quantity-buttons","22":"wc-has-gallery","24":"first","25":"outofstock","26":"sold-individually","27":"taxable","28":"shipping-taxable","29":"product-type-simple"},"_links":{"self":[{"href":"https:\/\/www.grandsalondeguitare.com\/fr\/wp-json\/wp\/v2\/product\/28541","targetHints":{"allow":["GET"]}}],"collection":[{"href":"https:\/\/www.grandsalondeguitare.com\/fr\/wp-json\/wp\/v2\/product"}],"about":[{"href":"https:\/\/www.grandsalondeguitare.com\/fr\/wp-json\/wp\/v2\/types\/product"}],"replies":[{"embeddable":true,"href":"https:\/\/www.grandsalondeguitare.com\/fr\/wp-json\/wp\/v2\/comments?post=28541"}],"wp:featuredmedia":[{"embeddable":true,"href":"https:\/\/www.grandsalondeguitare.com\/fr\/wp-json\/wp\/v2\/media\/18152"}],"wp:attachment":[{"href":"https:\/\/www.grandsalondeguitare.com\/fr\/wp-json\/wp\/v2\/media?parent=28541"}],"wp:term":[{"taxonomy":"product_brand","embeddable":true,"href":"https:\/\/www.grandsalondeguitare.com\/fr\/wp-json\/wp\/v2\/product_brand?post=28541"},{"taxonomy":"product_cat","embeddable":true,"href":"https:\/\/www.grandsalondeguitare.com\/fr\/wp-json\/wp\/v2\/product_cat?post=28541"},{"taxonomy":"product_tag","embeddable":true,"href":"https:\/\/www.grandsalondeguitare.com\/fr\/wp-json\/wp\/v2\/product_tag?post=28541"}],"curies":[{"name":"wp","href":"https:\/\/api.w.org\/{rel}","templated":true}]}}