{"id":28538,"date":"2020-07-13T10:21:59","date_gmt":"2020-07-13T15:21:59","guid":{"rendered":"https:\/\/www.grandsalondeguitare.com\/product\/a-215-hiscox-liteflite-proii-classical-guitar-large\/"},"modified":"2023-02-24T10:51:52","modified_gmt":"2023-02-24T15:51:52","slug":"a-215-hiscox-liteflite-proii-classical-guitar-large","status":"publish","type":"product","link":"https:\/\/www.grandsalondeguitare.com\/fr\/produit\/a-215-hiscox-liteflite-proii-classical-guitar-large\/","title":{"rendered":"A-215, Hiscox liteflite ProII (Large-Ivoire)"},"content":{"rendered":"<p>Mod\u00e8le : PRO-II-GCL-Large-Ivoire<\/p>\n<p>Grand \u00e9tui de guitare de taille classique.<\/p>\n<p>Coque ext\u00e9rieure ivoire avec int\u00e9rieur en velours argent\u00e9<\/p>\n<p>Convient aux guitares classiques jusqu&rsquo;\u00e0 387 mm de large.<br \/>\nDimensions int\u00e9rieures de l&rsquo;\u00e9tui de guitare :<\/p>\n<p>Longueur 1028mm &#8211; 40 1\/2&Prime;<\/p>\n<p>Bout inf\u00e9rieur 387mm &#8211; 15&Prime;<\/p>\n<p>Haut bout 279mm &#8211; 11&Prime;<\/p>\n<p>Longueur du corps 495 mm &#8211; 19 1\/2&Prime;<\/p>\n<p>Profondeur du corps 117mm &#8211; 4 1\/2&Prime;<\/p>\n<p>Poids \u00e0 vide 4kg &#8211; 9lbs<\/p>\n<p>Une sangle de transport est incluse<\/p>\n","protected":false},"excerpt":{"rendered":"<p><strong>Modele: PRO-II-GCL-L-I\/S<\/strong><\/p>\n<p><strong>Etui grande taille pour guitare classique<\/strong><\/p>\n<p><strong>Coque ext\u00e9rieure ivoire avec int\u00e9rieur en velours argent\u00e9<\/strong><\/p>\n<p><strong>Une sangle de transport est incluse<\/strong><\/p>\n","protected":false},"featured_media":18164,"comment_status":"closed","ping_status":"closed","template":"","meta":{"_mo_disable_npp":""},"product_brand":[],"product_cat":[1052,1187],"product_tag":[1406,1407,1408,1409,1892,1412,1891,1414,1416],"class_list":{"0":"post-28538","1":"product","2":"type-product","3":"status-publish","4":"has-post-thumbnail","6":"product_cat-accessoires","7":"product_cat-etuis","8":"product_tag-canada-fr","9":"product_tag-case-fr","10":"product_tag-classical-fr","11":"product_tag-classique-fr","12":"product_tag-guitar-cases-fr","13":"product_tag-hiscox-fr","14":"product_tag-liteflite-pro-ii-guitar-cases-from-england-fr","15":"product_tag-montreal-fr","16":"product_tag-salon-de-guitare-fr","17":"sales-flash-overlay","18":"woocommerce-text-align-left","19":"woocommerce-image-align-center","20":"do-quantity-buttons","21":"wc-has-gallery","23":"first","24":"outofstock","25":"sold-individually","26":"taxable","27":"shipping-taxable","28":"product-type-simple"},"_links":{"self":[{"href":"https:\/\/www.grandsalondeguitare.com\/fr\/wp-json\/wp\/v2\/product\/28538","targetHints":{"allow":["GET"]}}],"collection":[{"href":"https:\/\/www.grandsalondeguitare.com\/fr\/wp-json\/wp\/v2\/product"}],"about":[{"href":"https:\/\/www.grandsalondeguitare.com\/fr\/wp-json\/wp\/v2\/types\/product"}],"replies":[{"embeddable":true,"href":"https:\/\/www.grandsalondeguitare.com\/fr\/wp-json\/wp\/v2\/comments?post=28538"}],"wp:featuredmedia":[{"embeddable":true,"href":"https:\/\/www.grandsalondeguitare.com\/fr\/wp-json\/wp\/v2\/media\/18164"}],"wp:attachment":[{"href":"https:\/\/www.grandsalondeguitare.com\/fr\/wp-json\/wp\/v2\/media?parent=28538"}],"wp:term":[{"taxonomy":"product_brand","embeddable":true,"href":"https:\/\/www.grandsalondeguitare.com\/fr\/wp-json\/wp\/v2\/product_brand?post=28538"},{"taxonomy":"product_cat","embeddable":true,"href":"https:\/\/www.grandsalondeguitare.com\/fr\/wp-json\/wp\/v2\/product_cat?post=28538"},{"taxonomy":"product_tag","embeddable":true,"href":"https:\/\/www.grandsalondeguitare.com\/fr\/wp-json\/wp\/v2\/product_tag?post=28538"}],"curies":[{"name":"wp","href":"https:\/\/api.w.org\/{rel}","templated":true}]}}