{"id":28513,"date":"2023-02-22T17:18:35","date_gmt":"2023-02-22T22:18:35","guid":{"rendered":"https:\/\/www.grandsalondeguitare.com\/?post_type=product&#038;p=28513"},"modified":"2023-02-22T17:38:36","modified_gmt":"2023-02-22T22:38:36","slug":"a-108-repose-pied-strukture-copy","status":"publish","type":"product","link":"https:\/\/www.grandsalondeguitare.com\/fr\/produit\/a-108-repose-pied-strukture-copy\/","title":{"rendered":"A-329, Wedge d&rsquo;ampli pliable"},"content":{"rendered":"<p>Henriksen<\/p>\n<p>\u00ab\u00a0Wedge\u00a0\u00bb d&rsquo;ampli pliable<\/p>\n<p>Obtenez une inclinaison jusqu&rsquo;\u00e0 30 degr\u00e9s avec le \u00ab\u00a0Wedge\u00a0\u00bb d&rsquo;ampli pliable.<\/p>\n<p>Pieds textur\u00e9s pour \u00e9viter de glisser, et il se range facilement dans la pochette du sac de transport, ou peut \u00eatre utilis\u00e9 \u00e0 l&rsquo;int\u00e9rieur du sac de transport pour une protection suppl\u00e9mentaire du panneau de commande pendant le transport.<\/p>\n<p>Taille pli\u00e9e finale &#8211; 20,5 x 16 x 2,5 cm<\/p>\n","protected":false},"excerpt":{"rendered":"<p>Wedge inclinable pour votre amplificateur Henriksen<\/p>\n<p>Obtenez une inclinaison jusqu&rsquo;\u00e0 30 degr\u00e9s avec ce \u00ab\u00a0Wedge\u00a0\u00bb qui se replie facilement pour \u00eatre rang\u00e9e dans la poche de votre sac de transport.<\/p>\n","protected":false},"featured_media":28527,"comment_status":"closed","ping_status":"closed","template":"","meta":{"_mo_disable_npp":""},"product_brand":[],"product_cat":[1052,1277],"product_tag":[],"class_list":{"0":"post-28513","1":"product","2":"type-product","3":"status-publish","4":"has-post-thumbnail","6":"product_cat-accessoires","7":"product_cat-amplificateurs","8":"sales-flash-overlay","9":"woocommerce-text-align-left","10":"woocommerce-image-align-center","11":"do-quantity-buttons","12":"wc-has-gallery","14":"first","15":"instock","16":"taxable","17":"shipping-taxable","18":"purchasable","19":"product-type-simple"},"_links":{"self":[{"href":"https:\/\/www.grandsalondeguitare.com\/fr\/wp-json\/wp\/v2\/product\/28513","targetHints":{"allow":["GET"]}}],"collection":[{"href":"https:\/\/www.grandsalondeguitare.com\/fr\/wp-json\/wp\/v2\/product"}],"about":[{"href":"https:\/\/www.grandsalondeguitare.com\/fr\/wp-json\/wp\/v2\/types\/product"}],"replies":[{"embeddable":true,"href":"https:\/\/www.grandsalondeguitare.com\/fr\/wp-json\/wp\/v2\/comments?post=28513"}],"wp:featuredmedia":[{"embeddable":true,"href":"https:\/\/www.grandsalondeguitare.com\/fr\/wp-json\/wp\/v2\/media\/28527"}],"wp:attachment":[{"href":"https:\/\/www.grandsalondeguitare.com\/fr\/wp-json\/wp\/v2\/media?parent=28513"}],"wp:term":[{"taxonomy":"product_brand","embeddable":true,"href":"https:\/\/www.grandsalondeguitare.com\/fr\/wp-json\/wp\/v2\/product_brand?post=28513"},{"taxonomy":"product_cat","embeddable":true,"href":"https:\/\/www.grandsalondeguitare.com\/fr\/wp-json\/wp\/v2\/product_cat?post=28513"},{"taxonomy":"product_tag","embeddable":true,"href":"https:\/\/www.grandsalondeguitare.com\/fr\/wp-json\/wp\/v2\/product_tag?post=28513"}],"curies":[{"name":"wp","href":"https:\/\/api.w.org\/{rel}","templated":true}]}}