{"id":28460,"date":"2023-02-22T15:29:03","date_gmt":"2023-02-22T20:29:05","guid":{"rendered":"https:\/\/www.grandsalondeguitare.com\/?post_type=product&#038;p=28460"},"modified":"2023-02-22T15:55:06","modified_gmt":"2023-02-22T20:55:06","slug":"c-675-mark-usherovich-canada-copy","status":"publish","type":"product","link":"https:\/\/www.grandsalondeguitare.com\/fr\/produit\/c-675-mark-usherovich-canada-copy\/","title":{"rendered":"C-676, Eric Sahlin (Etats-Unis)"},"content":{"rendered":"<p>Guitare classique de concert<\/p>\n<p>Fabriqu\u00e9 en 2015<\/p>\n<p>\u00c9chelle de 650 mm avec sillet de 53 mm<\/p>\n<p>Table en c\u00e8dre rouge de l&rsquo;Ouest<\/p>\n<p>Fond et \u00e9clisses en palissandre est Indien<\/p>\n<p>Manche en acajou du Honduras<\/p>\n<p>Touche en \u00e9b\u00e8ne<\/p>\n<p>M\u00e9caniques Irving Sloane avec boutons en \u00e9b\u00e8ne<\/p>\n<p>Finition au tampon en polis Fran\u00e7ais<\/p>\n<p>\u00c9tui rigide inclus<\/p>\n<p>La longueur totale de la guitare est de 99,7 cm \/ 39,25 pouces<\/p>\n<p>La longueur du corps est de 48,26 cm \/ 19 pouces<\/p>\n<p>Le bout sup\u00e9rieur est de 28 cm \/ 11,02 pouces<\/p>\n<p>Le bout inf\u00e9rieur est de 37 cm \/ 14,5 pouces<\/p>\n<p>La largeur est de 10 cm \/ 3,93 pouces<\/p>\n<p>Le poids de la guitare est de 1,50 kg \/ 3,30 lb<\/p>\n","protected":false},"excerpt":{"rendered":"<p>Une trouvaille tr\u00e8s rare au Canada<\/p>\n<p>Eric Sahlin a plus de 7,5 ans de liste d&rsquo;attente&#8230;<\/p>\n<p>Une magnifique guitare traditionnelle \u00e0 tous points de vue&#8230;<\/p>\n","protected":false},"featured_media":28462,"comment_status":"closed","ping_status":"closed","template":"","meta":{"_mo_disable_npp":""},"product_brand":[],"product_cat":[1058,1057],"product_tag":[1141],"class_list":{"0":"post-28460","1":"product","2":"type-product","3":"status-publish","4":"has-post-thumbnail","6":"product_cat-guitares","7":"product_cat-guitares-classique","8":"product_tag-concert-classical-guitars-in-montreal-canada-fr","9":"sales-flash-overlay","10":"woocommerce-text-align-left","11":"woocommerce-image-align-center","12":"do-quantity-buttons","13":"wc-has-gallery","15":"first","16":"outofstock","17":"sold-individually","18":"taxable","19":"shipping-taxable","20":"product-type-simple"},"_links":{"self":[{"href":"https:\/\/www.grandsalondeguitare.com\/fr\/wp-json\/wp\/v2\/product\/28460","targetHints":{"allow":["GET"]}}],"collection":[{"href":"https:\/\/www.grandsalondeguitare.com\/fr\/wp-json\/wp\/v2\/product"}],"about":[{"href":"https:\/\/www.grandsalondeguitare.com\/fr\/wp-json\/wp\/v2\/types\/product"}],"replies":[{"embeddable":true,"href":"https:\/\/www.grandsalondeguitare.com\/fr\/wp-json\/wp\/v2\/comments?post=28460"}],"wp:featuredmedia":[{"embeddable":true,"href":"https:\/\/www.grandsalondeguitare.com\/fr\/wp-json\/wp\/v2\/media\/28462"}],"wp:attachment":[{"href":"https:\/\/www.grandsalondeguitare.com\/fr\/wp-json\/wp\/v2\/media?parent=28460"}],"wp:term":[{"taxonomy":"product_brand","embeddable":true,"href":"https:\/\/www.grandsalondeguitare.com\/fr\/wp-json\/wp\/v2\/product_brand?post=28460"},{"taxonomy":"product_cat","embeddable":true,"href":"https:\/\/www.grandsalondeguitare.com\/fr\/wp-json\/wp\/v2\/product_cat?post=28460"},{"taxonomy":"product_tag","embeddable":true,"href":"https:\/\/www.grandsalondeguitare.com\/fr\/wp-json\/wp\/v2\/product_tag?post=28460"}],"curies":[{"name":"wp","href":"https:\/\/api.w.org\/{rel}","templated":true}]}}