{"id":28412,"date":"2023-02-22T12:54:31","date_gmt":"2023-02-22T17:54:32","guid":{"rendered":"https:\/\/www.grandsalondeguitare.com\/?post_type=product&#038;p=28412"},"modified":"2023-02-22T13:13:41","modified_gmt":"2023-02-22T18:13:41","slug":"c-663-sergei-de-jonge-canada-copy","status":"publish","type":"product","link":"https:\/\/www.grandsalondeguitare.com\/fr\/produit\/c-663-sergei-de-jonge-canada-copy\/","title":{"rendered":"C-675, Mark Usherovich (Canada)"},"content":{"rendered":"<p>Guitare classique de concert<\/p>\n<p>Fabriqu\u00e9 en 2015<\/p>\n<p>\u00c9chelle de 650 mm avec sillet de 52 mm<\/p>\n<p>Table en c\u00e8dre<\/p>\n<p>Fond et \u00e9clisses en palissandre indien<\/p>\n<p>Manche en acajou<\/p>\n<p>Touche en \u00e9b\u00e8ne<\/p>\n<p>M\u00e9caniques Irving Sloane avec boutons en bois d&rsquo;amourette<\/p>\n<p>Finition au tampon en polis Fran\u00e7ais<\/p>\n<p>\u00c9tui rigide inclus<\/p>\n<p>La longueur totale de la guitare est de 100 cm \/ 39,37 pouces<\/p>\n<p>La longueur du corps est de 48,5 cm \/ 19,09 pouces<\/p>\n<p>Le bout sup\u00e9rieur est de 28,5 cm \/ 11,22 pouces<\/p>\n<p>Le bout inf\u00e9rieur est de 37 cm \/ 14,5669 pouces<\/p>\n<p>La largeur est de 10,5 cm \/ 4,133 pouces<\/p>\n<p>Le poids de la guitare est de 1,50 kg \/ 3,30 lb<\/p>\n","protected":false},"excerpt":{"rendered":"<p>Guitare classique de concert Fabriqu\u00e9 en 2015 \u00c9chelle de 650 mm avec sillet de 52 mm Table en c\u00e8dre Fond et \u00e9clisses en palissandre indien Manche en acajou Touche en \u00e9b\u00e8ne M\u00e9caniques Irving Sloane avec boutons en bois d&rsquo;amourette Finition au tampon en polis Fran\u00e7ais \u00c9tui rigide inclus La longueur totale de la guitare est &#8230; <a title=\"C-675, Mark Usherovich (Canada)\" class=\"read-more\" href=\"https:\/\/www.grandsalondeguitare.com\/fr\/produit\/c-663-sergei-de-jonge-canada-copy\/\" aria-label=\"En savoir plus sur C-675, Mark Usherovich (Canada)\">Lire la suite<\/a><\/p>\n","protected":false},"featured_media":28414,"comment_status":"closed","ping_status":"closed","template":"","meta":{"_mo_disable_npp":""},"product_brand":[],"product_cat":[1058,1057],"product_tag":[1141],"class_list":{"0":"post-28412","1":"product","2":"type-product","3":"status-publish","4":"has-post-thumbnail","6":"product_cat-guitares","7":"product_cat-guitares-classique","8":"product_tag-concert-classical-guitars-in-montreal-canada-fr","9":"sales-flash-overlay","10":"woocommerce-text-align-left","11":"woocommerce-image-align-center","12":"do-quantity-buttons","13":"wc-has-gallery","15":"first","16":"outofstock","17":"sold-individually","18":"taxable","19":"shipping-taxable","20":"product-type-simple"},"_links":{"self":[{"href":"https:\/\/www.grandsalondeguitare.com\/fr\/wp-json\/wp\/v2\/product\/28412","targetHints":{"allow":["GET"]}}],"collection":[{"href":"https:\/\/www.grandsalondeguitare.com\/fr\/wp-json\/wp\/v2\/product"}],"about":[{"href":"https:\/\/www.grandsalondeguitare.com\/fr\/wp-json\/wp\/v2\/types\/product"}],"replies":[{"embeddable":true,"href":"https:\/\/www.grandsalondeguitare.com\/fr\/wp-json\/wp\/v2\/comments?post=28412"}],"wp:featuredmedia":[{"embeddable":true,"href":"https:\/\/www.grandsalondeguitare.com\/fr\/wp-json\/wp\/v2\/media\/28414"}],"wp:attachment":[{"href":"https:\/\/www.grandsalondeguitare.com\/fr\/wp-json\/wp\/v2\/media?parent=28412"}],"wp:term":[{"taxonomy":"product_brand","embeddable":true,"href":"https:\/\/www.grandsalondeguitare.com\/fr\/wp-json\/wp\/v2\/product_brand?post=28412"},{"taxonomy":"product_cat","embeddable":true,"href":"https:\/\/www.grandsalondeguitare.com\/fr\/wp-json\/wp\/v2\/product_cat?post=28412"},{"taxonomy":"product_tag","embeddable":true,"href":"https:\/\/www.grandsalondeguitare.com\/fr\/wp-json\/wp\/v2\/product_tag?post=28412"}],"curies":[{"name":"wp","href":"https:\/\/api.w.org\/{rel}","templated":true}]}}