{"id":28400,"date":"2019-05-15T13:17:15","date_gmt":"2019-05-15T18:17:15","guid":{"rendered":"https:\/\/www.grandsalondeguitare.com\/product\/c-458-jose-antonio-lagunar-spain\/"},"modified":"2023-02-17T14:38:22","modified_gmt":"2023-02-17T19:38:22","slug":"c-458-jose-antonio-lagunar-spain","status":"publish","type":"product","link":"https:\/\/www.grandsalondeguitare.com\/fr\/produit\/c-458-jose-antonio-lagunar-spain\/","title":{"rendered":"C-458, Jose Antonio Lagunar (Espagne)"},"content":{"rendered":"<p>Jose Antonio Lagunar<\/p>\n<p>Guitarra de Artesania<\/p>\n<p>\u00ab\u00a01a Primera Special\u00a0\u00bb<\/p>\n<p>Construit en 2019<\/p>\n<p>\u00c9chelle de 640 mm avec sillet de 51 mm<\/p>\n<p>Table en c\u00e8dre (Thuja Plicata)<\/p>\n<p>Fond et \u00e9clisses en palissandre du Madagascar (Dalbergia Baroni)<\/p>\n<p>Manche en Pau Ferro<\/p>\n<p>Touche en \u00e9b\u00e8ne<\/p>\n<p>Pont en sycomore<\/p>\n<p>Placage de la t\u00eate en palissandre du Madagascar (Dalbergia Baroni)<\/p>\n<p>M\u00e9caniques Gotoh 35G-510QC<\/p>\n<p>La table d&rsquo;harmonie est en polis Fran\u00e7ais<\/p>\n<p>Balance de la guitare est en laque polyur\u00e9thane<\/p>\n<p>\u00c9tui rigide inclus<\/p>\n<p>&nbsp;<\/p>\n<p>Jose Antonio a \u00e9t\u00e9 le luthier principal pendant 30 ans dans la maison des guitares Contreras jusqu&rsquo;au d\u00e9c\u00e8s de Pablo Contreras, c&rsquo;est \u00e0 ce moment-l\u00e0 qu&rsquo;il a pris la direction de l&rsquo;entreprise en tant que seul et unique luthier rest\u00e9 pendant 4 ans\u2026<\/p>\n<p>En 2015, il d\u00e9cide de fabriquer les guitares sous son propre label et de voler de ses propres ailes.<\/p>\n<p>*** Nous sommes fiers d&rsquo;\u00eatre le revendeur exclusif en Am\u00e9rique du Nord des guitares Jose Antonio Lagunar ***<\/p>\n","protected":false},"excerpt":{"rendered":"<p>L\u00e9g\u00e8rement utilis\u00e9 en tr\u00e8s bon \u00e9tat&#8230;<\/p>\n<p>C&rsquo;est une guitare incroyable avec beaucoup de puissance et de projection, tout comme les nombreuses guitares Contreras que j&rsquo;ai vendues et jou\u00e9es au fil des ans\u2026<\/p>\n<p>Le timbre espagnol chaud et luxuriant y est pr\u00e9sent, avec un grand \u00e9quilibre, une s\u00e9paration et sustain &#8230;<\/p>\n<p>Un must pour tous ceux qui recherchent une guitare classique de concert espagnole haut de gamme<\/p>\n","protected":false},"featured_media":13049,"comment_status":"closed","ping_status":"closed","template":"","meta":{"_mo_disable_npp":""},"product_brand":[],"product_cat":[1058,1057],"product_tag":[1380,1202,1381,1200,1382],"class_list":{"0":"post-28400","1":"product","2":"type-product","3":"status-publish","4":"has-post-thumbnail","6":"product_cat-guitares","7":"product_cat-guitares-classique","8":"product_tag-concert-classical-guitars-from-spain-fr","9":"product_tag-hand-made-guitars-from-spain-fr","10":"product_tag-jose-antonio-lagunar-madrid-spain-luthier-fr","11":"product_tag-luthier-hand-made-guitars-montreal-canada-fr","12":"product_tag-montreal-luthier-guitars-showroom-fr","13":"sales-flash-overlay","14":"woocommerce-text-align-left","15":"woocommerce-image-align-center","16":"do-quantity-buttons","17":"wc-has-gallery","19":"first","20":"outofstock","21":"taxable","22":"shipping-taxable","23":"product-type-simple"},"_links":{"self":[{"href":"https:\/\/www.grandsalondeguitare.com\/fr\/wp-json\/wp\/v2\/product\/28400","targetHints":{"allow":["GET"]}}],"collection":[{"href":"https:\/\/www.grandsalondeguitare.com\/fr\/wp-json\/wp\/v2\/product"}],"about":[{"href":"https:\/\/www.grandsalondeguitare.com\/fr\/wp-json\/wp\/v2\/types\/product"}],"replies":[{"embeddable":true,"href":"https:\/\/www.grandsalondeguitare.com\/fr\/wp-json\/wp\/v2\/comments?post=28400"}],"wp:featuredmedia":[{"embeddable":true,"href":"https:\/\/www.grandsalondeguitare.com\/fr\/wp-json\/wp\/v2\/media\/13049"}],"wp:attachment":[{"href":"https:\/\/www.grandsalondeguitare.com\/fr\/wp-json\/wp\/v2\/media?parent=28400"}],"wp:term":[{"taxonomy":"product_brand","embeddable":true,"href":"https:\/\/www.grandsalondeguitare.com\/fr\/wp-json\/wp\/v2\/product_brand?post=28400"},{"taxonomy":"product_cat","embeddable":true,"href":"https:\/\/www.grandsalondeguitare.com\/fr\/wp-json\/wp\/v2\/product_cat?post=28400"},{"taxonomy":"product_tag","embeddable":true,"href":"https:\/\/www.grandsalondeguitare.com\/fr\/wp-json\/wp\/v2\/product_tag?post=28400"}],"curies":[{"name":"wp","href":"https:\/\/api.w.org\/{rel}","templated":true}]}}