{"id":28326,"date":"2023-02-08T13:51:22","date_gmt":"2023-02-08T18:51:22","guid":{"rendered":"https:\/\/www.grandsalondeguitare.com\/?post_type=product&#038;p=28326"},"modified":"2025-10-10T12:32:31","modified_gmt":"2025-10-10T17:32:31","slug":"a-302-knobloch-edc-34-0-cx-carbon-copy","status":"publish","type":"product","link":"https:\/\/www.grandsalondeguitare.com\/fr\/produit\/a-302-knobloch-edc-34-0-cx-carbon-copy\/","title":{"rendered":"A-328, Knobloch EDC 34.5 CX-Carbon"},"content":{"rendered":"<p><strong>ERITHACUS Double Silver<\/strong><\/p>\n<p>EDC 34.5 \u00a0Tension Fort<\/p>\n<p><strong>CORDES DE BASSE:<\/strong>\u00a0ER Double Silver, Naturel \u00b7 Rond<\/p>\n<p><strong>CORDES AIGUS :<\/strong> CX Carbon, chant brillant<\/p>\n<p>Con\u00e7u pour les guitaristes qui ont besoin d&rsquo;une brillance suppl\u00e9mentaire dans les aigus temp\u00e9r\u00e9e par un son plus rond naturel des basses.<\/p>\n<p><strong>Combinaison sonore\u00a0:<\/strong><\/p>\n<p>Les aigus lyriques brillants sont rehauss\u00e9s par la chaleur du son des basses rondes.<br \/>\nLe r\u00e9sultat est un son naturel, rond et lyrique.<\/p>\n<p><strong>Caract\u00e9ristiques:<\/strong><\/p>\n<p>Les mat\u00e9riaux naturels produisent un son aigu naturel avec des basses arrondies<br \/>\nRond, naturel et raffin\u00e9<\/p>\n<p><strong>Jouabilit\u00e9\u00a0:<\/strong><\/p>\n<p>Ensemble bien \u00e9quilibr\u00e9, facile \u00e0 jouer \u00e0 la fois \u00e0 gauche et \u00e0 droite avec une \u00e9lasticit\u00e9 suppl\u00e9mentaire dans les aigus<\/p>\n<p>La ligne <strong>ERITHACUS<\/strong> est cr\u00e9\u00e9e pour les guitaristes qui ont besoin d&rsquo;un son naturel, chaud et rond avec une intonation impeccable, une durabilit\u00e9 et une grande jouabilit\u00e9.<\/p>\n<p>Ces cordes sont polyvalentes et encore plus chaudes que la ligne Actives originale.<\/p>\n<p><img decoding=\"async\" src=\"https:\/\/static.wixstatic.com\/media\/27345e_7e8ee4334c304295987fb1572e130fec~mv2.jpg\/v1\/fill\/w_989,h_699,al_c,q_85,usm_0.66_1.00_0.01\/27345e_7e8ee4334c304295987fb1572e130fec~mv2.jpg\" \/><\/p>\n<p>&nbsp;<\/p>\n","protected":false},"excerpt":{"rendered":"<p><strong>ERITHACUS Double Silver<\/strong><\/p>\n<p><strong>EDC 34.5 Tension Fort<\/strong><\/p>\n<p><strong>CX-Carbon<\/strong><\/p>\n","protected":false},"featured_media":28328,"comment_status":"closed","ping_status":"closed","template":"","meta":{"_mo_disable_npp":""},"product_brand":[],"product_cat":[1052,1054],"product_tag":[],"class_list":{"0":"post-28326","1":"product","2":"type-product","3":"status-publish","4":"has-post-thumbnail","6":"product_cat-accessoires","7":"product_cat-cordes","8":"sales-flash-overlay","9":"woocommerce-text-align-left","10":"woocommerce-image-align-center","11":"do-quantity-buttons","13":"first","14":"instock","15":"taxable","16":"shipping-taxable","17":"purchasable","18":"product-type-simple"},"_links":{"self":[{"href":"https:\/\/www.grandsalondeguitare.com\/fr\/wp-json\/wp\/v2\/product\/28326","targetHints":{"allow":["GET"]}}],"collection":[{"href":"https:\/\/www.grandsalondeguitare.com\/fr\/wp-json\/wp\/v2\/product"}],"about":[{"href":"https:\/\/www.grandsalondeguitare.com\/fr\/wp-json\/wp\/v2\/types\/product"}],"replies":[{"embeddable":true,"href":"https:\/\/www.grandsalondeguitare.com\/fr\/wp-json\/wp\/v2\/comments?post=28326"}],"wp:featuredmedia":[{"embeddable":true,"href":"https:\/\/www.grandsalondeguitare.com\/fr\/wp-json\/wp\/v2\/media\/28328"}],"wp:attachment":[{"href":"https:\/\/www.grandsalondeguitare.com\/fr\/wp-json\/wp\/v2\/media?parent=28326"}],"wp:term":[{"taxonomy":"product_brand","embeddable":true,"href":"https:\/\/www.grandsalondeguitare.com\/fr\/wp-json\/wp\/v2\/product_brand?post=28326"},{"taxonomy":"product_cat","embeddable":true,"href":"https:\/\/www.grandsalondeguitare.com\/fr\/wp-json\/wp\/v2\/product_cat?post=28326"},{"taxonomy":"product_tag","embeddable":true,"href":"https:\/\/www.grandsalondeguitare.com\/fr\/wp-json\/wp\/v2\/product_tag?post=28326"}],"curies":[{"name":"wp","href":"https:\/\/api.w.org\/{rel}","templated":true}]}}