{"id":28305,"date":"2023-01-26T16:24:03","date_gmt":"2023-01-26T21:24:03","guid":{"rendered":"https:\/\/www.grandsalondeguitare.com\/product\/c-673-jose-marques-portugal\/"},"modified":"2026-01-23T09:23:05","modified_gmt":"2026-01-23T14:23:05","slug":"c-673-jose-marques-portugal","status":"publish","type":"product","link":"https:\/\/www.grandsalondeguitare.com\/fr\/produit\/c-673-jose-marques-portugal\/","title":{"rendered":"C-673, Jose Marques (Portugal)"},"content":{"rendered":"<p>Nouvelle guitare classique de concert<\/p>\n<p>Fabriqu\u00e9 en 2022<\/p>\n<p>N-81<\/p>\n<p>\u00c9chelle de 650\u00a0mm avec sillet de 52\u00a0mm<\/p>\n<p>Table en c\u00e8dre avec barrage \u00ab\u00a0lattice\u00a0\u00bb tout en bois<\/p>\n<p>Fond et \u00e9clisses en palissandre Indien<\/p>\n<p>Manche sur\u00e9lev\u00e9 en c\u00e8dre avec renfort en fibre de carbone<\/p>\n<p>Touche en \u00e9b\u00e8ne<\/p>\n<p>Rosace faite \u00e0 la main<\/p>\n<p>Chevalet en palissandre indien<\/p>\n<p>Placage de la t\u00eate en \u00e9b\u00e8ne des deux c\u00f4t\u00e9s<\/p>\n<p>D\u00e9cors &amp; filets sp\u00e9ciaux<\/p>\n<p>Sillets en os<\/p>\n<p>M\u00e9caniques Schaller Grandtune<\/p>\n<p>Table d&rsquo;harmonie finis au tampon en polis Fran\u00e7ais<\/p>\n<p>Reste de la guitare est vernis avec de l&rsquo;huile polyurethane<\/p>\n<p>\u00c9tuis en fibre de verre inclus<\/p>\n<p>Le poids de la guitare est de 1,80 kg \/ 3,96 lb<\/p>\n<p>Mesure 99 cm \/ 38,38 pouces de hauteur<\/p>\n<p>La longueur du corps est de 48,3 cm \/ 19 pouces<\/p>\n<p>La profondeur du corps est de 10,16 cm \/ 4 pouces<\/p>\n<p>Le bout sup\u00e9rieur mesure 28\u00a0cm\u00a0\/ 11,02\u00a0pouces<\/p>\n<p>Le bout inf\u00e9rieur est de 36,5 cm \/ 14,37 pouces<\/p>\n<p>N\u00e9 au Portugal, Jos\u00e9 Marques fait partie de ces luthiers qui sont entr\u00e9s tr\u00e8s t\u00f4t en contact avec le bois et la musique.<\/p>\n<p>Apr\u00e8s une carri\u00e8re de menuisier, Jos\u00e9 a fait son apprentissage chez le luthier local et renomm\u00e9 Daniel Luz pour apprendre le m\u00e9tier de fabricant d&rsquo;instruments de musique, en commen\u00e7ant par la guitare portugaise, l&rsquo;alto campani\u00e7a et enfin la guitare classique.<\/p>\n<p>Apr\u00e8s avoir pass\u00e9 du temps au Royaume-Uni et acquis des comp\u00e9tences dans divers ateliers, il s&rsquo;installe \u00e0 Corti\u00e7ois, au Portugal, pour se consacrer enti\u00e8rement \u00e0 la construction de belles guitares classiques.<\/p>\n<p>*** Nous sommes fiers d&rsquo;\u00eatre le repr\u00e9sentant nord-am\u00e9ricain du luthier Jose Marques \u00a0***<\/p>\n","protected":false},"excerpt":{"rendered":"[youtube v=r6HkwowWZTo maxwidth=\"800px\"]\n<p>&nbsp;<\/p>\n[youtube v=ea23NhnKYpQ maxwidth=\"800px\"]\n<p>&nbsp;<\/p>\n<p>Une autre guitare fantastique de Jose Marques !!<\/p>\n<p>L\u00e9ger \u00e0 tenir, mais riche en tonalit\u00e9 avec ses basses chaudes et bois\u00e9es avec des aigus ronds et chantants<\/p>\n<p>Excellent \u00e9quilibre, s\u00e9paration&#8230;tr\u00e8s facile \u00e0 jouer<\/p>\n<p>Un essaie s&rsquo;impose<\/p>\n","protected":false},"featured_media":28257,"comment_status":"closed","ping_status":"closed","template":"","meta":{"_mo_disable_npp":""},"product_brand":[],"product_cat":[1058,1057],"product_tag":[1528,1530,1881],"class_list":{"0":"post-28305","1":"product","2":"type-product","3":"status-publish","4":"has-post-thumbnail","6":"product_cat-guitares","7":"product_cat-guitares-classique","8":"product_tag-jose-marques-lattice-braced-guitar-fr","9":"product_tag-latticed-braced-guitars-montreal-canada-fr","10":"product_tag-luthier-jose-marques-portugal-fr","11":"sales-flash-overlay","12":"woocommerce-text-align-left","13":"woocommerce-image-align-center","14":"do-quantity-buttons","15":"wc-has-gallery","17":"first","18":"instock","19":"taxable","20":"shipping-taxable","21":"product-type-simple"},"_links":{"self":[{"href":"https:\/\/www.grandsalondeguitare.com\/fr\/wp-json\/wp\/v2\/product\/28305","targetHints":{"allow":["GET"]}}],"collection":[{"href":"https:\/\/www.grandsalondeguitare.com\/fr\/wp-json\/wp\/v2\/product"}],"about":[{"href":"https:\/\/www.grandsalondeguitare.com\/fr\/wp-json\/wp\/v2\/types\/product"}],"replies":[{"embeddable":true,"href":"https:\/\/www.grandsalondeguitare.com\/fr\/wp-json\/wp\/v2\/comments?post=28305"}],"wp:featuredmedia":[{"embeddable":true,"href":"https:\/\/www.grandsalondeguitare.com\/fr\/wp-json\/wp\/v2\/media\/28257"}],"wp:attachment":[{"href":"https:\/\/www.grandsalondeguitare.com\/fr\/wp-json\/wp\/v2\/media?parent=28305"}],"wp:term":[{"taxonomy":"product_brand","embeddable":true,"href":"https:\/\/www.grandsalondeguitare.com\/fr\/wp-json\/wp\/v2\/product_brand?post=28305"},{"taxonomy":"product_cat","embeddable":true,"href":"https:\/\/www.grandsalondeguitare.com\/fr\/wp-json\/wp\/v2\/product_cat?post=28305"},{"taxonomy":"product_tag","embeddable":true,"href":"https:\/\/www.grandsalondeguitare.com\/fr\/wp-json\/wp\/v2\/product_tag?post=28305"}],"curies":[{"name":"wp","href":"https:\/\/api.w.org\/{rel}","templated":true}]}}