{"id":27936,"date":"2022-12-14T12:09:34","date_gmt":"2022-12-14T17:09:34","guid":{"rendered":"https:\/\/www.grandsalondeguitare.com\/?post_type=product&#038;p=27936"},"modified":"2025-10-21T09:36:38","modified_gmt":"2025-10-21T14:36:38","slug":"c-497-stephane-ferre-canada-copy","status":"publish","type":"product","link":"https:\/\/www.grandsalondeguitare.com\/fr\/produit\/c-497-stephane-ferre-canada-copy\/","title":{"rendered":"C-669, Stephane Ferre (Canada)"},"content":{"rendered":"<p>Nouvelle Guitare classique de concert<\/p>\n<p>Fabriqu\u00e9 en 2020<\/p>\n<p>\u00ab\u00a0Phoenix\u00a0\u00bb<\/p>\n<p>Double table<\/p>\n<p>C\u00e8dre\/Nomex\/C\u00e8dre<\/p>\n<p>Fond et \u00e9clisses en palissandre du Vietnam<\/p>\n<p>Le dos et les c\u00f4t\u00e9s sont lamin\u00e9s \u00e0 l&rsquo;int\u00e9rieur avec de l&rsquo;acajou<\/p>\n<p>Manche sur\u00e9lev\u00e9 en c\u00e8dre Espagnol<\/p>\n<p>Touche en \u00e9b\u00e8ne Africain<\/p>\n<p>Chevalet, repose-bras et plaquage de la t\u00eate en palissandre du Vietnam<\/p>\n<p>M\u00e9caniques Gotoh s\u00e9rie 510 avec boutons en \u00e9b\u00e8ne<\/p>\n<p>Finition au tampon en\u00a0polis Fran\u00e7ais<\/p>\n<p>\u00c9tui rigide inclus<\/p>\n<p>La longueur totale de la guitare est de 99 cm \/ 38,97 pouces<\/p>\n<p>La longueur du corps est de 48,5 cm \/ 18,8976 pouces<\/p>\n<p>Le bout sup\u00e9rieur est de 28,5 cm \/ 11,22 pouces<\/p>\n<p>Le bout inf\u00e9rieur est de 36,5 cm \/ 14,37 pouces<\/p>\n<p>La largeur est de 10 cm \/ 3,93 pouces<\/p>\n<p>Le poids de la guitare est de 1,65 kg \/ 3,637 lb<\/p>\n","protected":false},"excerpt":{"rendered":"[youtube v=7CvY0euR6Ck =\"800px\"]\n<p>&nbsp;<\/p>\n<p>Superbe nouvelle double table du luthier Canadien St\u00e9phane Ferr\u00e9 !!!<\/p>\n<p>Cette guitare de concert a une voix chantante traditionnelle mais avec beaucoup de projection, une attaque\/r\u00e9ponse rapide, des basses profondes avec des aigus ronds et per\u00e7ants et n&rsquo;oublions pas l&rsquo;excellent sustain&#8230;<\/p>\n<p>Un essaie s&rsquo;impose<\/p>\n","protected":false},"featured_media":27938,"comment_status":"closed","ping_status":"closed","template":"","meta":{"_mo_disable_npp":""},"product_brand":[],"product_cat":[2258,1058,1057],"product_tag":[1496,1497,1498,1500],"class_list":{"0":"post-27936","1":"product","2":"type-product","3":"status-publish","4":"has-post-thumbnail","6":"product_cat-double-tops","7":"product_cat-guitares","8":"product_cat-guitares-classique","9":"product_tag-canadian-guitar-makers-fr","10":"product_tag-concert-classical-double-top-guitar-fr","11":"product_tag-double-cedar-top-guitars-fr","12":"product_tag-nomex-double-tops-fr","13":"sales-flash-overlay","14":"woocommerce-text-align-left","15":"woocommerce-image-align-center","16":"do-quantity-buttons","17":"wc-has-gallery","19":"first","20":"instock","21":"sold-individually","22":"taxable","23":"shipping-taxable","24":"purchasable","25":"product-type-simple"},"_links":{"self":[{"href":"https:\/\/www.grandsalondeguitare.com\/fr\/wp-json\/wp\/v2\/product\/27936","targetHints":{"allow":["GET"]}}],"collection":[{"href":"https:\/\/www.grandsalondeguitare.com\/fr\/wp-json\/wp\/v2\/product"}],"about":[{"href":"https:\/\/www.grandsalondeguitare.com\/fr\/wp-json\/wp\/v2\/types\/product"}],"replies":[{"embeddable":true,"href":"https:\/\/www.grandsalondeguitare.com\/fr\/wp-json\/wp\/v2\/comments?post=27936"}],"wp:featuredmedia":[{"embeddable":true,"href":"https:\/\/www.grandsalondeguitare.com\/fr\/wp-json\/wp\/v2\/media\/27938"}],"wp:attachment":[{"href":"https:\/\/www.grandsalondeguitare.com\/fr\/wp-json\/wp\/v2\/media?parent=27936"}],"wp:term":[{"taxonomy":"product_brand","embeddable":true,"href":"https:\/\/www.grandsalondeguitare.com\/fr\/wp-json\/wp\/v2\/product_brand?post=27936"},{"taxonomy":"product_cat","embeddable":true,"href":"https:\/\/www.grandsalondeguitare.com\/fr\/wp-json\/wp\/v2\/product_cat?post=27936"},{"taxonomy":"product_tag","embeddable":true,"href":"https:\/\/www.grandsalondeguitare.com\/fr\/wp-json\/wp\/v2\/product_tag?post=27936"}],"curies":[{"name":"wp","href":"https:\/\/api.w.org\/{rel}","templated":true}]}}