{"id":27831,"date":"2022-12-08T15:49:30","date_gmt":"2022-12-08T20:49:30","guid":{"rendered":"https:\/\/www.grandsalondeguitare.com\/?post_type=product&#038;p=27831"},"modified":"2023-12-13T11:16:02","modified_gmt":"2023-12-13T16:16:02","slug":"c-667-philip-oliver-woodfield-united-kingdom","status":"publish","type":"product","link":"https:\/\/www.grandsalondeguitare.com\/fr\/produit\/c-667-philip-oliver-woodfield-united-kingdom\/","title":{"rendered":"C-667, Philip Woodfield -Oliver Moore (UK)"},"content":{"rendered":"<p>Guitare classique de concert<\/p>\n<p>Mod\u00e8le \u00ab\u00a0Recurve\u00a0\u00bb<\/p>\n<p>N-4504513 CG II<\/p>\n<p>\u00ab\u00a0Julie\u00a0\u00bb<\/p>\n<p>Fabriqu\u00e9 en 2022<\/p>\n<p>\u00c9chelle de 650 mm avec sillet de 53 mm<\/p>\n<p>Table en \u00e9pic\u00e9a alpin (barrage sp\u00e9cial en treillis)<\/p>\n<p>Dos et \u00e9clisses en ch\u00eane noir anglais (aka Bog Oak \/ 5000 ans)<\/p>\n<p>Les c\u00f4t\u00e9s sont doubl\u00e9s \u00e0 l&rsquo;int\u00e9rieur de lacewood<\/p>\n<p>Manche en \u00e9rable sur\u00e9lev\u00e9 d&rsquo;un c\u00f4t\u00e9<\/p>\n<p>Touche en \u00e9b\u00e8ne d&rsquo;Afrique<\/p>\n<p>Chevalet, rosace, talon et t\u00eate en \u00ab\u00a0Bog Oak\u00a0\u00bb<\/p>\n<p>M\u00e9caniques Alessi fabriqu\u00e9es \u00e0 la main avec boutons en \u00e9b\u00e8ne<\/p>\n<p>Finition au tampon en polis Fran\u00e7ais<\/p>\n<p>\u00c9tui Hiscox Liteflite proII inclus<\/p>\n<p>Le poids de la guitare est de 1,75 kg \/ 3,858 lb<\/p>\n<p>La longueur totale de la guitare est de 99 cm \/ 38,97 pouces<\/p>\n<p>La longueur du corps est de 48,26 cm \/ 19 pouces<\/p>\n<p>Le bout sup\u00e9rieur est de 28 cm \/ 11,02 pouces<\/p>\n<p>Le bout inf\u00e9rieur est de 36,8 cm \/ 14,5 pouces<\/p>\n<p>La profondeur du corps est de 9,7 cm\/ 3,818 pouces<\/p>\n<p>&nbsp;<\/p>\n<p>Direct du site Web de Woodfield&#8230;<\/p>\n<p>Le mod\u00e8le \u00ab\u00a0Recurve\u00a0\u00bb est construit en collaboration avec mon fils Oliver Moore.<\/p>\n<p>Oliver est le concepteur de la t\u00eate, de la rosace et d&rsquo;autres \u00e9l\u00e9ments, dont certains sont con\u00e7us pour refl\u00e9ter mon style de construction ant\u00e9rieur.<\/p>\n<p>Il est \u00e9galement responsable de la refonte du plateau inclin\u00e9 pour lui donner une forme plus utile (bien que je dois dire, plus difficile \u00e0 r\u00e9aliser !). Les travaux de construction sont partag\u00e9s entre nous.<\/p>\n<p>La fonction de table incurv\u00e9e ou de touche sur\u00e9lev\u00e9e permettant \u00e0 la main gauche d&rsquo;acc\u00e9der un peu plus facilement au corps de la guitare est encore d\u00e9velopp\u00e9e avec ce mod\u00e8le et offre un d\u00e9gagement suppl\u00e9mentaire.<\/p>\n<p>Les styles de renforts internes sont les m\u00eames que pour mes mod\u00e8les GC, le son est le m\u00eame aussi.<\/p>\n<p>&nbsp;<\/p>\n<p>Philip Woodfield construit de belles guitares en Angleterre depuis plus de 30 ans maintenant.<\/p>\n<p>Au fil du temps, il a d\u00e9velopp\u00e9 une appr\u00e9ciation toujours croissante parmi les joueurs et les artistes de concert du monde entier, et il n&rsquo;est pas \u00e9tonnant que ses guitares aient tout ce que nous recherchons tous, une belle sonorit\u00e9 riche, une facilit\u00e9 de jeu, un volume superbe et une beaut\u00e9 et un savoir-faire exquis.<\/p>\n<p>Certains des meilleurs solistes \/ guitaristes de concert qui jouent un Woodfield incluent Scott Tennant du LA Guitar Quartet, Raymond Burley (\u00c9tats-Unis), Giulio Tampalini (Italie), Kupinski Guitar Duo (Pologne), Lorenzo Bernardi (Italie), Marcin Dylla (2007 GFA Winner), Emre Gokalp, Marek Pasciezny et bien d&rsquo;autres.<\/p>\n<p>&nbsp;<\/p>\n<p>***Nous sommes fiers d&rsquo;\u00eatre le revendeur canadien exclusif des guitares Philip Woodfield &#8211; Oliver Moore ***<\/p>\n","protected":false},"excerpt":{"rendered":"[youtube v=okID8q11bAE maxwidth=\"800px\"]\n<p>&nbsp;<\/p>\n<p>Comme neuve, modele \u00ab\u00a0Recurve\u00a0\u00bb<\/p>\n<p>Fabriquer en collaboration avec le fils de Philip Woodfield, Oliver Moore !!!<\/p>\n<p>Une guitare de concert tout simplement incroyable avec un grand savoir-faire et beaucoup d&rsquo;attention aux d\u00e9tails&#8230;<\/p>\n<p>Cet instrument offre une belle voix chantante avec beaucoup de \u00ab\u00a0sustain\u00a0\u00bb bel \u00e9quilibre et separation des notes&#8230;attaque\/r\u00e9ponse rapide et une projection de niveau concert !!!<\/p>\n<p>Philip Woodfield a une\u00a0liste d&rsquo;attente de 5 ans et demie&#8230;veuillez SVP me contacter pour r\u00e9server la prochaine guitare \u00e0 venir en 2023<\/p>\n","protected":false},"featured_media":27833,"comment_status":"closed","ping_status":"closed","template":"","meta":{"_mo_disable_npp":""},"product_brand":[],"product_cat":[1058,1057],"product_tag":[1859,1860,1152,1153,1154,1155],"class_list":{"0":"post-27831","1":"product","2":"type-product","3":"status-publish","4":"has-post-thumbnail","6":"product_cat-guitares","7":"product_cat-guitares-classique","8":"product_tag-oliver-woodfield-guitars-fr","9":"product_tag-philip-oliver-woodfield-guitars-fr","10":"product_tag-philip-woodfield-guitars-fr","11":"product_tag-united-kingdom-luthier-fr","12":"product_tag-woodfield-guitars-montreal-canada-fr","13":"product_tag-woodfield-guitars-united-kingdom-fr","14":"sales-flash-overlay","15":"woocommerce-text-align-left","16":"woocommerce-image-align-center","17":"do-quantity-buttons","18":"wc-has-gallery","20":"first","21":"outofstock","22":"taxable","23":"shipping-taxable","24":"product-type-simple"},"_links":{"self":[{"href":"https:\/\/www.grandsalondeguitare.com\/fr\/wp-json\/wp\/v2\/product\/27831","targetHints":{"allow":["GET"]}}],"collection":[{"href":"https:\/\/www.grandsalondeguitare.com\/fr\/wp-json\/wp\/v2\/product"}],"about":[{"href":"https:\/\/www.grandsalondeguitare.com\/fr\/wp-json\/wp\/v2\/types\/product"}],"replies":[{"embeddable":true,"href":"https:\/\/www.grandsalondeguitare.com\/fr\/wp-json\/wp\/v2\/comments?post=27831"}],"wp:featuredmedia":[{"embeddable":true,"href":"https:\/\/www.grandsalondeguitare.com\/fr\/wp-json\/wp\/v2\/media\/27833"}],"wp:attachment":[{"href":"https:\/\/www.grandsalondeguitare.com\/fr\/wp-json\/wp\/v2\/media?parent=27831"}],"wp:term":[{"taxonomy":"product_brand","embeddable":true,"href":"https:\/\/www.grandsalondeguitare.com\/fr\/wp-json\/wp\/v2\/product_brand?post=27831"},{"taxonomy":"product_cat","embeddable":true,"href":"https:\/\/www.grandsalondeguitare.com\/fr\/wp-json\/wp\/v2\/product_cat?post=27831"},{"taxonomy":"product_tag","embeddable":true,"href":"https:\/\/www.grandsalondeguitare.com\/fr\/wp-json\/wp\/v2\/product_tag?post=27831"}],"curies":[{"name":"wp","href":"https:\/\/api.w.org\/{rel}","templated":true}]}}