{"id":27828,"date":"2020-05-09T10:15:06","date_gmt":"2020-05-09T15:15:06","guid":{"rendered":"https:\/\/www.grandsalondeguitare.com\/product\/c-503-daniel-stark-germany\/"},"modified":"2025-10-21T12:25:16","modified_gmt":"2025-10-21T17:25:16","slug":"c-503-daniel-stark-germany","status":"publish","type":"product","link":"https:\/\/www.grandsalondeguitare.com\/fr\/produit\/c-503-daniel-stark-germany\/","title":{"rendered":"C-503, Daniel Stark (Allemagne)"},"content":{"rendered":"<div id=\"erdyt-6a007b89d1384\" data-id=\"BWhoRJ_lu6M\" class=\"erd-youtube-responsive\" style=\"display:block;position:relative;clear:both;width:100%;max-width:800px;margin-left:auto;margin-right:auto;\"><div style=\"padding-bottom:56.25%;\"><div class=\"erd-ytplay\" id=\"erdytp-BWhoRJ_lu6M-6a007b89d1384\" data-vid=\"BWhoRJ_lu6M\"   data-src=\"https:\/\/www.youtube.com\/embed\/BWhoRJ_lu6M?loop=1&#038;autoplay=1&#038;rel=0\" data-allowfullscreen=\"true\"><img decoding=\"async\" src=\"https:\/\/i.ytimg.com\/vi\/BWhoRJ_lu6M\/hqdefault.jpg\" alt=\"YouTube Video\" \/><\/div><\/div><\/div>\n<p>&nbsp;<\/p>\n<p>Guitare classique double table de concert<\/p>\n<p>Fabriqu\u00e9 en Allemagne<\/p>\n<p>Avril 2020<\/p>\n<p>Double table \u00e9pic\u00e9a\/balsa\/c\u00e8dre<\/p>\n<p>Membrane ext\u00e9rieure en \u00e9pic\u00e9a europ\u00e9en<\/p>\n<p>Membrane int\u00e9rieure C\u00e8dre + Balsa<\/p>\n<p>Noyau en treillis d&rsquo;\u00e9pic\u00e9a 7 + 7 avec garnitures en balsa<\/p>\n<p>4 minces contreventements transversaux en c\u00e8dre<\/p>\n<p>Fond et \u00e9clisses en palissandre Santos AAA<\/p>\n<p>Manche en c\u00e8dre br\u00e9silien sur\u00e9lev\u00e9 d&rsquo;un c\u00f4t\u00e9<\/p>\n<p>Touche en \u00e9b\u00e8ne de Makassar<\/p>\n<p>Placage de la t\u00eate et accoudoir en \u00e9b\u00e8ne exotique<\/p>\n<p>Pont en Pau Ferro<\/p>\n<p>Os de pont en ivoire de mammouth<\/p>\n<p>Reliures en noyer noir d&rsquo;Oregon USA<\/p>\n<p>Nouveau design de rosette avec bloc d&rsquo;attache assorti sur la selle<\/p>\n<p>M\u00e9caniques haut de gamme Perona<\/p>\n<p>Dos et \u00e9clisses vernis en polis Fran\u00e7ais, \u00e9quilibre du vernis \u00e0 l&rsquo;huile poli \u00e0 la main<\/p>\n<p>\u00c9tui Hiscox Liteflite Pro II inclus<\/p>\n<p>*** Nous sommes fiers d&rsquo;\u00eatre le revendeur exclusif en Am\u00e9rique du Nord des guitares Daniel Stark ***<\/p>\n","protected":false},"excerpt":{"rendered":"[youtube v=1qvKGka7GY8 maxwidth=\"800px\"]\n","protected":false},"featured_media":15131,"comment_status":"closed","ping_status":"closed","template":"","meta":{"_mo_disable_npp":""},"product_brand":[],"product_cat":[2258,1058,1057],"product_tag":[1059,1060,1061,1062],"class_list":{"0":"post-27828","1":"product","2":"type-product","3":"status-publish","4":"has-post-thumbnail","6":"product_cat-double-tops","7":"product_cat-guitares","8":"product_cat-guitares-classique","9":"product_tag-balsa-inner-core-double-top-guitars-montreal-canada-fr","10":"product_tag-daniel-stark-german-luthier-montreal-canada-fr","11":"product_tag-double-top-guitars-montreal-canada-fr","12":"product_tag-high-end-guitar-showroom-montreal-canada-fr","13":"sales-flash-overlay","14":"woocommerce-text-align-left","15":"woocommerce-image-align-center","16":"do-quantity-buttons","17":"wc-has-gallery","19":"first","20":"outofstock","21":"sold-individually","22":"taxable","23":"shipping-taxable","24":"product-type-simple"},"_links":{"self":[{"href":"https:\/\/www.grandsalondeguitare.com\/fr\/wp-json\/wp\/v2\/product\/27828","targetHints":{"allow":["GET"]}}],"collection":[{"href":"https:\/\/www.grandsalondeguitare.com\/fr\/wp-json\/wp\/v2\/product"}],"about":[{"href":"https:\/\/www.grandsalondeguitare.com\/fr\/wp-json\/wp\/v2\/types\/product"}],"replies":[{"embeddable":true,"href":"https:\/\/www.grandsalondeguitare.com\/fr\/wp-json\/wp\/v2\/comments?post=27828"}],"wp:featuredmedia":[{"embeddable":true,"href":"https:\/\/www.grandsalondeguitare.com\/fr\/wp-json\/wp\/v2\/media\/15131"}],"wp:attachment":[{"href":"https:\/\/www.grandsalondeguitare.com\/fr\/wp-json\/wp\/v2\/media?parent=27828"}],"wp:term":[{"taxonomy":"product_brand","embeddable":true,"href":"https:\/\/www.grandsalondeguitare.com\/fr\/wp-json\/wp\/v2\/product_brand?post=27828"},{"taxonomy":"product_cat","embeddable":true,"href":"https:\/\/www.grandsalondeguitare.com\/fr\/wp-json\/wp\/v2\/product_cat?post=27828"},{"taxonomy":"product_tag","embeddable":true,"href":"https:\/\/www.grandsalondeguitare.com\/fr\/wp-json\/wp\/v2\/product_tag?post=27828"}],"curies":[{"name":"wp","href":"https:\/\/api.w.org\/{rel}","templated":true}]}}