{"id":27722,"date":"2022-12-07T09:02:16","date_gmt":"2022-12-07T14:02:19","guid":{"rendered":"https:\/\/www.grandsalondeguitare.com\/?post_type=product&#038;p=27722"},"modified":"2022-12-07T09:49:40","modified_gmt":"2022-12-07T14:49:40","slug":"c-652-david-ryer-canada-copy","status":"publish","type":"product","link":"https:\/\/www.grandsalondeguitare.com\/fr\/produit\/c-652-david-ryer-canada-copy\/","title":{"rendered":"C-664, Guillermo Porras Salazar (Costa Rica)"},"content":{"rendered":"<p>Nouvelle guitare classique<\/p>\n<p>Mod\u00e8le \u00ab\u00a0Master Concierto<\/p>\n<p>Ann\u00e9e 2022<\/p>\n<p>(Mod\u00e8le GPS011, N-9)<\/p>\n<p>Guitare \u00ab\u00a0Picurrin\u00a0\u00bb N-89<\/p>\n<p>Longueur d&rsquo;\u00e9chelle de 650 mm avec sillet de 52 mm<\/p>\n<p>Espacement des cordes de 58mm au chevalet<\/p>\n<p>Table en c\u00e8dre rouge de l&rsquo;Ouest (Barrage lattice tout en bois)<\/p>\n<p>Dos et \u00e9clisses en Cocobolo antique du Costa Rica<\/p>\n<p>Manche en c\u00e8dre espagnol<\/p>\n<p>Touche en \u00e9b\u00e8ne africain avec 20\u00e8me frette<\/p>\n<p>Accoudoir en Cocobolo<\/p>\n<p>Port sonore sculpt\u00e9 \u00e0 la main (carte politique)<\/p>\n<p>Rosace et filets faits \u00e0 la main<\/p>\n<p>Chevalet en \u00e9b\u00e8ne africain avec attache cordes de 12 trous<\/p>\n<p>M\u00e9caniques Gotoh s\u00e9rie 510 avec boutons en \u00e9b\u00e8ne<\/p>\n<p>Finition en polis fran\u00e7ais sur le dessus<\/p>\n<p>Balance de la guitare est fini avec une laque nitrocellulose<\/p>\n<p>Etuis en fibre de verre incluse<\/p>\n<p>Le poids de la guitare est de 1,75 kg \/ 3,85 lb<\/p>\n<p>La longueur du corps est de 48,5 cm \/ 19,09 pouces<\/p>\n<p>Le bout sup\u00e9rieur est de 28 cm \/ 11,02 pouces<\/p>\n<p>Le bout inf\u00e9rieur est de 37,5 cm \/ 14,76 pouces<\/p>\n<p>La profondeur du corps est de 9,8 cm\/ 3,85 pouces<\/p>\n<p>&nbsp;<\/p>\n<p>Guillermo Porras Salazar est n\u00e9 en 1974 dans la province de Lim\u00f3n, au Costa Rica, et a grandi dans une famille tr\u00e8s musicale toujours entour\u00e9e de guitares.<\/p>\n<p>Jeune homme, son int\u00e9r\u00eat pour la lutherie l&rsquo;a d&rsquo;abord conduit \u00e0 construire des Guitarr\u00f3ns et des Vihuelas mexicaines, ce qu&rsquo;il a fait exclusivement pendant plusieurs ann\u00e9es.<\/p>\n<p>Mais \u00e0 la fin des ann\u00e9es 1990, il a l&rsquo;opportunit\u00e9 de rencontrer Juan Carlos Soto, un luthier reconnu en Am\u00e9rique Latine pour la construction de guitares aussi bien traditionnelles que modernes, et pendant plus de 3 ans Guillermo a pu \u00e9tudier la discipline sous sa tutelle, pour mieux comprendre les diff\u00e9rentes techniques de finitions et de mati\u00e8res premi\u00e8res, l&rsquo;histoire et la restauration, et tout cela a aliment\u00e9 sa passion croissante pour la production de guitares classiques et flamenco.<\/p>\n<p>Cet instrument est dot\u00e9 d&rsquo;un syst\u00e8me de contreventement en treillis qu&rsquo;il a utilis\u00e9 tout au long de sa carri\u00e8re de luthier. Il pr\u00e9sente une table en c\u00e8dre rouge de l&rsquo;Ouest poli fran\u00e7ais, avec des croisillons en \u00e9pic\u00e9a \u00e0 l&rsquo;int\u00e9rieur, et un dos et des \u00e9clisses en palissandre cocobolo laqu\u00e9, avec un port sonore sur le c\u00f4t\u00e9 sup\u00e9rieur du c\u00f4t\u00e9 de la basse.<\/p>\n<p>Il dispose \u00e9galement d&rsquo;un accoudoir de type Smallman pour un plus grand confort en posant le bras droit sur la guitare en position de jeu.<\/p>\n<p>\u00c9tant une table avec barrage \u00ab\u00a0lattice\u00a0\u00bb l&rsquo;instrument a une grande puissance, un son plein, riche et naturel qui est produit avec un minimum d&rsquo;effort de la part du joueur.<\/p>\n<p>Plusieurs concertistes notable jouent sur ses instruments, notamment Marco Tamayo et Anabel Montesinos.<\/p>\n","protected":false},"excerpt":{"rendered":"<p>Direct de San Jose Costa Rica !!!<\/p>\n<p>Mod\u00e8le Master Concierto du luthier Guillermo Porras Salazar<\/p>\n<p>Basse profonde est chaude, aigus p\u00e9tillante, beaucoup de sustain&#8230;<\/p>\n<p>Manche\/action tr\u00e8s facile \u00e0 jouer avec projection de niveau concert<\/p>\n<p>Excellente trouvaille !!<\/p>\n","protected":false},"featured_media":27734,"comment_status":"closed","ping_status":"closed","template":"","meta":{"_mo_disable_npp":""},"product_brand":[],"product_cat":[1058,1057],"product_tag":[],"class_list":{"0":"post-27722","1":"product","2":"type-product","3":"status-publish","4":"has-post-thumbnail","6":"product_cat-guitares","7":"product_cat-guitares-classique","8":"sales-flash-overlay","9":"woocommerce-text-align-left","10":"woocommerce-image-align-center","11":"do-quantity-buttons","12":"wc-has-gallery","14":"first","15":"outofstock","16":"taxable","17":"shipping-taxable","18":"product-type-simple"},"_links":{"self":[{"href":"https:\/\/www.grandsalondeguitare.com\/fr\/wp-json\/wp\/v2\/product\/27722","targetHints":{"allow":["GET"]}}],"collection":[{"href":"https:\/\/www.grandsalondeguitare.com\/fr\/wp-json\/wp\/v2\/product"}],"about":[{"href":"https:\/\/www.grandsalondeguitare.com\/fr\/wp-json\/wp\/v2\/types\/product"}],"replies":[{"embeddable":true,"href":"https:\/\/www.grandsalondeguitare.com\/fr\/wp-json\/wp\/v2\/comments?post=27722"}],"wp:featuredmedia":[{"embeddable":true,"href":"https:\/\/www.grandsalondeguitare.com\/fr\/wp-json\/wp\/v2\/media\/27734"}],"wp:attachment":[{"href":"https:\/\/www.grandsalondeguitare.com\/fr\/wp-json\/wp\/v2\/media?parent=27722"}],"wp:term":[{"taxonomy":"product_brand","embeddable":true,"href":"https:\/\/www.grandsalondeguitare.com\/fr\/wp-json\/wp\/v2\/product_brand?post=27722"},{"taxonomy":"product_cat","embeddable":true,"href":"https:\/\/www.grandsalondeguitare.com\/fr\/wp-json\/wp\/v2\/product_cat?post=27722"},{"taxonomy":"product_tag","embeddable":true,"href":"https:\/\/www.grandsalondeguitare.com\/fr\/wp-json\/wp\/v2\/product_tag?post=27722"}],"curies":[{"name":"wp","href":"https:\/\/api.w.org\/{rel}","templated":true}]}}