{"id":27666,"date":"2022-11-29T18:18:18","date_gmt":"2022-11-29T23:18:18","guid":{"rendered":"https:\/\/www.grandsalondeguitare.com\/?post_type=product&#038;p=27666"},"modified":"2023-03-27T08:33:41","modified_gmt":"2023-03-27T13:33:41","slug":"c-663-sergei-de-jonge-canada","status":"publish","type":"product","link":"https:\/\/www.grandsalondeguitare.com\/fr\/produit\/c-663-sergei-de-jonge-canada\/","title":{"rendered":"C-663, Sergei De Jonge (Canada)"},"content":{"rendered":"<p>Nouvelle guitare classique de concertgoer gaucher !!!<\/p>\n<p>Fabriqu\u00e9 en 2022<\/p>\n<p>\u00c9chelle courte de 630 mm avec sillet de 51 mm<\/p>\n<p>Table en c\u00e8dre<\/p>\n<p>Dos &amp; \u00e9clisses en Ziricote<\/p>\n<p>Manche en acajou du Honduras<\/p>\n<p>Touche en \u00e9b\u00e8ne avec 20\u00e8me frette<\/p>\n<p>Frettes Evo<\/p>\n<p>Pont et placage de la t\u00eate en Ziricote<\/p>\n<p>Rosace en \u00e9rable \u00e9clabouss\u00e9<\/p>\n<p>M\u00e9caniques Schertler<\/p>\n<p>Finition au tampon en polis Fran\u00e7ais<\/p>\n<p>\u00c9tui rigide inclus<\/p>\n<p>La longueur totale de la guitare est de 98 cm \/ 38,58 pouces<\/p>\n<p>La longueur du corps est de 48 cm \/ 18,8976 pouces<\/p>\n<p>Le bout sup\u00e9rieur est de 27,5 cm \/ 10,82677 pouces<\/p>\n<p>Le bout inf\u00e9rieur est de 37 cm \/ 14,5669 pouces<\/p>\n<p>La largeur du corps est de 9,5 cm \/ 3,74 pouces<\/p>\n<p>Le poids de la guitare est de 1,50 kg \/ 3,30 lb<\/p>\n","protected":false},"excerpt":{"rendered":"[youtube v=M0TJRfqLUpc maxwidth=\"800px\"]\n<p>&nbsp;<\/p>\n<p>Nouvelle guitare pour gaucher !!!<\/p>\n<p>Echelle courte de 630mm !!!<\/p>\n<p>Par le grand luthier Canadien Sergei De Jonge !!!<\/p>\n<p>&nbsp;<\/p>\n<p>&nbsp;<\/p>\n","protected":false},"featured_media":27668,"comment_status":"closed","ping_status":"closed","template":"","meta":{"_mo_disable_npp":""},"product_brand":[],"product_cat":[1058,1057],"product_tag":[1141,1851,1229,1852],"class_list":{"0":"post-27666","1":"product","2":"type-product","3":"status-publish","4":"has-post-thumbnail","6":"product_cat-guitares","7":"product_cat-guitares-classique","8":"product_tag-concert-classical-guitars-in-montreal-canada-fr","9":"product_tag-left-handed-classical-guitar-fr","10":"product_tag-sergei-de-jonge-luthier-fr","11":"product_tag-short-scale-left-handed-guitar-fr","12":"sales-flash-overlay","13":"woocommerce-text-align-left","14":"woocommerce-image-align-center","15":"do-quantity-buttons","16":"wc-has-gallery","18":"first","19":"instock","20":"sold-individually","21":"taxable","22":"shipping-taxable","23":"purchasable","24":"product-type-simple"},"_links":{"self":[{"href":"https:\/\/www.grandsalondeguitare.com\/fr\/wp-json\/wp\/v2\/product\/27666","targetHints":{"allow":["GET"]}}],"collection":[{"href":"https:\/\/www.grandsalondeguitare.com\/fr\/wp-json\/wp\/v2\/product"}],"about":[{"href":"https:\/\/www.grandsalondeguitare.com\/fr\/wp-json\/wp\/v2\/types\/product"}],"replies":[{"embeddable":true,"href":"https:\/\/www.grandsalondeguitare.com\/fr\/wp-json\/wp\/v2\/comments?post=27666"}],"wp:featuredmedia":[{"embeddable":true,"href":"https:\/\/www.grandsalondeguitare.com\/fr\/wp-json\/wp\/v2\/media\/27668"}],"wp:attachment":[{"href":"https:\/\/www.grandsalondeguitare.com\/fr\/wp-json\/wp\/v2\/media?parent=27666"}],"wp:term":[{"taxonomy":"product_brand","embeddable":true,"href":"https:\/\/www.grandsalondeguitare.com\/fr\/wp-json\/wp\/v2\/product_brand?post=27666"},{"taxonomy":"product_cat","embeddable":true,"href":"https:\/\/www.grandsalondeguitare.com\/fr\/wp-json\/wp\/v2\/product_cat?post=27666"},{"taxonomy":"product_tag","embeddable":true,"href":"https:\/\/www.grandsalondeguitare.com\/fr\/wp-json\/wp\/v2\/product_tag?post=27666"}],"curies":[{"name":"wp","href":"https:\/\/api.w.org\/{rel}","templated":true}]}}