{"id":27629,"date":"2022-11-29T11:47:29","date_gmt":"2022-11-29T16:47:29","guid":{"rendered":"https:\/\/www.grandsalondeguitare.com\/?post_type=product&#038;p=27629"},"modified":"2022-11-29T12:54:24","modified_gmt":"2022-11-29T17:54:24","slug":"c-485-esteve-octave-bass-espagne-copy","status":"publish","type":"product","link":"https:\/\/www.grandsalondeguitare.com\/fr\/produit\/c-485-esteve-octave-bass-espagne-copy\/","title":{"rendered":"C-662, Esteve Baritone Quint Bass"},"content":{"rendered":"<p>Francisco Esteve (Espagne)<\/p>\n<p>Nouveau mod\u00e8le<\/p>\n<p>\u00a0\u00bb Baryton Quint Bass \u00a0\u00bb (6 cordes)<\/p>\n<p>Longueur d&rsquo;\u00e9chelle de 700 mm<\/p>\n<p>Table en c\u00e8dre rouge<\/p>\n<p>Dos et \u00e9clisses en palissandre indien (tous massifs)<\/p>\n<p>Manche en c\u00e8dre renforc\u00e9 avec insert en \u00e9b\u00e8ne<\/p>\n<p>Touche en \u00e9b\u00e8ne<\/p>\n<p>M\u00e9caniques Der Jung<\/p>\n<p>Finition laqu\u00e9e<\/p>\n<p>\u00c9tui en cuir fait \u00e0 la main inclus<\/p>\n<p>&nbsp;<\/p>\n<p>Quint Baryton Bass est :<\/p>\n<p>1 \u00a0octave plus bas qu&rsquo;une guitare Alto<\/p>\n<p>1 quart de moins qu&rsquo;une guitare standard<\/p>\n<p>1 quint plus haut que la guitare contrebasse<\/p>\n<p>&nbsp;<\/p>\n<p>Le poids de la guitare est de 1,85 kg \/ 4,07 lb<\/p>\n<p>Largeur du bout sup\u00e9rieur 29,8 cm \/ 11,73 pouces<\/p>\n<p>Largeur du bout inf\u00e9rieur 40 cm \/ 15,748 pouces<\/p>\n<p>Profondeur du corps 11,5 cm \/ 4,527 pouces<\/p>\n<p>Longueur totale 105 cm \/ 41,33 pouces<\/p>\n<p>&nbsp;<\/p>\n<p>Accordage :<\/p>\n<p>1- Si\u00a0<\/p>\n<p>2- Fa#<\/p>\n<p>3- R\u00e9\u00a0<\/p>\n<p>4-\u00a0La\u00a0<\/p>\n<p>5- Mi\u00a0<\/p>\n<p>6- Si<\/p>\n","protected":false},"excerpt":{"rendered":"<p>Francisco Esteve (Espagne) Nouveau mod\u00e8le \u00a0\u00bb Baryton Quint Bass \u00a0\u00bb (6 cordes) Longueur d&rsquo;\u00e9chelle de 700 mm Table en c\u00e8dre rouge Dos et \u00e9clisses en palissandre indien (tous massifs) Manche en c\u00e8dre renforc\u00e9 avec insert en \u00e9b\u00e8ne Touche en \u00e9b\u00e8ne M\u00e9caniques Der Jung Finition laqu\u00e9e \u00c9tui en cuir fait \u00e0 la main inclus &nbsp; Quint &#8230; <a title=\"C-662, Esteve Baritone Quint Bass\" class=\"read-more\" href=\"https:\/\/www.grandsalondeguitare.com\/fr\/produit\/c-485-esteve-octave-bass-espagne-copy\/\" aria-label=\"En savoir plus sur C-662, Esteve Baritone Quint Bass\">Lire la suite<\/a><\/p>\n","protected":false},"featured_media":27631,"comment_status":"closed","ping_status":"closed","template":"","meta":{"_mo_disable_npp":""},"product_brand":[],"product_cat":[1058,1057],"product_tag":[1762],"class_list":{"0":"post-27629","1":"product","2":"type-product","3":"status-publish","4":"has-post-thumbnail","6":"product_cat-guitares","7":"product_cat-guitares-classique","8":"product_tag-esteve-octave-bass-6-string-fr","9":"sales-flash-overlay","10":"woocommerce-text-align-left","11":"woocommerce-image-align-center","12":"do-quantity-buttons","13":"wc-has-gallery","15":"first","16":"outofstock","17":"taxable","18":"shipping-taxable","19":"product-type-simple"},"_links":{"self":[{"href":"https:\/\/www.grandsalondeguitare.com\/fr\/wp-json\/wp\/v2\/product\/27629","targetHints":{"allow":["GET"]}}],"collection":[{"href":"https:\/\/www.grandsalondeguitare.com\/fr\/wp-json\/wp\/v2\/product"}],"about":[{"href":"https:\/\/www.grandsalondeguitare.com\/fr\/wp-json\/wp\/v2\/types\/product"}],"replies":[{"embeddable":true,"href":"https:\/\/www.grandsalondeguitare.com\/fr\/wp-json\/wp\/v2\/comments?post=27629"}],"wp:featuredmedia":[{"embeddable":true,"href":"https:\/\/www.grandsalondeguitare.com\/fr\/wp-json\/wp\/v2\/media\/27631"}],"wp:attachment":[{"href":"https:\/\/www.grandsalondeguitare.com\/fr\/wp-json\/wp\/v2\/media?parent=27629"}],"wp:term":[{"taxonomy":"product_brand","embeddable":true,"href":"https:\/\/www.grandsalondeguitare.com\/fr\/wp-json\/wp\/v2\/product_brand?post=27629"},{"taxonomy":"product_cat","embeddable":true,"href":"https:\/\/www.grandsalondeguitare.com\/fr\/wp-json\/wp\/v2\/product_cat?post=27629"},{"taxonomy":"product_tag","embeddable":true,"href":"https:\/\/www.grandsalondeguitare.com\/fr\/wp-json\/wp\/v2\/product_tag?post=27629"}],"curies":[{"name":"wp","href":"https:\/\/api.w.org\/{rel}","templated":true}]}}