{"id":27573,"date":"2022-11-18T16:21:28","date_gmt":"2022-11-18T21:21:28","guid":{"rendered":"https:\/\/www.grandsalondeguitare.com\/?post_type=product&#038;p=27573"},"modified":"2026-04-12T15:59:53","modified_gmt":"2026-04-12T20:59:53","slug":"a-301-knobloch-edq-34-0-qz-nylon-copy-5","status":"publish","type":"product","link":"https:\/\/www.grandsalondeguitare.com\/fr\/produit\/a-301-knobloch-edq-34-0-qz-nylon-copy-5\/","title":{"rendered":"A-301, Knobloch EDQ 33.5 QZ-Nylon"},"content":{"rendered":"<p><strong>ERITHACUS Double Silver<\/strong><\/p>\n<p>EDQ 33.5 Tension Moyenne<\/p>\n<p><strong>CORDES DE BASSE\u00a0:<\/strong>\u00a0ER Double Silver, Naturel \u00b7 Rond<\/p>\n<p><strong>CORDES AIGU\u00cbS :<\/strong> QZ Nylon, Mellow &amp; Round<\/p>\n<p>Les guitaristes trouveront que cet ensemble offre une douceur chaleureuse avec plus de tranchant que lorsqu&rsquo;il est associ\u00e9 aux cordes SN Nylon.<\/p>\n<p><strong>Combinaison sonore\u00a0:<\/strong><\/p>\n<p>Les aigus purs et riches en nylon QZ se m\u00e9langent au son naturel et rond de l&rsquo;ER Double Silver.<br \/>\nLe r\u00e9sultat est un son naturel, stable et sensuel.<\/p>\n<p><strong>Caract\u00e9ristiques:<\/strong><\/p>\n<p>Son homog\u00e8ne et doux entre les graves et les aigus<br \/>\nRond, naturel et moelleux<\/p>\n<p><strong>Jouabilit\u00e9\u00a0:<\/strong><\/p>\n<p>Ensemble bien \u00e9quilibr\u00e9, facile \u00e0 jouer \u00e0 la fois \u00e0 la main gauche et \u00e0 la main droite<\/p>\n<p>La ligne <strong>ERITHACUS<\/strong> est cr\u00e9\u00e9e pour les guitaristes qui ont besoin d&rsquo;un son naturel, chaud et rond avec une intonation impeccable, une durabilit\u00e9 et une grande jouabilit\u00e9.<\/p>\n<p>Ces cordes sont polyvalentes et encore plus chaudes que la ligne Actives originale.<\/p>\n<p><img decoding=\"async\" src=\"https:\/\/static.wixstatic.com\/media\/27345e_d00b486287be49a3aea7cc5e7052eb36~mv2.jpg\/v1\/fill\/w_989,h_699,al_c,q_85,usm_0.66_1.00_0.01\/27345e_d00b486287be49a3aea7cc5e7052eb36~mv2.jpg\" \/><\/p>\n","protected":false},"excerpt":{"rendered":"<p><strong>ERITHACUS Double Silver<\/strong><\/p>\n<p><strong>EDQ 33.5 Medium Tension<\/strong><\/p>\n<p><strong>QZ-Nylon<\/strong><\/p>\n","protected":false},"featured_media":27574,"comment_status":"closed","ping_status":"closed","template":"","meta":{"_mo_disable_npp":""},"product_brand":[],"product_cat":[1052,1054],"product_tag":[],"class_list":{"0":"post-27573","1":"product","2":"type-product","3":"status-publish","4":"has-post-thumbnail","6":"product_cat-accessoires","7":"product_cat-cordes","8":"sales-flash-overlay","9":"woocommerce-text-align-left","10":"woocommerce-image-align-center","11":"do-quantity-buttons","13":"first","14":"instock","15":"taxable","16":"shipping-taxable","17":"purchasable","18":"product-type-simple"},"_links":{"self":[{"href":"https:\/\/www.grandsalondeguitare.com\/fr\/wp-json\/wp\/v2\/product\/27573","targetHints":{"allow":["GET"]}}],"collection":[{"href":"https:\/\/www.grandsalondeguitare.com\/fr\/wp-json\/wp\/v2\/product"}],"about":[{"href":"https:\/\/www.grandsalondeguitare.com\/fr\/wp-json\/wp\/v2\/types\/product"}],"replies":[{"embeddable":true,"href":"https:\/\/www.grandsalondeguitare.com\/fr\/wp-json\/wp\/v2\/comments?post=27573"}],"wp:featuredmedia":[{"embeddable":true,"href":"https:\/\/www.grandsalondeguitare.com\/fr\/wp-json\/wp\/v2\/media\/27574"}],"wp:attachment":[{"href":"https:\/\/www.grandsalondeguitare.com\/fr\/wp-json\/wp\/v2\/media?parent=27573"}],"wp:term":[{"taxonomy":"product_brand","embeddable":true,"href":"https:\/\/www.grandsalondeguitare.com\/fr\/wp-json\/wp\/v2\/product_brand?post=27573"},{"taxonomy":"product_cat","embeddable":true,"href":"https:\/\/www.grandsalondeguitare.com\/fr\/wp-json\/wp\/v2\/product_cat?post=27573"},{"taxonomy":"product_tag","embeddable":true,"href":"https:\/\/www.grandsalondeguitare.com\/fr\/wp-json\/wp\/v2\/product_tag?post=27573"}],"curies":[{"name":"wp","href":"https:\/\/api.w.org\/{rel}","templated":true}]}}